{"id":168,"date":"2015-06-20T08:16:15","date_gmt":"2015-06-20T07:16:15","guid":{"rendered":"http:\/\/www.cf-romandie.ch\/ncfrom\/?page_id=168"},"modified":"2025-12-07T14:38:59","modified_gmt":"2025-12-07T13:38:59","slug":"intervisions","status":"publish","type":"page","link":"https:\/\/www.cf-romandie.ch\/ncfrom\/formation\/intervisions","title":{"rendered":"Analyse de pratique"},"content":{"rendered":"\t\t<div data-elementor-type=\"wp-page\" data-elementor-id=\"168\" class=\"elementor elementor-168\" data-elementor-post-type=\"page\">\n\t\t\t\t\t\t<section class=\"elementor-section elementor-top-section elementor-element elementor-element-2bbad8f elementor-section-boxed elementor-section-height-default elementor-section-height-default\" data-id=\"2bbad8f\" data-element_type=\"section\" data-e-type=\"section\" data-settings=\"{&quot;background_background&quot;:&quot;classic&quot;}\">\n\t\t\t\t\t\t<div class=\"elementor-container elementor-column-gap-default\">\n\t\t\t\t\t<div class=\"elementor-column elementor-col-100 elementor-top-column elementor-element elementor-element-ac07117\" data-id=\"ac07117\" data-element_type=\"column\" data-e-type=\"column\">\n\t\t\t<div class=\"elementor-widget-wrap elementor-element-populated\">\n\t\t\t\t\t\t<section class=\"elementor-section elementor-inner-section elementor-element elementor-element-00ff0d5 elementor-section-height-min-height elementor-section-boxed elementor-section-height-default\" data-id=\"00ff0d5\" data-element_type=\"section\" data-e-type=\"section\">\n\t\t\t\t\t\t<div class=\"elementor-container elementor-column-gap-default\">\n\t\t\t\t\t<div class=\"elementor-column elementor-col-50 elementor-inner-column elementor-element elementor-element-927655e\" data-id=\"927655e\" data-element_type=\"column\" data-e-type=\"column\">\n\t\t\t<div class=\"elementor-widget-wrap elementor-element-populated\">\n\t\t\t\t\t\t<div class=\"elementor-element elementor-element-40b589c elementor-widget elementor-widget-heading\" data-id=\"40b589c\" data-element_type=\"widget\" data-e-type=\"widget\" data-widget_type=\"heading.default\">\n\t\t\t\t<div class=\"elementor-widget-container\">\n\t\t\t\t\t<h4 class=\"elementor-heading-title elementor-size-default\">Analyse de pratique en groupe<\/h4>\t\t\t\t<\/div>\n\t\t\t\t<\/div>\n\t\t\t\t\t<\/div>\n\t\t<\/div>\n\t\t\t\t<div class=\"elementor-column elementor-col-50 elementor-inner-column elementor-element elementor-element-388f71e\" data-id=\"388f71e\" data-element_type=\"column\" data-e-type=\"column\">\n\t\t\t<div class=\"elementor-widget-wrap elementor-element-populated\">\n\t\t\t\t\t\t<div class=\"elementor-element elementor-element-a3d33e4 elementor-widget elementor-widget-raven-search-form\" data-id=\"a3d33e4\" data-element_type=\"widget\" data-e-type=\"widget\" data-settings=\"{&quot;_skin&quot;:&quot;classic&quot;}\" data-widget_type=\"raven-search-form.classic\">\n\t\t\t\t<div class=\"elementor-widget-container\">\n\t\t\t\t\t\t\t<form class=\"raven-search-form raven-search-form-classic\" method=\"get\" action=\"https:\/\/www.cf-romandie.ch\/ncfrom\/\" role=\"search\">\n\t\t\t<div class=\"raven-search-form-container\">\n\t\t\t\t<div class=\"raven-search-form-inner\">\n\t\t\t\t\t<label class=\"elementor-screen-only\" for=\"raven-search-form-input\">Search<\/label>\n\t\t\t\t\t<input id=\"raven-search-form-input\" class=\"raven-search-form-input\" type=\"search\" name=\"s\" placeholder=\"Rechercher...\" \/>\n\t\t\t\t\t\t\t\t\t\t\t\t\t\t\t\t\t\t<button class=\"raven-search-form-button raven-search-form-button-svg\" type=\"submit\" aria-label=\"Search\">\n\t\t\t\t\t\t\t\t\t<i class=\"fas fa-search\"><\/i>\t\t\t\t\t\t\t\t<\/button>\n\t\t\t\t\t\t\t\t\t\t\t\t\t\t\t\t\t<\/div>\n\t\t\t<\/div>\n\t\t<\/form>\n\t\t\t\t\t\t<\/div>\n\t\t\t\t<\/div>\n\t\t\t\t\t<\/div>\n\t\t<\/div>\n\t\t\t\t\t<\/div>\n\t\t<\/section>\n\t\t\t\t\t<\/div>\n\t\t<\/div>\n\t\t\t\t\t<\/div>\n\t\t<\/section>\n\t\t\t\t<section class=\"elementor-section elementor-top-section elementor-element elementor-element-7b2c74b elementor-section-full_width elementor-section-height-default elementor-section-height-default\" data-id=\"7b2c74b\" data-element_type=\"section\" data-e-type=\"section\" data-settings=\"{&quot;background_background&quot;:&quot;classic&quot;}\">\n\t\t\t\t\t\t<div class=\"elementor-container elementor-column-gap-default\">\n\t\t\t\t\t<div class=\"elementor-column elementor-col-100 elementor-top-column elementor-element elementor-element-9fee255\" data-id=\"9fee255\" data-element_type=\"column\" data-e-type=\"column\">\n\t\t\t<div class=\"elementor-widget-wrap elementor-element-populated\">\n\t\t\t\t\t\t<section class=\"elementor-section elementor-inner-section elementor-element elementor-element-8450f9e elementor-section-boxed elementor-section-height-default elementor-section-height-default\" data-id=\"8450f9e\" data-element_type=\"section\" data-e-type=\"section\">\n\t\t\t\t\t\t<div class=\"elementor-container elementor-column-gap-default\">\n\t\t\t\t\t<div class=\"elementor-column elementor-col-100 elementor-inner-column elementor-element elementor-element-8ff9590\" data-id=\"8ff9590\" data-element_type=\"column\" data-e-type=\"column\">\n\t\t\t<div class=\"elementor-widget-wrap elementor-element-populated\">\n\t\t\t\t\t\t<div class=\"elementor-element elementor-element-f921748 elementor-align-center elementor-widget elementor-widget-raven-breadcrumbs\" data-id=\"f921748\" data-element_type=\"widget\" data-e-type=\"widget\" data-widget_type=\"raven-breadcrumbs.default\">\n\t\t\t\t<div class=\"elementor-widget-container\">\n\t\t\t\t\t<div class=\"raven-breadcrumbs raven-breadcrumbs-default\"><div class=\"breadcrumb\">\t\t\t\t\t\t\t\t<div class=\"breadcrumb-item active\" aria-current=\"page\"><span>Home<\/span><\/div>\n\n\t\t\t\t<\/div><\/div>\t\t\t\t<\/div>\n\t\t\t\t<\/div>\n\t\t\t\t\t<\/div>\n\t\t<\/div>\n\t\t\t\t\t<\/div>\n\t\t<\/section>\n\t\t\t\t<div class=\"elementor-element elementor-element-b1c3d58 elementor-nav-menu--dropdown-tablet elementor-nav-menu__text-align-aside elementor-nav-menu--toggle elementor-nav-menu--burger elementor-widget elementor-widget-nav-menu\" data-id=\"b1c3d58\" data-element_type=\"widget\" data-e-type=\"widget\" data-settings=\"{&quot;layout&quot;:&quot;horizontal&quot;,&quot;submenu_icon&quot;:{&quot;value&quot;:&quot;&lt;i class=\\&quot;fas fa-caret-down\\&quot; aria-hidden=\\&quot;true\\&quot;&gt;&lt;\\\/i&gt;&quot;,&quot;library&quot;:&quot;fa-solid&quot;},&quot;toggle&quot;:&quot;burger&quot;}\" data-widget_type=\"nav-menu.default\">\n\t\t\t\t<div class=\"elementor-widget-container\">\n\t\t\t\t\t\t\t\t<nav aria-label=\"Menu\" class=\"elementor-nav-menu--main elementor-nav-menu__container elementor-nav-menu--layout-horizontal e--pointer-none\">\n\t\t\t\t<ul id=\"menu-1-b1c3d58\" class=\"elementor-nav-menu\"><li class=\"menu-item menu-item-type-post_type menu-item-object-page menu-item-1946\"><a href=\"https:\/\/www.cf-romandie.ch\/ncfrom\/formation\" class=\"elementor-item\">Formation<\/a><\/li>\n<li class=\"menu-item menu-item-type-post_type menu-item-object-page menu-item-1948\"><a href=\"https:\/\/www.cf-romandie.ch\/ncfrom\/formation\/formation-de-base\" class=\"elementor-item\">Formation de base<\/a><\/li>\n<li class=\"menu-item menu-item-type-post_type menu-item-object-page menu-item-1947\"><a href=\"https:\/\/www.cf-romandie.ch\/ncfrom\/formation\/ateliers-pratiques\" class=\"elementor-item\">Ateliers pratiques<\/a><\/li>\n<li class=\"menu-item menu-item-type-post_type menu-item-object-page menu-item-1949\"><a href=\"https:\/\/www.cf-romandie.ch\/ncfrom\/formation\/intervisions\" class=\"elementor-item\">Analyse de pratique<\/a><\/li>\n<li class=\"menu-item menu-item-type-post_type menu-item-object-page menu-item-9573\"><a href=\"https:\/\/www.cf-romandie.ch\/ncfrom\/formation\/charte-du-facilitant-2\" class=\"elementor-item\">Charte du facilitant<\/a><\/li>\n<li class=\"menu-item menu-item-type-post_type menu-item-object-page menu-item-3985\"><a href=\"https:\/\/www.cf-romandie.ch\/ncfrom\/formation\/memoires-certification\" class=\"elementor-item\">M\u00e9moires de certification<\/a><\/li>\n<\/ul>\t\t\t<\/nav>\n\t\t\t\t\t<div class=\"elementor-menu-toggle\" role=\"button\" tabindex=\"0\" aria-label=\"Permuter le menu\" aria-expanded=\"false\">\n\t\t\t<i aria-hidden=\"true\" role=\"presentation\" class=\"elementor-menu-toggle__icon--open eicon-menu-bar\"><\/i><i aria-hidden=\"true\" role=\"presentation\" class=\"elementor-menu-toggle__icon--close eicon-close\"><\/i>\t\t<\/div>\n\t\t\t\t\t<nav class=\"elementor-nav-menu--dropdown elementor-nav-menu__container\" aria-hidden=\"true\">\n\t\t\t\t<ul id=\"menu-2-b1c3d58\" class=\"elementor-nav-menu\"><li class=\"menu-item menu-item-type-post_type menu-item-object-page menu-item-1946\"><a href=\"https:\/\/www.cf-romandie.ch\/ncfrom\/formation\" class=\"elementor-item\" tabindex=\"-1\">Formation<\/a><\/li>\n<li class=\"menu-item menu-item-type-post_type menu-item-object-page menu-item-1948\"><a href=\"https:\/\/www.cf-romandie.ch\/ncfrom\/formation\/formation-de-base\" class=\"elementor-item\" tabindex=\"-1\">Formation de base<\/a><\/li>\n<li class=\"menu-item menu-item-type-post_type menu-item-object-page menu-item-1947\"><a href=\"https:\/\/www.cf-romandie.ch\/ncfrom\/formation\/ateliers-pratiques\" class=\"elementor-item\" tabindex=\"-1\">Ateliers pratiques<\/a><\/li>\n<li class=\"menu-item menu-item-type-post_type menu-item-object-page menu-item-1949\"><a href=\"https:\/\/www.cf-romandie.ch\/ncfrom\/formation\/intervisions\" class=\"elementor-item\" tabindex=\"-1\">Analyse de pratique<\/a><\/li>\n<li class=\"menu-item menu-item-type-post_type menu-item-object-page menu-item-9573\"><a href=\"https:\/\/www.cf-romandie.ch\/ncfrom\/formation\/charte-du-facilitant-2\" class=\"elementor-item\" tabindex=\"-1\">Charte du facilitant<\/a><\/li>\n<li class=\"menu-item menu-item-type-post_type menu-item-object-page menu-item-3985\"><a href=\"https:\/\/www.cf-romandie.ch\/ncfrom\/formation\/memoires-certification\" class=\"elementor-item\" tabindex=\"-1\">M\u00e9moires de certification<\/a><\/li>\n<\/ul>\t\t\t<\/nav>\n\t\t\t\t\t\t<\/div>\n\t\t\t\t<\/div>\n\t\t\t\t\t<\/div>\n\t\t<\/div>\n\t\t\t\t\t<\/div>\n\t\t<\/section>\n\t\t\t\t<section class=\"elementor-section elementor-top-section elementor-element elementor-element-77bbdc0 elementor-section-boxed elementor-section-height-default elementor-section-height-default\" data-id=\"77bbdc0\" data-element_type=\"section\" data-e-type=\"section\">\n\t\t\t\t\t\t<div class=\"elementor-container elementor-column-gap-default\">\n\t\t\t\t\t<div class=\"elementor-column elementor-col-100 elementor-top-column elementor-element elementor-element-690ac64\" data-id=\"690ac64\" data-element_type=\"column\" data-e-type=\"column\">\n\t\t\t<div class=\"elementor-widget-wrap elementor-element-populated\">\n\t\t\t\t\t\t<div class=\"elementor-element elementor-element-f8cd79d elementor-widget elementor-widget-spacer\" data-id=\"f8cd79d\" data-element_type=\"widget\" data-e-type=\"widget\" data-widget_type=\"spacer.default\">\n\t\t\t\t<div class=\"elementor-widget-container\">\n\t\t\t\t\t\t\t<div class=\"elementor-spacer\">\n\t\t\t<div class=\"elementor-spacer-inner\"><\/div>\n\t\t<\/div>\n\t\t\t\t\t\t<\/div>\n\t\t\t\t<\/div>\n\t\t\t\t<div class=\"elementor-element elementor-element-a99fea7 elementor-widget elementor-widget-text-editor\" data-id=\"a99fea7\" data-element_type=\"widget\" data-e-type=\"widget\" data-widget_type=\"text-editor.default\">\n\t\t\t\t<div class=\"elementor-widget-container\">\n\t\t\t\t\t\t\t\t\t<h2>Analyse de pratique en groupe pour les facilitants d\u00e8s le niveau 2 du cursus de formation en CF\/Psychophanie<\/h2>\t\t\t\t\t\t\t\t<\/div>\n\t\t\t\t<\/div>\n\t\t\t\t\t<\/div>\n\t\t<\/div>\n\t\t\t\t\t<\/div>\n\t\t<\/section>\n\t\t\t\t<section class=\"elementor-section elementor-top-section elementor-element elementor-element-2cb1454 elementor-section-boxed elementor-section-height-default elementor-section-height-default\" data-id=\"2cb1454\" data-element_type=\"section\" data-e-type=\"section\">\n\t\t\t\t\t\t<div class=\"elementor-container elementor-column-gap-default\">\n\t\t\t\t\t<div class=\"elementor-column elementor-col-100 elementor-top-column elementor-element elementor-element-466cd7e\" data-id=\"466cd7e\" data-element_type=\"column\" data-e-type=\"column\">\n\t\t\t<div class=\"elementor-widget-wrap elementor-element-populated\">\n\t\t\t\t\t\t<div class=\"elementor-element elementor-element-f4e21d3 elementor-widget elementor-widget-text-editor\" data-id=\"f4e21d3\" data-element_type=\"widget\" data-e-type=\"widget\" data-widget_type=\"text-editor.default\">\n\t\t\t\t<div class=\"elementor-widget-container\">\n\t\t\t\t\t\t\t\t\t<p align=\"justify\">Une personne en cours de formation et qui d\u00e9sire pratiquer la CF\/Psychophanie\u00a0est tenue de participer\u00a0r\u00e9guli\u00e8rement aux rencontres <strong>d&rsquo;analyse de pratique en groupe\u00a0<\/strong>(appel\u00e9es auparavant \u00ab\u00a0<strong>intervisions<\/strong>\u00ab\u00a0) , ceci d\u00e8s qu\u2019elle a compl\u00e9t\u00e9 le Module 3 du Niveau 2 de la formation (anciennement CF3) : la Charte \u00e9thique qu&rsquo;elle a sign\u00e9e\u00a0l&rsquo;y engage. Cette participation devient facultative d\u00e8s lors que la personne est certifi\u00e9e, \u00e0 savoir qu\u2019elle a termin\u00e9 son cursus de formation, qu\u2019elle a \u00e9crit, pr\u00e9sent\u00e9 et d\u00e9fendu son travail de m\u00e9moire et que celui-ci a \u00e9t\u00e9 valid\u00e9 par le Comit\u00e9 d\u2019\u00e9thique de l\u2019Organisme de formation Formaphanie.<\/p>\t\t\t\t\t\t\t\t<\/div>\n\t\t\t\t<\/div>\n\t\t\t\t\t<\/div>\n\t\t<\/div>\n\t\t\t\t\t<\/div>\n\t\t<\/section>\n\t\t\t\t<section class=\"elementor-section elementor-top-section elementor-element elementor-element-d9ec9ff elementor-section-boxed elementor-section-height-default elementor-section-height-default\" data-id=\"d9ec9ff\" data-element_type=\"section\" data-e-type=\"section\">\n\t\t\t\t\t\t<div class=\"elementor-container elementor-column-gap-default\">\n\t\t\t\t\t<div class=\"elementor-column elementor-col-100 elementor-top-column elementor-element elementor-element-4e20f80\" data-id=\"4e20f80\" data-element_type=\"column\" data-e-type=\"column\">\n\t\t\t<div class=\"elementor-widget-wrap elementor-element-populated\">\n\t\t\t\t\t\t<div class=\"elementor-element elementor-element-732d2fe elementor-widget elementor-widget-text-editor\" data-id=\"732d2fe\" data-element_type=\"widget\" data-e-type=\"widget\" data-widget_type=\"text-editor.default\">\n\t\t\t\t<div class=\"elementor-widget-container\">\n\t\t\t\t\t\t\t\t\t<h5>Par Zoom<\/h5>\n<div style=\"margin-left: 30px;\">\n<p align=\"left\"><strong>Date et heures<\/strong> :<\/p>\n\n<div style=\"margin-left: 30px;\">\n<ul>\n   <li>Mercredi 4 mars 2026, de 19h30 \u00e0 21h30<\/li>\n   <li>Mercredi 28 octobre 2026, de 19h30 \u00e0 21h30<\/li>\n<\/ul>\n<\/div>\n<div style=\"margin-top: 30px;\"><\/div>\n<p align=\"left\"><strong>Organisation et inscription :<\/strong><\/p>\n\n<div style=\"margin-left: 30px;\">\n<p align=\"left\">Aline <strong>Allamand<\/strong><\/p>\n\n<div style=\"margin-left: 60px;\">\n<p align=\"left\"><i class=\"fa fa-phone fa-1x\"><\/i> : 0041 (0)78 728 97 93<\/p>\n<p align=\"left\"><i class=\"fa fa-envelope-square fa-1x\"><\/i> : <a href=\"mailto:gdcaline@gmail.com\">gdcaline@gmail.com<\/a><\/p>\n\n<\/div>\n<\/div>\n<\/div>\n<div style=\"margin-top: 50px;\"><\/div>\n<h5>En pr\u00e9sentiel<\/h5>\n<div style=\"margin-left: 30px;\">\n<p align=\"left\"><strong>Date et heures<\/strong> :<\/p>\n\n<div style=\"margin-left: 30px;\">\n\nNouvelle date \u00e0 d\u00e9terminer\n<div style=\"margin-top: 30px;\"><\/div>\n<\/div>\n<strong>Lieu<\/strong> :\n<div style=\"margin-left: 30px;\">\n<p align=\"left\">A d\u00e9finir<\/p>\n\n<\/div>\n<div style=\"margin-top: 30px;\"><\/div>\n<div style=\"margin-top: 30px;\"><\/div>\n<p align=\"left\"><strong>Organisation et inscription :<\/strong><\/p>\n\n<div style=\"margin-left: 30px;\">\n<p align=\"left\">Line <strong>Taramarcaz Short<\/strong><\/p>\n\n<div style=\"margin-left: 60px;\">\n<p align=\"left\"><i class=\"fa fa-phone fa-1x\"><\/i> : 0041 (0)79 240 31 56<\/p>\n<p align=\"left\"><i class=\"fa fa-envelope-square fa-1x\"><\/i> : <a href=\"mailto:lineshort@bluewin.ch\">lineshort@bluewin.ch<\/a><\/p>\n\n<\/div>\n<\/div>\n<\/div>\t\t\t\t\t\t\t\t<\/div>\n\t\t\t\t<\/div>\n\t\t\t\t\t<\/div>\n\t\t<\/div>\n\t\t\t\t\t<\/div>\n\t\t<\/section>\n\t\t\t\t<\/div>\n\t\t","protected":false},"excerpt":{"rendered":"<p>Analyse de pratique en groupe Search Home Analyse de pratique en groupe pour les facilitants d\u00e8s le niveau 2 du cursus de formation en CF\/Psychophanie Une personne en cours de formation et qui d\u00e9sire pratiquer la CF\/Psychophanie\u00a0est tenue de participer\u00a0r\u00e9guli\u00e8rement aux rencontres d&rsquo;analyse de pratique en groupe\u00a0(appel\u00e9es auparavant \u00ab\u00a0intervisions\u00ab\u00a0) , ceci d\u00e8s qu\u2019elle a compl\u00e9t\u00e9 [&hellip;]<\/p>\n","protected":false},"author":1,"featured_media":0,"parent":79,"menu_order":0,"comment_status":"closed","ping_status":"closed","template":"","meta":{"_acf_changed":false,"footnotes":""},"class_list":["post-168","page","type-page","status-publish","hentry"],"acf":[],"_links":{"self":[{"href":"https:\/\/www.cf-romandie.ch\/ncfrom\/wp-json\/wp\/v2\/pages\/168","targetHints":{"allow":["GET"]}}],"collection":[{"href":"https:\/\/www.cf-romandie.ch\/ncfrom\/wp-json\/wp\/v2\/pages"}],"about":[{"href":"https:\/\/www.cf-romandie.ch\/ncfrom\/wp-json\/wp\/v2\/types\/page"}],"author":[{"embeddable":true,"href":"https:\/\/www.cf-romandie.ch\/ncfrom\/wp-json\/wp\/v2\/users\/1"}],"replies":[{"embeddable":true,"href":"https:\/\/www.cf-romandie.ch\/ncfrom\/wp-json\/wp\/v2\/comments?post=168"}],"version-history":[{"count":75,"href":"https:\/\/www.cf-romandie.ch\/ncfrom\/wp-json\/wp\/v2\/pages\/168\/revisions"}],"predecessor-version":[{"id":12891,"href":"https:\/\/www.cf-romandie.ch\/ncfrom\/wp-json\/wp\/v2\/pages\/168\/revisions\/12891"}],"up":[{"embeddable":true,"href":"https:\/\/www.cf-romandie.ch\/ncfrom\/wp-json\/wp\/v2\/pages\/79"}],"wp:attachment":[{"href":"https:\/\/www.cf-romandie.ch\/ncfrom\/wp-json\/wp\/v2\/media?parent=168"}],"curies":[{"name":"wp","href":"https:\/\/api.w.org\/{rel}","templated":true}]}}