{"id":2,"date":"2015-03-27T16:00:26","date_gmt":"2015-03-27T16:00:26","guid":{"rendered":"http:\/\/www.cf-romandie.ch\/wordpress\/?page_id=2"},"modified":"2023-02-20T11:17:47","modified_gmt":"2023-02-20T10:17:47","slug":"association","status":"publish","type":"page","link":"https:\/\/www.cf-romandie.ch\/ncfrom\/association","title":{"rendered":"Association CF-Romandie"},"content":{"rendered":"\t\t<div data-elementor-type=\"wp-page\" data-elementor-id=\"2\" class=\"elementor elementor-2\" data-elementor-post-type=\"page\">\n\t\t\t\t\t\t<section class=\"elementor-section elementor-top-section elementor-element elementor-element-6a85a5b elementor-section-boxed elementor-section-height-default elementor-section-height-default\" data-id=\"6a85a5b\" data-element_type=\"section\" data-e-type=\"section\" data-settings=\"{&quot;background_background&quot;:&quot;classic&quot;}\">\n\t\t\t\t\t\t<div class=\"elementor-container elementor-column-gap-default\">\n\t\t\t\t\t<div class=\"elementor-column elementor-col-100 elementor-top-column elementor-element elementor-element-8d16ac4\" data-id=\"8d16ac4\" data-element_type=\"column\" data-e-type=\"column\">\n\t\t\t<div class=\"elementor-widget-wrap elementor-element-populated\">\n\t\t\t\t\t\t<section class=\"elementor-section elementor-inner-section elementor-element elementor-element-3bed919 elementor-section-height-min-height elementor-section-boxed elementor-section-height-default\" data-id=\"3bed919\" data-element_type=\"section\" data-e-type=\"section\">\n\t\t\t\t\t\t<div class=\"elementor-container elementor-column-gap-default\">\n\t\t\t\t\t<div class=\"elementor-column elementor-col-50 elementor-inner-column elementor-element elementor-element-0d64cb8\" data-id=\"0d64cb8\" data-element_type=\"column\" data-e-type=\"column\">\n\t\t\t<div class=\"elementor-widget-wrap elementor-element-populated\">\n\t\t\t\t\t\t<div class=\"elementor-element elementor-element-21bdd64 elementor-widget elementor-widget-heading\" data-id=\"21bdd64\" data-element_type=\"widget\" data-e-type=\"widget\" data-widget_type=\"heading.default\">\n\t\t\t\t<div class=\"elementor-widget-container\">\n\t\t\t\t\t<h4 class=\"elementor-heading-title elementor-size-default\">Association CF-Romandie<\/h4>\t\t\t\t<\/div>\n\t\t\t\t<\/div>\n\t\t\t\t\t<\/div>\n\t\t<\/div>\n\t\t\t\t<div class=\"elementor-column elementor-col-50 elementor-inner-column elementor-element elementor-element-46c8d51\" data-id=\"46c8d51\" data-element_type=\"column\" data-e-type=\"column\">\n\t\t\t<div class=\"elementor-widget-wrap elementor-element-populated\">\n\t\t\t\t\t\t<div class=\"elementor-element elementor-element-70598b8 elementor-widget elementor-widget-raven-search-form\" data-id=\"70598b8\" data-element_type=\"widget\" data-e-type=\"widget\" data-settings=\"{&quot;_skin&quot;:&quot;classic&quot;}\" data-widget_type=\"raven-search-form.classic\">\n\t\t\t\t<div class=\"elementor-widget-container\">\n\t\t\t\t\t\t\t<form class=\"raven-search-form raven-search-form-classic\" method=\"get\" action=\"https:\/\/www.cf-romandie.ch\/ncfrom\/\" role=\"search\">\n\t\t\t<div class=\"raven-search-form-container\">\n\t\t\t\t<div class=\"raven-search-form-inner\">\n\t\t\t\t\t<label class=\"elementor-screen-only\" for=\"raven-search-form-input\">Search<\/label>\n\t\t\t\t\t<input id=\"raven-search-form-input\" class=\"raven-search-form-input\" type=\"search\" name=\"s\" placeholder=\"Rechercher...\" \/>\n\t\t\t\t\t\t\t\t\t\t\t\t\t\t\t\t\t\t<button class=\"raven-search-form-button raven-search-form-button-svg\" type=\"submit\" aria-label=\"Search\">\n\t\t\t\t\t\t\t\t\t<i class=\"fas fa-search\"><\/i>\t\t\t\t\t\t\t\t<\/button>\n\t\t\t\t\t\t\t\t\t\t\t\t\t\t\t\t\t<\/div>\n\t\t\t<\/div>\n\t\t<\/form>\n\t\t\t\t\t\t<\/div>\n\t\t\t\t<\/div>\n\t\t\t\t\t<\/div>\n\t\t<\/div>\n\t\t\t\t\t<\/div>\n\t\t<\/section>\n\t\t\t\t\t<\/div>\n\t\t<\/div>\n\t\t\t\t\t<\/div>\n\t\t<\/section>\n\t\t\t\t<section class=\"elementor-section elementor-top-section elementor-element elementor-element-08a02c2 elementor-section-full_width elementor-section-height-default elementor-section-height-default\" data-id=\"08a02c2\" data-element_type=\"section\" data-e-type=\"section\" data-settings=\"{&quot;background_background&quot;:&quot;classic&quot;}\">\n\t\t\t\t\t\t<div class=\"elementor-container elementor-column-gap-default\">\n\t\t\t\t\t<div class=\"elementor-column elementor-col-100 elementor-top-column elementor-element elementor-element-fbfee4c\" data-id=\"fbfee4c\" data-element_type=\"column\" data-e-type=\"column\">\n\t\t\t<div class=\"elementor-widget-wrap elementor-element-populated\">\n\t\t\t\t\t\t<section class=\"elementor-section elementor-inner-section elementor-element elementor-element-e65ef51 elementor-section-boxed elementor-section-height-default elementor-section-height-default\" data-id=\"e65ef51\" data-element_type=\"section\" data-e-type=\"section\">\n\t\t\t\t\t\t<div class=\"elementor-container elementor-column-gap-default\">\n\t\t\t\t\t<div class=\"elementor-column elementor-col-100 elementor-inner-column elementor-element elementor-element-cd24f9c\" data-id=\"cd24f9c\" data-element_type=\"column\" data-e-type=\"column\">\n\t\t\t<div class=\"elementor-widget-wrap elementor-element-populated\">\n\t\t\t\t\t\t<div class=\"elementor-element elementor-element-507a39e elementor-align-center elementor-widget elementor-widget-raven-breadcrumbs\" data-id=\"507a39e\" data-element_type=\"widget\" data-e-type=\"widget\" data-widget_type=\"raven-breadcrumbs.default\">\n\t\t\t\t<div class=\"elementor-widget-container\">\n\t\t\t\t\t<div class=\"raven-breadcrumbs raven-breadcrumbs-default\"><div class=\"breadcrumb\">\t\t\t\t\t\t\t\t<div class=\"breadcrumb-item active\" aria-current=\"page\"><span>Home<\/span><\/div>\n\n\t\t\t\t<\/div><\/div>\t\t\t\t<\/div>\n\t\t\t\t<\/div>\n\t\t\t\t\t<\/div>\n\t\t<\/div>\n\t\t\t\t\t<\/div>\n\t\t<\/section>\n\t\t\t\t<div class=\"elementor-element elementor-element-8290a58 elementor-nav-menu--dropdown-tablet elementor-nav-menu__text-align-aside elementor-nav-menu--toggle elementor-nav-menu--burger elementor-widget elementor-widget-nav-menu\" data-id=\"8290a58\" data-element_type=\"widget\" data-e-type=\"widget\" data-settings=\"{&quot;layout&quot;:&quot;horizontal&quot;,&quot;submenu_icon&quot;:{&quot;value&quot;:&quot;&lt;i class=\\&quot;fas fa-caret-down\\&quot; aria-hidden=\\&quot;true\\&quot;&gt;&lt;\\\/i&gt;&quot;,&quot;library&quot;:&quot;fa-solid&quot;},&quot;toggle&quot;:&quot;burger&quot;}\" data-widget_type=\"nav-menu.default\">\n\t\t\t\t<div class=\"elementor-widget-container\">\n\t\t\t\t\t\t\t\t<nav aria-label=\"Menu\" class=\"elementor-nav-menu--main elementor-nav-menu__container elementor-nav-menu--layout-horizontal e--pointer-none\">\n\t\t\t\t<ul id=\"menu-1-8290a58\" class=\"elementor-nav-menu\"><li class=\"menu-item menu-item-type-post_type menu-item-object-page menu-item-has-children menu-item-259\"><a href=\"https:\/\/www.cf-romandie.ch\/ncfrom\/association\" class=\"elementor-item\">CF-Romandie<\/a>\n<ul class=\"sub-menu elementor-nav-menu--dropdown\">\n\t<li class=\"menu-item menu-item-type-post_type menu-item-object-page menu-item-260\"><a href=\"https:\/\/www.cf-romandie.ch\/ncfrom\/association\/buts-de-lassociation\" class=\"elementor-sub-item\">Buts de l\u2019association<\/a><\/li>\n\t<li class=\"menu-item menu-item-type-post_type menu-item-object-page menu-item-261\"><a href=\"https:\/\/www.cf-romandie.ch\/ncfrom\/association\/statuts\" class=\"elementor-sub-item\">Statuts<\/a><\/li>\n\t<li class=\"menu-item menu-item-type-post_type menu-item-object-page menu-item-262\"><a href=\"https:\/\/www.cf-romandie.ch\/ncfrom\/association\/comite\" class=\"elementor-sub-item\">Comit\u00e9<\/a><\/li>\n<\/ul>\n<\/li>\n<li class=\"menu-item menu-item-type-post_type menu-item-object-page menu-item-800\"><a href=\"https:\/\/www.cf-romandie.ch\/ncfrom\/association\/confederation-cftmpp\" class=\"elementor-item\">Conf\u00e9d\u00e9ration CFTMPP\u2019<\/a><\/li>\n<li class=\"menu-item menu-item-type-post_type menu-item-object-page menu-item-has-children menu-item-264\"><a href=\"https:\/\/www.cf-romandie.ch\/ncfrom\/membres\" class=\"elementor-item\">Membres<\/a>\n<ul class=\"sub-menu elementor-nav-menu--dropdown\">\n\t<li class=\"menu-item menu-item-type-post_type menu-item-object-page menu-item-9794\"><a href=\"https:\/\/www.cf-romandie.ch\/ncfrom\/login-2\" class=\"elementor-sub-item\">Login<\/a><\/li>\n\t<li class=\"menu-item menu-item-type-post_type menu-item-object-page menu-item-4441\"><a href=\"https:\/\/www.cf-romandie.ch\/ncfrom\/membres\/accueil-membre2\" class=\"elementor-sub-item\">Espace membres<\/a><\/li>\n\t<li class=\"menu-item menu-item-type-post_type menu-item-object-page menu-item-263\"><a href=\"https:\/\/www.cf-romandie.ch\/ncfrom\/membres\/devenir-membre\" class=\"elementor-sub-item\">Devenir membre<\/a><\/li>\n<\/ul>\n<\/li>\n<li class=\"menu-item menu-item-type-post_type menu-item-object-page menu-item-265\"><a href=\"https:\/\/www.cf-romandie.ch\/ncfrom\/nous-contacter\" class=\"elementor-item\">Nous contacter<\/a><\/li>\n<\/ul>\t\t\t<\/nav>\n\t\t\t\t\t<div class=\"elementor-menu-toggle\" role=\"button\" tabindex=\"0\" aria-label=\"Permuter le menu\" aria-expanded=\"false\">\n\t\t\t<i aria-hidden=\"true\" role=\"presentation\" class=\"elementor-menu-toggle__icon--open eicon-menu-bar\"><\/i><i aria-hidden=\"true\" role=\"presentation\" class=\"elementor-menu-toggle__icon--close eicon-close\"><\/i>\t\t<\/div>\n\t\t\t\t\t<nav class=\"elementor-nav-menu--dropdown elementor-nav-menu__container\" aria-hidden=\"true\">\n\t\t\t\t<ul id=\"menu-2-8290a58\" class=\"elementor-nav-menu\"><li class=\"menu-item menu-item-type-post_type menu-item-object-page menu-item-has-children menu-item-259\"><a href=\"https:\/\/www.cf-romandie.ch\/ncfrom\/association\" class=\"elementor-item\" tabindex=\"-1\">CF-Romandie<\/a>\n<ul class=\"sub-menu elementor-nav-menu--dropdown\">\n\t<li class=\"menu-item menu-item-type-post_type menu-item-object-page menu-item-260\"><a href=\"https:\/\/www.cf-romandie.ch\/ncfrom\/association\/buts-de-lassociation\" class=\"elementor-sub-item\" tabindex=\"-1\">Buts de l\u2019association<\/a><\/li>\n\t<li class=\"menu-item menu-item-type-post_type menu-item-object-page menu-item-261\"><a href=\"https:\/\/www.cf-romandie.ch\/ncfrom\/association\/statuts\" class=\"elementor-sub-item\" tabindex=\"-1\">Statuts<\/a><\/li>\n\t<li class=\"menu-item menu-item-type-post_type menu-item-object-page menu-item-262\"><a href=\"https:\/\/www.cf-romandie.ch\/ncfrom\/association\/comite\" class=\"elementor-sub-item\" tabindex=\"-1\">Comit\u00e9<\/a><\/li>\n<\/ul>\n<\/li>\n<li class=\"menu-item menu-item-type-post_type menu-item-object-page menu-item-800\"><a href=\"https:\/\/www.cf-romandie.ch\/ncfrom\/association\/confederation-cftmpp\" class=\"elementor-item\" tabindex=\"-1\">Conf\u00e9d\u00e9ration CFTMPP\u2019<\/a><\/li>\n<li class=\"menu-item menu-item-type-post_type menu-item-object-page menu-item-has-children menu-item-264\"><a href=\"https:\/\/www.cf-romandie.ch\/ncfrom\/membres\" class=\"elementor-item\" tabindex=\"-1\">Membres<\/a>\n<ul class=\"sub-menu elementor-nav-menu--dropdown\">\n\t<li class=\"menu-item menu-item-type-post_type menu-item-object-page menu-item-9794\"><a href=\"https:\/\/www.cf-romandie.ch\/ncfrom\/login-2\" class=\"elementor-sub-item\" tabindex=\"-1\">Login<\/a><\/li>\n\t<li class=\"menu-item menu-item-type-post_type menu-item-object-page menu-item-4441\"><a href=\"https:\/\/www.cf-romandie.ch\/ncfrom\/membres\/accueil-membre2\" class=\"elementor-sub-item\" tabindex=\"-1\">Espace membres<\/a><\/li>\n\t<li class=\"menu-item menu-item-type-post_type menu-item-object-page menu-item-263\"><a href=\"https:\/\/www.cf-romandie.ch\/ncfrom\/membres\/devenir-membre\" class=\"elementor-sub-item\" tabindex=\"-1\">Devenir membre<\/a><\/li>\n<\/ul>\n<\/li>\n<li class=\"menu-item menu-item-type-post_type menu-item-object-page menu-item-265\"><a href=\"https:\/\/www.cf-romandie.ch\/ncfrom\/nous-contacter\" class=\"elementor-item\" tabindex=\"-1\">Nous contacter<\/a><\/li>\n<\/ul>\t\t\t<\/nav>\n\t\t\t\t\t\t<\/div>\n\t\t\t\t<\/div>\n\t\t\t\t\t<\/div>\n\t\t<\/div>\n\t\t\t\t\t<\/div>\n\t\t<\/section>\n\t\t\t\t<section class=\"elementor-section elementor-top-section elementor-element elementor-element-80a304b elementor-section-boxed elementor-section-height-default elementor-section-height-default\" data-id=\"80a304b\" data-element_type=\"section\" data-e-type=\"section\">\n\t\t\t\t\t\t<div class=\"elementor-container elementor-column-gap-default\">\n\t\t\t\t\t<div class=\"elementor-column elementor-col-100 elementor-top-column elementor-element elementor-element-6ee9810\" data-id=\"6ee9810\" data-element_type=\"column\" data-e-type=\"column\">\n\t\t\t<div class=\"elementor-widget-wrap elementor-element-populated\">\n\t\t\t\t\t\t<div class=\"elementor-element elementor-element-921b1f4 elementor-widget elementor-widget-spacer\" data-id=\"921b1f4\" data-element_type=\"widget\" data-e-type=\"widget\" data-widget_type=\"spacer.default\">\n\t\t\t\t<div class=\"elementor-widget-container\">\n\t\t\t\t\t\t\t<div class=\"elementor-spacer\">\n\t\t\t<div class=\"elementor-spacer-inner\"><\/div>\n\t\t<\/div>\n\t\t\t\t\t\t<\/div>\n\t\t\t\t<\/div>\n\t\t\t\t<div class=\"elementor-element elementor-element-a452949 elementor-widget elementor-widget-text-editor\" data-id=\"a452949\" data-element_type=\"widget\" data-e-type=\"widget\" data-widget_type=\"text-editor.default\">\n\t\t\t\t<div class=\"elementor-widget-container\">\n\t\t\t\t\t\t\t\t\t<h2>Association Romande pour la Communication Facilit\u00e9e et la Psychophanie<\/h2>\t\t\t\t\t\t\t\t<\/div>\n\t\t\t\t<\/div>\n\t\t\t\t\t<\/div>\n\t\t<\/div>\n\t\t\t\t\t<\/div>\n\t\t<\/section>\n\t\t\t\t<section class=\"elementor-section elementor-top-section elementor-element elementor-element-b86002f elementor-section-boxed elementor-section-height-default elementor-section-height-default\" data-id=\"b86002f\" data-element_type=\"section\" data-e-type=\"section\">\n\t\t\t\t\t\t<div class=\"elementor-container elementor-column-gap-default\">\n\t\t\t\t\t<div class=\"elementor-column elementor-col-100 elementor-top-column elementor-element elementor-element-58b4808\" data-id=\"58b4808\" data-element_type=\"column\" data-e-type=\"column\">\n\t\t\t<div class=\"elementor-widget-wrap elementor-element-populated\">\n\t\t\t\t\t\t<div class=\"elementor-element elementor-element-d7bc157 elementor-widget elementor-widget-text-editor\" data-id=\"d7bc157\" data-element_type=\"widget\" data-e-type=\"widget\" data-widget_type=\"text-editor.default\">\n\t\t\t\t<div class=\"elementor-widget-container\">\n\t\t\t\t\t\t\t\t\t<h4><strong>Pr\u00e9sentation<\/strong><\/h4>\n<p align=\"justify\"><strong>CF-Romandie<\/strong> est une association constitu\u00e9e au sens de l&rsquo;art. 60 et suivants du Code Civil Suisse. Elle est politiquement et confessionnellement neutre, et ne pr\u00f4ne\u00a0ou d\u00e9fend aucune id\u00e9ologie.<\/p>\n<p align=\"justify\">Elle s\u2019est constitu\u00e9e le 15 juin 2002, \u00e0 l\u2019initiative de parents d\u2019enfants en situation de handicap et de professionnels du monde p\u00e9dagogique et \u00e9ducatif travaillant au contact de cette population (enfants et adultes). Nombre de ces parents et professionnels ont \u00e9t\u00e9 sensibilis\u00e9s \u2013 voire ont \u00e9t\u00e9 se former \u00e0 cette approche, \u00e0 Paris dans les ann\u00e9es 1990 pour les premiers, puis en Suisse d\u00e8s la cr\u00e9ation d\u2019un p\u00f4le r\u00e9gional de formation d\u00e8s 1995 (voir : \u00ab <a href=\"https:\/\/www.cf-romandie.ch\/ncfrom\/pratiques\/histoire_cf\">Un peu d\u2019histoire<\/a> \u00bb). Constatant les bienfaits de la communication en facilitation aupr\u00e8s de la population en situation de handicap (autisme, polyhandicap, etc.) qui commen\u00e7ait \u00e0 en b\u00e9n\u00e9ficier, l\u2019id\u00e9e de cr\u00e9er une association a ensuite peu \u00e0 peu fait son chemin chez ces parents et professionnels, consid\u00e9rant que seule une association peut \u00eatre un partenaire et interlocuteur s\u00e9rieux et cr\u00e9dible aupr\u00e8s de diff\u00e9rentes instances officielles. Leur intention \u00e9tait de pouvoir faire connaitre davantage la communication en facilitation, afin de la d\u00e9velopper en Suisse romande, et ainsi assurer et p\u00e9renniser pour toutes les personnes en grande difficult\u00e9 langagi\u00e8re ce moyen d\u2019expression unique. En effet, la possibilit\u00e9 pour toutes ces personnes confin\u00e9es jusque-l\u00e0 dans leur mutisme de pouvoir enfin faire connaitre leurs souhaits, sentiments, \u00e9motions, ainsi que leur v\u00e9cu int\u00e9rieur a constitu\u00e9 une r\u00e9volution &#8211; tant pour eux que pour leur entourage.<\/p>\n<p align=\"justify\">Ses statuts, buts, activit\u00e9s, sont d\u00e9crits sous les chapitres qui y sont consacr\u00e9s.<\/p>\n<p align=\"justify\">En 2011, CFTMPP\u2019 (Conf\u00e9d\u00e9ration Francophone Ta Main Pour Parler\u2019\u00a0\u00bb) a \u00e9t\u00e9 cr\u00e9\u00e9e, pour faire suite et r\u00e9organiser l\u2019ancienne association fran\u00e7aise TMPP (Ta Main Pour Parler). CF-Romandie est devenue membre de cette Conf\u00e9d\u00e9ration, son affiliation ayant \u00e9t\u00e9 vot\u00e9e et accept\u00e9e en Assembl\u00e9e G\u00e9n\u00e9rale en 2012. En 2022 CFTMPP&rsquo; s&rsquo;est sciend\u00e9e en deux associations : \u00ab\u00a0Communiquer en Psychophanie\u00a0\u00bb (CeP) et l&rsquo;Ecole de formation \u00ab\u00a0Formaphanie\u00a0\u00bb.<\/p>\n<img decoding=\"async\" class=\"aligncenter size-full wp-image-69\" src=\"https:\/\/www.cf-romandie.ch\/images\/images_site\/Separateur_2.png\" alt=\"\" width=\"\" height=\"\" \/>\n<div style=\"margin-top: 30px;\"><\/div>\n<h4><strong>Evolution<\/strong><\/h4>\n<p align=\"justify\">Au fil du temps, il est apparu aux diverses personnes pratiquant cette approche que la communication en facilitation pouvait s\u2019ouvrir et \u00eatre utile \u00e9galement aux personnes sans difficult\u00e9 particuli\u00e8re de langage. La communication en facilitation s\u2019av\u00e8re pr\u00e9cieuse par le fait qu\u2019elle est un moyen d\u2019expression parall\u00e8le \u00e0 la parole et au raisonnement ; elle permet de ce fait de faire \u00e9merger des v\u00e9cus \u00e9motionnels souvent profond\u00e9ment enfouis et difficiles \u00e0 faire \u00e9merger. L\u2019outil principalement \u00e0 disposition est la Psychophanie, qui peut \u00eatre propos\u00e9e par exemple en compl\u00e9ment \u00e0 une d\u00e9marche de d\u00e9veloppement personnel.<\/p>\n<p align=\"justify\">Cette \u00e9volution a amen\u00e9 CF-Romandie \u00e0 s\u2019ouvrir \u00e0 une pratique de la communication en facilitation plus large, ainsi qu\u2019\u00e0 une r\u00e9flexion plus globale, aboutissant \u00e0 l\u2019\u00e9laboration de postulats et d\u00e9veloppements qui sont expos\u00e9s au chapitre \u00ab\u00a0<a href=\"https:\/\/www.cf-romandie.ch\/ncfrom\/eclairages\">Eclairages<\/a>\u00a0\u00bb.<\/p>\t\t\t\t\t\t\t\t<\/div>\n\t\t\t\t<\/div>\n\t\t\t\t\t<\/div>\n\t\t<\/div>\n\t\t\t\t\t<\/div>\n\t\t<\/section>\n\t\t\t\t<\/div>\n\t\t","protected":false},"excerpt":{"rendered":"<p>Association CF-Romandie Home Association Romande pour la Communication Facilit\u00e9e et la Psychophanie Pr\u00e9sentation CF-Romandie est une association constitu\u00e9e au sens de l&rsquo;art. 60 et suivants du Code Civil Suisse. Elle est politiquement et confessionnellement neutre, et ne pr\u00f4ne\u00a0ou d\u00e9fend aucune id\u00e9ologie. Elle s\u2019est constitu\u00e9e le 15 juin 2002, \u00e0 l\u2019initiative de parents d\u2019enfants en situation [&hellip;]<\/p>\n","protected":false},"author":1,"featured_media":0,"parent":0,"menu_order":0,"comment_status":"closed","ping_status":"closed","template":"","meta":{"_acf_changed":false,"footnotes":""},"class_list":["post-2","page","type-page","status-publish","hentry"],"acf":[],"_links":{"self":[{"href":"https:\/\/www.cf-romandie.ch\/ncfrom\/wp-json\/wp\/v2\/pages\/2","targetHints":{"allow":["GET"]}}],"collection":[{"href":"https:\/\/www.cf-romandie.ch\/ncfrom\/wp-json\/wp\/v2\/pages"}],"about":[{"href":"https:\/\/www.cf-romandie.ch\/ncfrom\/wp-json\/wp\/v2\/types\/page"}],"author":[{"embeddable":true,"href":"https:\/\/www.cf-romandie.ch\/ncfrom\/wp-json\/wp\/v2\/users\/1"}],"replies":[{"embeddable":true,"href":"https:\/\/www.cf-romandie.ch\/ncfrom\/wp-json\/wp\/v2\/comments?post=2"}],"version-history":[{"count":28,"href":"https:\/\/www.cf-romandie.ch\/ncfrom\/wp-json\/wp\/v2\/pages\/2\/revisions"}],"predecessor-version":[{"id":11281,"href":"https:\/\/www.cf-romandie.ch\/ncfrom\/wp-json\/wp\/v2\/pages\/2\/revisions\/11281"}],"wp:attachment":[{"href":"https:\/\/www.cf-romandie.ch\/ncfrom\/wp-json\/wp\/v2\/media?parent=2"}],"curies":[{"name":"wp","href":"https:\/\/api.w.org\/{rel}","templated":true}]}}