{"id":2560,"date":"2018-08-01T13:40:11","date_gmt":"2018-08-01T12:40:11","guid":{"rendered":"https:\/\/www.cf-romandie.ch\/ncfrom\/communication_perso\/temoignages_perso_famille-copy"},"modified":"2021-11-10T15:22:38","modified_gmt":"2021-11-10T14:22:38","slug":"seance_pratique_perso_famille","status":"publish","type":"page","link":"https:\/\/www.cf-romandie.ch\/ncfrom\/communication_perso_famille\/seance_pratique_perso_famille","title":{"rendered":"Une s\u00e9ance en pratique"},"content":{"rendered":"\t\t<div data-elementor-type=\"wp-page\" data-elementor-id=\"2560\" class=\"elementor elementor-2560\" data-elementor-post-type=\"page\">\n\t\t\t\t\t\t<section class=\"elementor-section elementor-top-section elementor-element elementor-element-b8efb4b elementor-section-boxed elementor-section-height-default elementor-section-height-default\" data-id=\"b8efb4b\" data-element_type=\"section\" data-e-type=\"section\" data-settings=\"{&quot;background_background&quot;:&quot;classic&quot;}\">\n\t\t\t\t\t\t<div class=\"elementor-container elementor-column-gap-default\">\n\t\t\t\t\t<div class=\"elementor-column elementor-col-100 elementor-top-column elementor-element elementor-element-ec391ea\" data-id=\"ec391ea\" data-element_type=\"column\" data-e-type=\"column\">\n\t\t\t<div class=\"elementor-widget-wrap elementor-element-populated\">\n\t\t\t\t\t\t<section class=\"elementor-section elementor-inner-section elementor-element elementor-element-cd0d248 elementor-section-height-min-height elementor-section-boxed elementor-section-height-default\" data-id=\"cd0d248\" data-element_type=\"section\" data-e-type=\"section\">\n\t\t\t\t\t\t<div class=\"elementor-container elementor-column-gap-default\">\n\t\t\t\t\t<div class=\"elementor-column elementor-col-50 elementor-inner-column elementor-element elementor-element-2b4e3c4\" data-id=\"2b4e3c4\" data-element_type=\"column\" data-e-type=\"column\">\n\t\t\t<div class=\"elementor-widget-wrap elementor-element-populated\">\n\t\t\t\t\t\t<div class=\"elementor-element elementor-element-94ac9ef elementor-widget elementor-widget-heading\" data-id=\"94ac9ef\" data-element_type=\"widget\" data-e-type=\"widget\" data-widget_type=\"heading.default\">\n\t\t\t\t<div class=\"elementor-widget-container\">\n\t\t\t\t\t<h4 class=\"elementor-heading-title elementor-size-default\">Une s\u00e9ance en pratique<\/h4>\t\t\t\t<\/div>\n\t\t\t\t<\/div>\n\t\t\t\t\t<\/div>\n\t\t<\/div>\n\t\t\t\t<div class=\"elementor-column elementor-col-50 elementor-inner-column elementor-element elementor-element-8d57718\" data-id=\"8d57718\" data-element_type=\"column\" data-e-type=\"column\">\n\t\t\t<div class=\"elementor-widget-wrap elementor-element-populated\">\n\t\t\t\t\t\t<div class=\"elementor-element elementor-element-750aca4 elementor-widget elementor-widget-raven-search-form\" data-id=\"750aca4\" data-element_type=\"widget\" data-e-type=\"widget\" data-settings=\"{&quot;_skin&quot;:&quot;classic&quot;}\" data-widget_type=\"raven-search-form.classic\">\n\t\t\t\t<div class=\"elementor-widget-container\">\n\t\t\t\t\t\t\t<form class=\"raven-search-form raven-search-form-classic\" method=\"get\" action=\"https:\/\/www.cf-romandie.ch\/ncfrom\/\" role=\"search\">\n\t\t\t<div class=\"raven-search-form-container\">\n\t\t\t\t<div class=\"raven-search-form-inner\">\n\t\t\t\t\t<label class=\"elementor-screen-only\" for=\"raven-search-form-input\">Search<\/label>\n\t\t\t\t\t<input id=\"raven-search-form-input\" class=\"raven-search-form-input\" type=\"search\" name=\"s\" placeholder=\"Rechercher...\" \/>\n\t\t\t\t\t\t\t\t\t\t\t\t\t\t\t\t\t\t<button class=\"raven-search-form-button raven-search-form-button-svg\" type=\"submit\" aria-label=\"Search\">\n\t\t\t\t\t\t\t\t\t<i class=\"fas fa-search\"><\/i>\t\t\t\t\t\t\t\t<\/button>\n\t\t\t\t\t\t\t\t\t\t\t\t\t\t\t\t\t<\/div>\n\t\t\t<\/div>\n\t\t<\/form>\n\t\t\t\t\t\t<\/div>\n\t\t\t\t<\/div>\n\t\t\t\t\t<\/div>\n\t\t<\/div>\n\t\t\t\t\t<\/div>\n\t\t<\/section>\n\t\t\t\t\t<\/div>\n\t\t<\/div>\n\t\t\t\t\t<\/div>\n\t\t<\/section>\n\t\t\t\t<section class=\"elementor-section elementor-top-section elementor-element elementor-element-57dd361 elementor-section-full_width elementor-section-height-default elementor-section-height-default\" data-id=\"57dd361\" data-element_type=\"section\" data-e-type=\"section\" data-settings=\"{&quot;background_background&quot;:&quot;classic&quot;}\">\n\t\t\t\t\t\t<div class=\"elementor-container elementor-column-gap-default\">\n\t\t\t\t\t<div class=\"elementor-column elementor-col-100 elementor-top-column elementor-element elementor-element-83a27ef\" data-id=\"83a27ef\" data-element_type=\"column\" data-e-type=\"column\">\n\t\t\t<div class=\"elementor-widget-wrap elementor-element-populated\">\n\t\t\t\t\t\t<section class=\"elementor-section elementor-inner-section elementor-element elementor-element-23c69a0 elementor-section-boxed elementor-section-height-default elementor-section-height-default\" data-id=\"23c69a0\" data-element_type=\"section\" data-e-type=\"section\">\n\t\t\t\t\t\t<div class=\"elementor-container elementor-column-gap-default\">\n\t\t\t\t\t<div class=\"elementor-column elementor-col-100 elementor-inner-column elementor-element elementor-element-e4305f7\" data-id=\"e4305f7\" data-element_type=\"column\" data-e-type=\"column\">\n\t\t\t<div class=\"elementor-widget-wrap elementor-element-populated\">\n\t\t\t\t\t\t<div class=\"elementor-element elementor-element-c0d359e elementor-align-center elementor-widget elementor-widget-raven-breadcrumbs\" data-id=\"c0d359e\" data-element_type=\"widget\" data-e-type=\"widget\" data-widget_type=\"raven-breadcrumbs.default\">\n\t\t\t\t<div class=\"elementor-widget-container\">\n\t\t\t\t\t<div class=\"raven-breadcrumbs raven-breadcrumbs-default\"><div class=\"breadcrumb\">\t\t\t\t<div class=\"breadcrumb-item active\" aria-current=\"page\"><span>Home<\/span><\/div>\n\n\t\t\t\t<\/div><\/div>\t\t\t\t<\/div>\n\t\t\t\t<\/div>\n\t\t\t\t\t<\/div>\n\t\t<\/div>\n\t\t\t\t\t<\/div>\n\t\t<\/section>\n\t\t\t\t<div class=\"elementor-element elementor-element-9a057b6 elementor-nav-menu--dropdown-tablet elementor-nav-menu__text-align-aside elementor-nav-menu--toggle elementor-nav-menu--burger elementor-widget elementor-widget-nav-menu\" data-id=\"9a057b6\" data-element_type=\"widget\" data-e-type=\"widget\" data-settings=\"{&quot;layout&quot;:&quot;horizontal&quot;,&quot;submenu_icon&quot;:{&quot;value&quot;:&quot;&lt;i class=\\&quot;fas fa-caret-down\\&quot; aria-hidden=\\&quot;true\\&quot;&gt;&lt;\\\/i&gt;&quot;,&quot;library&quot;:&quot;fa-solid&quot;},&quot;toggle&quot;:&quot;burger&quot;}\" data-widget_type=\"nav-menu.default\">\n\t\t\t\t<div class=\"elementor-widget-container\">\n\t\t\t\t\t\t\t\t<nav aria-label=\"Menu\" class=\"elementor-nav-menu--main elementor-nav-menu__container elementor-nav-menu--layout-horizontal e--pointer-none\">\n\t\t\t\t<ul id=\"menu-1-9a057b6\" class=\"elementor-nav-menu\"><li class=\"menu-item menu-item-type-post_type menu-item-object-page menu-item-2579\"><a href=\"https:\/\/www.cf-romandie.ch\/ncfrom\/communication_perso_famille\" class=\"elementor-item\">Communication et d\u00e9veloppement personnel<\/a><\/li>\n<li class=\"menu-item menu-item-type-post_type menu-item-object-page menu-item-2964\"><a href=\"https:\/\/www.cf-romandie.ch\/ncfrom\/communication_perso_famille\/population_concernee_perso_famille\" class=\"elementor-item\">Personnes concern\u00e9es<\/a><\/li>\n<li class=\"menu-item menu-item-type-post_type menu-item-object-page menu-item-2582\"><a href=\"https:\/\/www.cf-romandie.ch\/ncfrom\/communication_perso_famille\/seance_pratique_perso_famille\" class=\"elementor-item\">Une s\u00e9ance en pratique<\/a><\/li>\n<li class=\"menu-item menu-item-type-post_type menu-item-object-page menu-item-2583\"><a href=\"https:\/\/www.cf-romandie.ch\/ncfrom\/communication_perso_famille\/temoignages_perso_famille\" class=\"elementor-item\">T\u00e9moignages<\/a><\/li>\n<li class=\"menu-item menu-item-type-post_type menu-item-object-page menu-item-2693\"><a href=\"https:\/\/www.cf-romandie.ch\/ncfrom\/communication_perso_famille\/bibliographie_perso_famille\" class=\"elementor-item\">Bibliographie<\/a><\/li>\n<li class=\"menu-item menu-item-type-post_type menu-item-object-page menu-item-2695\"><a href=\"https:\/\/www.cf-romandie.ch\/ncfrom\/communication_perso_famille\/articles_perso_famille\" class=\"elementor-item\">Articles<\/a><\/li>\n<li class=\"menu-item menu-item-type-post_type menu-item-object-page menu-item-2694\"><a href=\"https:\/\/www.cf-romandie.ch\/ncfrom\/communication_perso_famille\/conferences_perso_famille\" class=\"elementor-item\">Conf\u00e9rences<\/a><\/li>\n<li class=\"menu-item menu-item-type-post_type menu-item-object-page menu-item-2888\"><a href=\"https:\/\/www.cf-romandie.ch\/ncfrom\/communication_perso_famille\/foire-aux-questions_perso_famille\" class=\"elementor-item\">Foire aux questions<\/a><\/li>\n<\/ul>\t\t\t<\/nav>\n\t\t\t\t\t<div class=\"elementor-menu-toggle\" role=\"button\" tabindex=\"0\" aria-label=\"Permuter le menu\" aria-expanded=\"false\">\n\t\t\t<i aria-hidden=\"true\" role=\"presentation\" class=\"elementor-menu-toggle__icon--open eicon-menu-bar\"><\/i><i aria-hidden=\"true\" role=\"presentation\" class=\"elementor-menu-toggle__icon--close eicon-close\"><\/i>\t\t<\/div>\n\t\t\t\t\t<nav class=\"elementor-nav-menu--dropdown elementor-nav-menu__container\" aria-hidden=\"true\">\n\t\t\t\t<ul id=\"menu-2-9a057b6\" class=\"elementor-nav-menu\"><li class=\"menu-item menu-item-type-post_type menu-item-object-page menu-item-2579\"><a href=\"https:\/\/www.cf-romandie.ch\/ncfrom\/communication_perso_famille\" class=\"elementor-item\" tabindex=\"-1\">Communication et d\u00e9veloppement personnel<\/a><\/li>\n<li class=\"menu-item menu-item-type-post_type menu-item-object-page menu-item-2964\"><a href=\"https:\/\/www.cf-romandie.ch\/ncfrom\/communication_perso_famille\/population_concernee_perso_famille\" class=\"elementor-item\" tabindex=\"-1\">Personnes concern\u00e9es<\/a><\/li>\n<li class=\"menu-item menu-item-type-post_type menu-item-object-page menu-item-2582\"><a href=\"https:\/\/www.cf-romandie.ch\/ncfrom\/communication_perso_famille\/seance_pratique_perso_famille\" class=\"elementor-item\" tabindex=\"-1\">Une s\u00e9ance en pratique<\/a><\/li>\n<li class=\"menu-item menu-item-type-post_type menu-item-object-page menu-item-2583\"><a href=\"https:\/\/www.cf-romandie.ch\/ncfrom\/communication_perso_famille\/temoignages_perso_famille\" class=\"elementor-item\" tabindex=\"-1\">T\u00e9moignages<\/a><\/li>\n<li class=\"menu-item menu-item-type-post_type menu-item-object-page menu-item-2693\"><a href=\"https:\/\/www.cf-romandie.ch\/ncfrom\/communication_perso_famille\/bibliographie_perso_famille\" class=\"elementor-item\" tabindex=\"-1\">Bibliographie<\/a><\/li>\n<li class=\"menu-item menu-item-type-post_type menu-item-object-page menu-item-2695\"><a href=\"https:\/\/www.cf-romandie.ch\/ncfrom\/communication_perso_famille\/articles_perso_famille\" class=\"elementor-item\" tabindex=\"-1\">Articles<\/a><\/li>\n<li class=\"menu-item menu-item-type-post_type menu-item-object-page menu-item-2694\"><a href=\"https:\/\/www.cf-romandie.ch\/ncfrom\/communication_perso_famille\/conferences_perso_famille\" class=\"elementor-item\" tabindex=\"-1\">Conf\u00e9rences<\/a><\/li>\n<li class=\"menu-item menu-item-type-post_type menu-item-object-page menu-item-2888\"><a href=\"https:\/\/www.cf-romandie.ch\/ncfrom\/communication_perso_famille\/foire-aux-questions_perso_famille\" class=\"elementor-item\" tabindex=\"-1\">Foire aux questions<\/a><\/li>\n<\/ul>\t\t\t<\/nav>\n\t\t\t\t\t\t<\/div>\n\t\t\t\t<\/div>\n\t\t\t\t\t<\/div>\n\t\t<\/div>\n\t\t\t\t\t<\/div>\n\t\t<\/section>\n\t\t\t\t<section class=\"elementor-section elementor-top-section elementor-element elementor-element-116a8af elementor-section-boxed elementor-section-height-default elementor-section-height-default\" data-id=\"116a8af\" data-element_type=\"section\" data-e-type=\"section\">\n\t\t\t\t\t\t<div class=\"elementor-container elementor-column-gap-default\">\n\t\t\t\t\t<div class=\"elementor-column elementor-col-100 elementor-top-column elementor-element elementor-element-3f5281b\" data-id=\"3f5281b\" data-element_type=\"column\" data-e-type=\"column\">\n\t\t\t<div class=\"elementor-widget-wrap elementor-element-populated\">\n\t\t\t\t\t\t<div class=\"elementor-element elementor-element-b217670 elementor-widget elementor-widget-spacer\" data-id=\"b217670\" data-element_type=\"widget\" data-e-type=\"widget\" data-widget_type=\"spacer.default\">\n\t\t\t\t<div class=\"elementor-widget-container\">\n\t\t\t\t\t\t\t<div class=\"elementor-spacer\">\n\t\t\t<div class=\"elementor-spacer-inner\"><\/div>\n\t\t<\/div>\n\t\t\t\t\t\t<\/div>\n\t\t\t\t<\/div>\n\t\t\t\t<div class=\"elementor-element elementor-element-51631fc elementor-widget elementor-widget-text-editor\" data-id=\"51631fc\" data-element_type=\"widget\" data-e-type=\"widget\" data-widget_type=\"text-editor.default\">\n\t\t\t\t<div class=\"elementor-widget-container\">\n\t\t\t\t\t\t\t\t\t<h2>Une s\u00e9ance de Psychophanie en pratique<\/h2>\t\t\t\t\t\t\t\t<\/div>\n\t\t\t\t<\/div>\n\t\t\t\t\t<\/div>\n\t\t<\/div>\n\t\t\t\t\t<\/div>\n\t\t<\/section>\n\t\t\t\t<section class=\"elementor-section elementor-top-section elementor-element elementor-element-1949d21 elementor-section-boxed elementor-section-height-default elementor-section-height-default\" data-id=\"1949d21\" data-element_type=\"section\" data-e-type=\"section\">\n\t\t\t\t\t\t<div class=\"elementor-container elementor-column-gap-default\">\n\t\t\t\t\t<div class=\"elementor-column elementor-col-100 elementor-top-column elementor-element elementor-element-aaece23\" data-id=\"aaece23\" data-element_type=\"column\" data-e-type=\"column\">\n\t\t\t<div class=\"elementor-widget-wrap elementor-element-populated\">\n\t\t\t\t\t\t<div class=\"elementor-element elementor-element-9954d75 elementor-widget elementor-widget-text-editor\" data-id=\"9954d75\" data-element_type=\"widget\" data-e-type=\"widget\" data-widget_type=\"text-editor.default\">\n\t\t\t\t<div class=\"elementor-widget-container\">\n\t\t\t\t\t\t\t\t\t<h4><strong>Avec une personne adulte<\/strong><\/h4>\n<p align=\"justify\">Le r\u00f4le du facilitant est avant tout de cr\u00e9er un espace de confiance dans lequel la personne facilit\u00e9e se sentira \u00e0 l\u2019aise et accueillie. Pour ce faire, il peut s\u2019av\u00e9rer n\u00e9cessaire d\u2019expliquer en quoi consiste l\u2019accompagnement en Psychophanie et ce que l\u2019on peut attendre d\u2019une s\u00e9ance.\n\n<p align=\"justify\">Ces pr\u00e9alables pos\u00e9s, le facilitant invite la personne facilit\u00e9e \u00e0 prendre place \u00e0 ses c\u00f4t\u00e9s. Chaque facilitant \u00e0 ses habitudes quant \u00e0 la position propos\u00e9e pour la s\u00e9ance\u00a0: assis \u00e0 une table, sur des fauteuils, sur un canap\u00e9. Il est cependant deux aspects qui sont communs \u00e0 tous\u00a0: \u00eatre assis c\u00f4te \u00e0 c\u00f4te et utiliser un clavier alphab\u00e9tique, support pour l\u2019expression de l\u2019\u00e9coute profonde du facilitant.\n\n<p align=\"justify\">En effet, dans l\u2019expression de la Psychophanie, le clavier permet la manifestation physique de l\u2019expression profonde qui \u00e9mane de la personne facilit\u00e9e, accueillie par le facilitant, ceci gr\u00e2ce au l\u00e2cher-prise de son mental qui lui permet de s\u2019ouvrir \u00e0 une \u00ab\u00a0\u00e9coute int\u00e9rieure ou \u00e9coute profonde\u00a0\u00bb de la personne qu\u2019il accompagne.\n\n<p align=\"justify\">Certains facilitants proposeront en pr\u00e9ambule au b\u00e9n\u00e9ficiaire de se centrer sur lui-m\u00eame et sa respiration, de fa\u00e7on \u00e0 instaurer un \u00e9tat de calme int\u00e9rieur propice \u00e0 un meilleur l\u00e2cher-prise.\n\n<p align=\"justify\">Durant l\u2019expression en Psychophanie, la personne facilit\u00e9e est pri\u00e9e de ne pas regarder le clavier, pour \u00e9viter que la partie consciente et analytique de son cerveau n\u2019interf\u00e8re avec sa partie plus intuitive.\n\n<p align=\"justify\">A nouveau, selon les habitudes du facilitant, les \u00e9crits peuvent s\u2019exprimer en une traite, ou alors, par paragraphes. Ils seront suivis d\u2019un \u00e9change verbal avec le b\u00e9n\u00e9ficiaire sur son texte. On estime, en effet, que le texte exprim\u00e9 est bien celui de la personne facilit\u00e9e, m\u00eame s\u2019il peut parfois entrer \u00e9galement en r\u00e9sonance avec le facilitant.\n\n<p align=\"justify\">A la fin de la s\u00e9ance, le texte sera remis sur le moment-m\u00eame \u00e0 la personne facilit\u00e9e ou lui sera envoy\u00e9 ult\u00e9rieurement par mail, selon entente entre les deux partenaires.\n\n<p align=\"justify\">Il est conseill\u00e9 au b\u00e9n\u00e9ficiaire de lire son texte \u00e0 plusieurs reprises, chaque lecture pouvant apporter des \u00e9clairages diff\u00e9rents ou une meilleure compr\u00e9hension. Il n\u2019est pas rare que le sens d\u2019un texte ou partie de texte, se manifeste dans les jours, semaines, voire mois suivant la s\u00e9ance.\n\n<p align=\"justify\">Par ailleurs, il est important que le facilitant reste \u00e0 disposition de la personne facilit\u00e9e si celle-ci souhaite un \u00e9clairage sur le texte.\t\t\t\t\t\t\t\t<\/div>\n\t\t\t\t<\/div>\n\t\t\t\t\t<\/div>\n\t\t<\/div>\n\t\t\t\t\t<\/div>\n\t\t<\/section>\n\t\t\t\t<section class=\"elementor-section elementor-top-section elementor-element elementor-element-9294128 elementor-section-boxed elementor-section-height-default elementor-section-height-default\" data-id=\"9294128\" data-element_type=\"section\" data-e-type=\"section\">\n\t\t\t\t\t\t<div class=\"elementor-container elementor-column-gap-default\">\n\t\t\t\t\t<div class=\"elementor-column elementor-col-100 elementor-top-column elementor-element elementor-element-c31e26a\" data-id=\"c31e26a\" data-element_type=\"column\" data-e-type=\"column\">\n\t\t\t<div class=\"elementor-widget-wrap elementor-element-populated\">\n\t\t\t\t\t\t<div class=\"elementor-element elementor-element-7559431 elementor-widget elementor-widget-spacer\" data-id=\"7559431\" data-element_type=\"widget\" data-e-type=\"widget\" data-widget_type=\"spacer.default\">\n\t\t\t\t<div class=\"elementor-widget-container\">\n\t\t\t\t\t\t\t<div class=\"elementor-spacer\">\n\t\t\t<div class=\"elementor-spacer-inner\"><\/div>\n\t\t<\/div>\n\t\t\t\t\t\t<\/div>\n\t\t\t\t<\/div>\n\t\t\t\t<div class=\"elementor-element elementor-element-46f3c83 elementor-widget-divider--view-line elementor-widget elementor-widget-divider\" data-id=\"46f3c83\" data-element_type=\"widget\" data-e-type=\"widget\" data-widget_type=\"divider.default\">\n\t\t\t\t<div class=\"elementor-widget-container\">\n\t\t\t\t\t\t\t<div class=\"elementor-divider\">\n\t\t\t<span class=\"elementor-divider-separator\">\n\t\t\t\t\t\t<\/span>\n\t\t<\/div>\n\t\t\t\t\t\t<\/div>\n\t\t\t\t<\/div>\n\t\t\t\t<div class=\"elementor-element elementor-element-9cc63fa elementor-widget elementor-widget-spacer\" data-id=\"9cc63fa\" data-element_type=\"widget\" data-e-type=\"widget\" data-widget_type=\"spacer.default\">\n\t\t\t\t<div class=\"elementor-widget-container\">\n\t\t\t\t\t\t\t<div class=\"elementor-spacer\">\n\t\t\t<div class=\"elementor-spacer-inner\"><\/div>\n\t\t<\/div>\n\t\t\t\t\t\t<\/div>\n\t\t\t\t<\/div>\n\t\t\t\t\t<\/div>\n\t\t<\/div>\n\t\t\t\t\t<\/div>\n\t\t<\/section>\n\t\t\t\t<section class=\"elementor-section elementor-top-section elementor-element elementor-element-f425aa2 elementor-section-boxed elementor-section-height-default elementor-section-height-default\" data-id=\"f425aa2\" data-element_type=\"section\" data-e-type=\"section\">\n\t\t\t\t\t\t<div class=\"elementor-container elementor-column-gap-default\">\n\t\t\t\t\t<div class=\"elementor-column elementor-col-100 elementor-top-column elementor-element elementor-element-7135380\" data-id=\"7135380\" data-element_type=\"column\" data-e-type=\"column\">\n\t\t\t<div class=\"elementor-widget-wrap elementor-element-populated\">\n\t\t\t\t\t\t<div class=\"elementor-element elementor-element-4d645fe elementor-widget elementor-widget-text-editor\" data-id=\"4d645fe\" data-element_type=\"widget\" data-e-type=\"widget\" data-widget_type=\"text-editor.default\">\n\t\t\t\t<div class=\"elementor-widget-container\">\n\t\t\t\t\t\t\t\t\t<h4><strong>Avec un adolescent ou un enfant\n<\/strong><\/h4>\n<p align=\"justify\">Le d\u00e9roulement d\u2019une s\u00e9ance avec un adolescent est similaire \u00e0 celle d\u2019un adulte. Le facilitant peut cependant lui proposer une occupation durant l\u2019\u00e9change en facilitation, telle que lire un livre, regarder par la fen\u00eatre, tout moyen qui permettra un meilleur l\u00e2cher-prise de la partie profonde du cerveau de l\u2019adolescent.\n\n<p align=\"justify\">Lors d\u2019une s\u00e9ance avec un enfant, celui-ci peut \u00eatre accompagn\u00e9 avec un parent (jusqu\u2019\u00e0 10 ans). Au-del\u00e0 de 10 ans, on demande \u00e0 l\u2019enfant s\u2019il souhaite \u00eatre seul \u00e0 sa s\u00e9ance. Le choix lui appartient. Souvent les enfants sont rassur\u00e9s de savoir leur parent pr\u00e9sent, surtout \u00e0 une premi\u00e8re s\u00e9ance. Ceux qui viennent pour une deuxi\u00e8me s\u00e9ance ou plus, peuvent souhaiter rester seuls.\n\n<p align=\"justify\">Lors de la s\u00e9ance, les jeunes enfants peuvent \u00eatre assis \u00e0 une petite table pour dessiner ou colorier. Ils peuvent aussi rester dans les bras de leur parent s\u2019ils le souhaitent.\t\t\t\t\t\t\t\t<\/div>\n\t\t\t\t<\/div>\n\t\t\t\t\t<\/div>\n\t\t<\/div>\n\t\t\t\t\t<\/div>\n\t\t<\/section>\n\t\t\t\t<\/div>\n\t\t","protected":false},"excerpt":{"rendered":"<p>Une s\u00e9ance en pratique Home Une s\u00e9ance de Psychophanie en pratique Avec une personne adulte Le r\u00f4le du facilitant est avant tout de cr\u00e9er un espace de confiance dans lequel la personne facilit\u00e9e se sentira \u00e0 l\u2019aise et accueillie. Pour ce faire, il peut s\u2019av\u00e9rer n\u00e9cessaire d\u2019expliquer en quoi consiste l\u2019accompagnement en Psychophanie et ce [&hellip;]<\/p>\n","protected":false},"author":1,"featured_media":0,"parent":2529,"menu_order":0,"comment_status":"closed","ping_status":"closed","template":"","meta":{"_acf_changed":false,"footnotes":""},"class_list":["post-2560","page","type-page","status-publish","hentry"],"acf":[],"_links":{"self":[{"href":"https:\/\/www.cf-romandie.ch\/ncfrom\/wp-json\/wp\/v2\/pages\/2560","targetHints":{"allow":["GET"]}}],"collection":[{"href":"https:\/\/www.cf-romandie.ch\/ncfrom\/wp-json\/wp\/v2\/pages"}],"about":[{"href":"https:\/\/www.cf-romandie.ch\/ncfrom\/wp-json\/wp\/v2\/types\/page"}],"author":[{"embeddable":true,"href":"https:\/\/www.cf-romandie.ch\/ncfrom\/wp-json\/wp\/v2\/users\/1"}],"replies":[{"embeddable":true,"href":"https:\/\/www.cf-romandie.ch\/ncfrom\/wp-json\/wp\/v2\/comments?post=2560"}],"version-history":[{"count":17,"href":"https:\/\/www.cf-romandie.ch\/ncfrom\/wp-json\/wp\/v2\/pages\/2560\/revisions"}],"predecessor-version":[{"id":9554,"href":"https:\/\/www.cf-romandie.ch\/ncfrom\/wp-json\/wp\/v2\/pages\/2560\/revisions\/9554"}],"up":[{"embeddable":true,"href":"https:\/\/www.cf-romandie.ch\/ncfrom\/wp-json\/wp\/v2\/pages\/2529"}],"wp:attachment":[{"href":"https:\/\/www.cf-romandie.ch\/ncfrom\/wp-json\/wp\/v2\/media?parent=2560"}],"curies":[{"name":"wp","href":"https:\/\/api.w.org\/{rel}","templated":true}]}}