{"id":2576,"date":"2018-08-01T14:18:49","date_gmt":"2018-08-01T13:18:49","guid":{"rendered":"https:\/\/www.cf-romandie.ch\/ncfrom\/a-lire-a-telecharger-copy"},"modified":"2023-02-19T08:57:40","modified_gmt":"2023-02-19T07:57:40","slug":"telechargement_pers_sans_langage","status":"publish","type":"page","link":"https:\/\/www.cf-romandie.ch\/ncfrom\/communication_pers_sans_langage\/telechargement_pers_sans_langage","title":{"rendered":"T\u00e9l\u00e9chargement"},"content":{"rendered":"\t\t<div data-elementor-type=\"wp-page\" data-elementor-id=\"2576\" class=\"elementor elementor-2576\" data-elementor-post-type=\"page\">\n\t\t\t\t\t\t<section class=\"elementor-section elementor-top-section elementor-element elementor-element-4237bfa elementor-section-boxed elementor-section-height-default elementor-section-height-default\" data-id=\"4237bfa\" data-element_type=\"section\" data-e-type=\"section\" data-settings=\"{&quot;background_background&quot;:&quot;classic&quot;}\">\n\t\t\t\t\t\t<div class=\"elementor-container elementor-column-gap-default\">\n\t\t\t\t\t<div class=\"elementor-column elementor-col-100 elementor-top-column elementor-element elementor-element-4c501e0\" data-id=\"4c501e0\" data-element_type=\"column\" data-e-type=\"column\">\n\t\t\t<div class=\"elementor-widget-wrap elementor-element-populated\">\n\t\t\t\t\t\t<section class=\"elementor-section elementor-inner-section elementor-element elementor-element-9ca9e82 elementor-section-height-min-height elementor-section-boxed elementor-section-height-default\" data-id=\"9ca9e82\" data-element_type=\"section\" data-e-type=\"section\">\n\t\t\t\t\t\t<div class=\"elementor-container elementor-column-gap-default\">\n\t\t\t\t\t<div class=\"elementor-column elementor-col-50 elementor-inner-column elementor-element elementor-element-87a52f3\" data-id=\"87a52f3\" data-element_type=\"column\" data-e-type=\"column\">\n\t\t\t<div class=\"elementor-widget-wrap elementor-element-populated\">\n\t\t\t\t\t\t<div class=\"elementor-element elementor-element-beef040 elementor-widget elementor-widget-heading\" data-id=\"beef040\" data-element_type=\"widget\" data-e-type=\"widget\" data-widget_type=\"heading.default\">\n\t\t\t\t<div class=\"elementor-widget-container\">\n\t\t\t\t\t<h4 class=\"elementor-heading-title elementor-size-default\">T\u00e9l\u00e9chargement<\/h4>\t\t\t\t<\/div>\n\t\t\t\t<\/div>\n\t\t\t\t\t<\/div>\n\t\t<\/div>\n\t\t\t\t<div class=\"elementor-column elementor-col-50 elementor-inner-column elementor-element elementor-element-96574ab\" data-id=\"96574ab\" data-element_type=\"column\" data-e-type=\"column\">\n\t\t\t<div class=\"elementor-widget-wrap elementor-element-populated\">\n\t\t\t\t\t\t<div class=\"elementor-element elementor-element-dc8a2cc elementor-widget elementor-widget-raven-search-form\" data-id=\"dc8a2cc\" data-element_type=\"widget\" data-e-type=\"widget\" data-settings=\"{&quot;_skin&quot;:&quot;classic&quot;}\" data-widget_type=\"raven-search-form.classic\">\n\t\t\t\t<div class=\"elementor-widget-container\">\n\t\t\t\t\t\t\t<form class=\"raven-search-form raven-search-form-classic\" method=\"get\" action=\"https:\/\/www.cf-romandie.ch\/ncfrom\/\" role=\"search\">\n\t\t\t<div class=\"raven-search-form-container\">\n\t\t\t\t<div class=\"raven-search-form-inner\">\n\t\t\t\t\t<label class=\"elementor-screen-only\" for=\"raven-search-form-input\">Search<\/label>\n\t\t\t\t\t<input id=\"raven-search-form-input\" class=\"raven-search-form-input\" type=\"search\" name=\"s\" placeholder=\"Rechercher...\" \/>\n\t\t\t\t\t\t\t\t\t\t\t\t\t\t\t\t\t\t<button class=\"raven-search-form-button raven-search-form-button-svg\" type=\"submit\" aria-label=\"Search\">\n\t\t\t\t\t\t\t\t\t<i class=\"fas fa-search\"><\/i>\t\t\t\t\t\t\t\t<\/button>\n\t\t\t\t\t\t\t\t\t\t\t\t\t\t\t\t\t<\/div>\n\t\t\t<\/div>\n\t\t<\/form>\n\t\t\t\t\t\t<\/div>\n\t\t\t\t<\/div>\n\t\t\t\t\t<\/div>\n\t\t<\/div>\n\t\t\t\t\t<\/div>\n\t\t<\/section>\n\t\t\t\t\t<\/div>\n\t\t<\/div>\n\t\t\t\t\t<\/div>\n\t\t<\/section>\n\t\t\t\t<section class=\"elementor-section elementor-top-section elementor-element elementor-element-29529c7 elementor-section-full_width elementor-section-height-default elementor-section-height-default\" data-id=\"29529c7\" data-element_type=\"section\" data-e-type=\"section\" data-settings=\"{&quot;background_background&quot;:&quot;classic&quot;}\">\n\t\t\t\t\t\t<div class=\"elementor-container elementor-column-gap-default\">\n\t\t\t\t\t<div class=\"elementor-column elementor-col-100 elementor-top-column elementor-element elementor-element-31cfd28\" data-id=\"31cfd28\" data-element_type=\"column\" data-e-type=\"column\">\n\t\t\t<div class=\"elementor-widget-wrap elementor-element-populated\">\n\t\t\t\t\t\t<section class=\"elementor-section elementor-inner-section elementor-element elementor-element-480b809 elementor-section-boxed elementor-section-height-default elementor-section-height-default\" data-id=\"480b809\" data-element_type=\"section\" data-e-type=\"section\">\n\t\t\t\t\t\t<div class=\"elementor-container elementor-column-gap-default\">\n\t\t\t\t\t<div class=\"elementor-column elementor-col-100 elementor-inner-column elementor-element elementor-element-56b5fab\" data-id=\"56b5fab\" data-element_type=\"column\" data-e-type=\"column\">\n\t\t\t<div class=\"elementor-widget-wrap elementor-element-populated\">\n\t\t\t\t\t\t<div class=\"elementor-element elementor-element-36b75dc elementor-align-center elementor-widget elementor-widget-raven-breadcrumbs\" data-id=\"36b75dc\" data-element_type=\"widget\" data-e-type=\"widget\" data-widget_type=\"raven-breadcrumbs.default\">\n\t\t\t\t<div class=\"elementor-widget-container\">\n\t\t\t\t\t<div class=\"raven-breadcrumbs raven-breadcrumbs-default\"><div class=\"breadcrumb\">\t\t\t\t<div class=\"breadcrumb-item active\" aria-current=\"page\"><span>Home<\/span><\/div>\n\n\t\t\t\t<\/div><\/div>\t\t\t\t<\/div>\n\t\t\t\t<\/div>\n\t\t\t\t\t<\/div>\n\t\t<\/div>\n\t\t\t\t\t<\/div>\n\t\t<\/section>\n\t\t\t\t<div class=\"elementor-element elementor-element-84efedd elementor-nav-menu--dropdown-tablet elementor-nav-menu__text-align-aside elementor-nav-menu--toggle elementor-nav-menu--burger elementor-widget elementor-widget-nav-menu\" data-id=\"84efedd\" data-element_type=\"widget\" data-e-type=\"widget\" data-settings=\"{&quot;layout&quot;:&quot;horizontal&quot;,&quot;submenu_icon&quot;:{&quot;value&quot;:&quot;&lt;i class=\\&quot;fas fa-caret-down\\&quot; aria-hidden=\\&quot;true\\&quot;&gt;&lt;\\\/i&gt;&quot;,&quot;library&quot;:&quot;fa-solid&quot;},&quot;toggle&quot;:&quot;burger&quot;}\" data-widget_type=\"nav-menu.default\">\n\t\t\t\t<div class=\"elementor-widget-container\">\n\t\t\t\t\t\t\t\t<nav aria-label=\"Menu\" class=\"elementor-nav-menu--main elementor-nav-menu__container elementor-nav-menu--layout-horizontal e--pointer-none\">\n\t\t\t\t<ul id=\"menu-1-84efedd\" class=\"elementor-nav-menu\"><li class=\"menu-item menu-item-type-post_type menu-item-object-page menu-item-9575\"><a href=\"https:\/\/www.cf-romandie.ch\/ncfrom\/communication_pers_sans_langage\" class=\"elementor-item\">Communication et handicap de parole<\/a><\/li>\n<li class=\"menu-item menu-item-type-post_type menu-item-object-page menu-item-2587\"><a href=\"https:\/\/www.cf-romandie.ch\/ncfrom\/communication_pers_sans_langage\/population_concernee_pers_sans_langage\" class=\"elementor-item\">Personnes concern\u00e9es<\/a><\/li>\n<li class=\"menu-item menu-item-type-post_type menu-item-object-page menu-item-2590\"><a href=\"https:\/\/www.cf-romandie.ch\/ncfrom\/communication_pers_sans_langage\/seance_pratique_pers_sans_langage\" class=\"elementor-item\">Une s\u00e9ance en pratique<\/a><\/li>\n<li class=\"menu-item menu-item-type-post_type menu-item-object-page menu-item-2591\"><a href=\"https:\/\/www.cf-romandie.ch\/ncfrom\/communication_pers_sans_langage\/temoignages_pers_sans_langage\" class=\"elementor-item\">T\u00e9moignages<\/a><\/li>\n<li class=\"menu-item menu-item-type-post_type menu-item-object-page menu-item-2692\"><a href=\"https:\/\/www.cf-romandie.ch\/ncfrom\/communication_pers_sans_langage\/journal-fleur-de-parole\" class=\"elementor-item\">Journal<\/a><\/li>\n<li class=\"menu-item menu-item-type-post_type menu-item-object-page menu-item-2689\"><a href=\"https:\/\/www.cf-romandie.ch\/ncfrom\/communication_pers_sans_langage\/bibliographie_handi\" class=\"elementor-item\">Bibliographie<\/a><\/li>\n<li class=\"menu-item menu-item-type-post_type menu-item-object-page menu-item-2691\"><a href=\"https:\/\/www.cf-romandie.ch\/ncfrom\/communication_pers_sans_langage\/articles_handi\" class=\"elementor-item\">Articles<\/a><\/li>\n<li class=\"menu-item menu-item-type-post_type menu-item-object-page menu-item-2690\"><a href=\"https:\/\/www.cf-romandie.ch\/ncfrom\/communication_pers_sans_langage\/conferences_handi\" class=\"elementor-item\">Conf\u00e9rences<\/a><\/li>\n<li class=\"menu-item menu-item-type-post_type menu-item-object-page menu-item-2688\"><a href=\"https:\/\/www.cf-romandie.ch\/ncfrom\/communication_pers_sans_langage\/tables_rondes\" class=\"elementor-item\">Tables rondes<\/a><\/li>\n<li class=\"menu-item menu-item-type-post_type menu-item-object-page menu-item-2816\"><a href=\"https:\/\/www.cf-romandie.ch\/ncfrom\/communication_pers_sans_langage\/documents-multimedias\" class=\"elementor-item\">Multim\u00e9dia<\/a><\/li>\n<li class=\"menu-item menu-item-type-post_type menu-item-object-page menu-item-2889\"><a href=\"https:\/\/www.cf-romandie.ch\/ncfrom\/communication_pers_sans_langage\/foire-aux-questions\" class=\"elementor-item\">Foire aux questions<\/a><\/li>\n<li class=\"menu-item menu-item-type-post_type menu-item-object-page menu-item-2586\"><a href=\"https:\/\/www.cf-romandie.ch\/ncfrom\/communication_pers_sans_langage\/telechargement_pers_sans_langage\" class=\"elementor-item\">T\u00e9l\u00e9chargement<\/a><\/li>\n<\/ul>\t\t\t<\/nav>\n\t\t\t\t\t<div class=\"elementor-menu-toggle\" role=\"button\" tabindex=\"0\" aria-label=\"Permuter le menu\" aria-expanded=\"false\">\n\t\t\t<i aria-hidden=\"true\" role=\"presentation\" class=\"elementor-menu-toggle__icon--open eicon-menu-bar\"><\/i><i aria-hidden=\"true\" role=\"presentation\" class=\"elementor-menu-toggle__icon--close eicon-close\"><\/i>\t\t<\/div>\n\t\t\t\t\t<nav class=\"elementor-nav-menu--dropdown elementor-nav-menu__container\" aria-hidden=\"true\">\n\t\t\t\t<ul id=\"menu-2-84efedd\" class=\"elementor-nav-menu\"><li class=\"menu-item menu-item-type-post_type menu-item-object-page menu-item-9575\"><a href=\"https:\/\/www.cf-romandie.ch\/ncfrom\/communication_pers_sans_langage\" class=\"elementor-item\" tabindex=\"-1\">Communication et handicap de parole<\/a><\/li>\n<li class=\"menu-item menu-item-type-post_type menu-item-object-page menu-item-2587\"><a href=\"https:\/\/www.cf-romandie.ch\/ncfrom\/communication_pers_sans_langage\/population_concernee_pers_sans_langage\" class=\"elementor-item\" tabindex=\"-1\">Personnes concern\u00e9es<\/a><\/li>\n<li class=\"menu-item menu-item-type-post_type menu-item-object-page menu-item-2590\"><a href=\"https:\/\/www.cf-romandie.ch\/ncfrom\/communication_pers_sans_langage\/seance_pratique_pers_sans_langage\" class=\"elementor-item\" tabindex=\"-1\">Une s\u00e9ance en pratique<\/a><\/li>\n<li class=\"menu-item menu-item-type-post_type menu-item-object-page menu-item-2591\"><a href=\"https:\/\/www.cf-romandie.ch\/ncfrom\/communication_pers_sans_langage\/temoignages_pers_sans_langage\" class=\"elementor-item\" tabindex=\"-1\">T\u00e9moignages<\/a><\/li>\n<li class=\"menu-item menu-item-type-post_type menu-item-object-page menu-item-2692\"><a href=\"https:\/\/www.cf-romandie.ch\/ncfrom\/communication_pers_sans_langage\/journal-fleur-de-parole\" class=\"elementor-item\" tabindex=\"-1\">Journal<\/a><\/li>\n<li class=\"menu-item menu-item-type-post_type menu-item-object-page menu-item-2689\"><a href=\"https:\/\/www.cf-romandie.ch\/ncfrom\/communication_pers_sans_langage\/bibliographie_handi\" class=\"elementor-item\" tabindex=\"-1\">Bibliographie<\/a><\/li>\n<li class=\"menu-item menu-item-type-post_type menu-item-object-page menu-item-2691\"><a href=\"https:\/\/www.cf-romandie.ch\/ncfrom\/communication_pers_sans_langage\/articles_handi\" class=\"elementor-item\" tabindex=\"-1\">Articles<\/a><\/li>\n<li class=\"menu-item menu-item-type-post_type menu-item-object-page menu-item-2690\"><a href=\"https:\/\/www.cf-romandie.ch\/ncfrom\/communication_pers_sans_langage\/conferences_handi\" class=\"elementor-item\" tabindex=\"-1\">Conf\u00e9rences<\/a><\/li>\n<li class=\"menu-item menu-item-type-post_type menu-item-object-page menu-item-2688\"><a href=\"https:\/\/www.cf-romandie.ch\/ncfrom\/communication_pers_sans_langage\/tables_rondes\" class=\"elementor-item\" tabindex=\"-1\">Tables rondes<\/a><\/li>\n<li class=\"menu-item menu-item-type-post_type menu-item-object-page menu-item-2816\"><a href=\"https:\/\/www.cf-romandie.ch\/ncfrom\/communication_pers_sans_langage\/documents-multimedias\" class=\"elementor-item\" tabindex=\"-1\">Multim\u00e9dia<\/a><\/li>\n<li class=\"menu-item menu-item-type-post_type menu-item-object-page menu-item-2889\"><a href=\"https:\/\/www.cf-romandie.ch\/ncfrom\/communication_pers_sans_langage\/foire-aux-questions\" class=\"elementor-item\" tabindex=\"-1\">Foire aux questions<\/a><\/li>\n<li class=\"menu-item menu-item-type-post_type menu-item-object-page menu-item-2586\"><a href=\"https:\/\/www.cf-romandie.ch\/ncfrom\/communication_pers_sans_langage\/telechargement_pers_sans_langage\" class=\"elementor-item\" tabindex=\"-1\">T\u00e9l\u00e9chargement<\/a><\/li>\n<\/ul>\t\t\t<\/nav>\n\t\t\t\t\t\t<\/div>\n\t\t\t\t<\/div>\n\t\t\t\t\t<\/div>\n\t\t<\/div>\n\t\t\t\t\t<\/div>\n\t\t<\/section>\n\t\t\t\t<section class=\"elementor-section elementor-top-section elementor-element elementor-element-ab027d0 elementor-section-boxed elementor-section-height-default elementor-section-height-default\" data-id=\"ab027d0\" data-element_type=\"section\" data-e-type=\"section\">\n\t\t\t\t\t\t<div class=\"elementor-container elementor-column-gap-default\">\n\t\t\t\t\t<div class=\"elementor-column elementor-col-100 elementor-top-column elementor-element elementor-element-b751500\" data-id=\"b751500\" data-element_type=\"column\" data-e-type=\"column\">\n\t\t\t<div class=\"elementor-widget-wrap elementor-element-populated\">\n\t\t\t\t\t\t<div class=\"elementor-element elementor-element-85d1bd8 elementor-widget elementor-widget-spacer\" data-id=\"85d1bd8\" data-element_type=\"widget\" data-e-type=\"widget\" data-widget_type=\"spacer.default\">\n\t\t\t\t<div class=\"elementor-widget-container\">\n\t\t\t\t\t\t\t<div class=\"elementor-spacer\">\n\t\t\t<div class=\"elementor-spacer-inner\"><\/div>\n\t\t<\/div>\n\t\t\t\t\t\t<\/div>\n\t\t\t\t<\/div>\n\t\t\t\t<div class=\"elementor-element elementor-element-cb8320c elementor-widget elementor-widget-text-editor\" data-id=\"cb8320c\" data-element_type=\"widget\" data-e-type=\"widget\" data-widget_type=\"text-editor.default\">\n\t\t\t\t<div class=\"elementor-widget-container\">\n\t\t\t\t\t\t\t\t\t<h2>T\u00e9l\u00e9chargement<\/h2>\t\t\t\t\t\t\t\t<\/div>\n\t\t\t\t<\/div>\n\t\t\t\t\t<\/div>\n\t\t<\/div>\n\t\t\t\t\t<\/div>\n\t\t<\/section>\n\t\t\t\t<section class=\"elementor-section elementor-top-section elementor-element elementor-element-5b90e2a elementor-section-boxed elementor-section-height-default elementor-section-height-default\" data-id=\"5b90e2a\" data-element_type=\"section\" data-e-type=\"section\">\n\t\t\t\t\t\t<div class=\"elementor-container elementor-column-gap-default\">\n\t\t\t\t\t<div class=\"elementor-column elementor-col-100 elementor-top-column elementor-element elementor-element-245983c\" data-id=\"245983c\" data-element_type=\"column\" data-e-type=\"column\">\n\t\t\t<div class=\"elementor-widget-wrap elementor-element-populated\">\n\t\t\t\t\t\t<div class=\"elementor-element elementor-element-9cfa679 elementor-widget elementor-widget-text-editor\" data-id=\"9cfa679\" data-element_type=\"widget\" data-e-type=\"widget\" data-widget_type=\"text-editor.default\">\n\t\t\t\t<div class=\"elementor-widget-container\">\n\t\t\t\t\t\t\t\t\t<p>Pour vous permettre de mieux d\u00e9couvrir la Communication Facilit\u00e9e et la Psychophanie ou mettre \u00e0 votre disposition divers outils.<\/p>\t\t\t\t\t\t\t\t<\/div>\n\t\t\t\t<\/div>\n\t\t\t\t\t<\/div>\n\t\t<\/div>\n\t\t\t\t\t<\/div>\n\t\t<\/section>\n\t\t\t\t<section class=\"elementor-section elementor-top-section elementor-element elementor-element-e0f0851 elementor-section-boxed elementor-section-height-default elementor-section-height-default\" data-id=\"e0f0851\" data-element_type=\"section\" data-e-type=\"section\">\n\t\t\t\t\t\t<div class=\"elementor-container elementor-column-gap-default\">\n\t\t\t\t\t<div class=\"elementor-column elementor-col-100 elementor-top-column elementor-element elementor-element-56b91a3\" data-id=\"56b91a3\" data-element_type=\"column\" data-e-type=\"column\">\n\t\t\t<div class=\"elementor-widget-wrap elementor-element-populated\">\n\t\t\t\t\t\t<section class=\"elementor-section elementor-inner-section elementor-element elementor-element-8fa2337 elementor-section-boxed elementor-section-height-default elementor-section-height-default\" data-id=\"8fa2337\" data-element_type=\"section\" data-e-type=\"section\">\n\t\t\t\t\t\t<div class=\"elementor-container elementor-column-gap-default\">\n\t\t\t\t\t<div class=\"elementor-column elementor-col-33 elementor-inner-column elementor-element elementor-element-014b153\" data-id=\"014b153\" data-element_type=\"column\" data-e-type=\"column\">\n\t\t\t<div class=\"elementor-widget-wrap elementor-element-populated\">\n\t\t\t\t\t\t<div class=\"elementor-element elementor-element-b3fb044 elementor-view-default elementor-position-block-start elementor-mobile-position-block-start elementor-widget elementor-widget-icon-box\" data-id=\"b3fb044\" data-element_type=\"widget\" data-e-type=\"widget\" data-widget_type=\"icon-box.default\">\n\t\t\t\t<div class=\"elementor-widget-container\">\n\t\t\t\t\t\t\t<div class=\"elementor-icon-box-wrapper\">\n\n\t\t\t\t\t\t<div class=\"elementor-icon-box-icon\">\n\t\t\t\t<a href=\"https:\/\/www.cf-romandie.ch\/ncfrom\/communication_pers_sans_langage\/telechargement_pers_sans_langage\/pictogrammes\" class=\"elementor-icon\" tabindex=\"-1\" aria-label=\"Pictogrammes\">\n\t\t\t\t<i aria-hidden=\"true\" class=\"far fa-image\"><\/i>\t\t\t\t<\/a>\n\t\t\t<\/div>\n\t\t\t\n\t\t\t\t\t\t<div class=\"elementor-icon-box-content\">\n\n\t\t\t\t\t\t\t\t\t<h3 class=\"elementor-icon-box-title\">\n\t\t\t\t\t\t<a href=\"https:\/\/www.cf-romandie.ch\/ncfrom\/communication_pers_sans_langage\/telechargement_pers_sans_langage\/pictogrammes\" >\n\t\t\t\t\t\t\tPictogrammes\t\t\t\t\t\t<\/a>\n\t\t\t\t\t<\/h3>\n\t\t\t\t\n\t\t\t\t\n\t\t\t<\/div>\n\t\t\t\n\t\t<\/div>\n\t\t\t\t\t\t<\/div>\n\t\t\t\t<\/div>\n\t\t\t\t\t<\/div>\n\t\t<\/div>\n\t\t\t\t<div class=\"elementor-column elementor-col-66 elementor-inner-column elementor-element elementor-element-18b6117\" data-id=\"18b6117\" data-element_type=\"column\" data-e-type=\"column\">\n\t\t\t<div class=\"elementor-widget-wrap elementor-element-populated\">\n\t\t\t\t\t\t<div class=\"elementor-element elementor-element-91aa53f elementor-widget elementor-widget-heading\" data-id=\"91aa53f\" data-element_type=\"widget\" data-e-type=\"widget\" data-widget_type=\"heading.default\">\n\t\t\t\t<div class=\"elementor-widget-container\">\n\t\t\t\t\t<h5 class=\"elementor-heading-title elementor-size-default\"><a href=\"https:\/\/www.cf-romandie.ch\/ncfrom\/communication_pers_sans_langage\/telechargement_pers_sans_langage\/pictogrammes\">T\u00e9l\u00e9chargement de pictogrammes<\/a><\/h5>\t\t\t\t<\/div>\n\t\t\t\t<\/div>\n\t\t\t\t<div class=\"elementor-element elementor-element-4217d51 elementor-widget elementor-widget-text-editor\" data-id=\"4217d51\" data-element_type=\"widget\" data-e-type=\"widget\" data-widget_type=\"text-editor.default\">\n\t\t\t\t<div class=\"elementor-widget-container\">\n\t\t\t\t\t\t\t\t\t<p>La facilitation est un moyen d\u2019aide \u00e0 la communication parmi d\u2019autres. C\u2019est pourquoi, en marge de l\u2019activit\u00e9 de CF-Romandie, vous trouverez ici, gratuitement, pr\u00e8s de 1\u2019800 images utiles \u00e0 la r\u00e9alisation de tableaux de communication.<\/p>\t\t\t\t\t\t\t\t<\/div>\n\t\t\t\t<\/div>\n\t\t\t\t\t<\/div>\n\t\t<\/div>\n\t\t\t\t\t<\/div>\n\t\t<\/section>\n\t\t\t\t\t<\/div>\n\t\t<\/div>\n\t\t\t\t\t<\/div>\n\t\t<\/section>\n\t\t\t\t<\/div>\n\t\t","protected":false},"excerpt":{"rendered":"<p>T\u00e9l\u00e9chargement Home T\u00e9l\u00e9chargement Pour vous permettre de mieux d\u00e9couvrir la Communication Facilit\u00e9e et la Psychophanie ou mettre \u00e0 votre disposition divers outils. Pictogrammes T\u00e9l\u00e9chargement de pictogrammes La facilitation est un moyen d\u2019aide \u00e0 la communication parmi d\u2019autres. C\u2019est pourquoi, en marge de l\u2019activit\u00e9 de CF-Romandie, vous trouverez ici, gratuitement, pr\u00e8s de 1\u2019800 images utiles \u00e0 [&hellip;]<\/p>\n","protected":false},"author":1,"featured_media":0,"parent":1004,"menu_order":0,"comment_status":"closed","ping_status":"closed","template":"","meta":{"_acf_changed":false,"footnotes":""},"class_list":["post-2576","page","type-page","status-publish","hentry"],"acf":[],"_links":{"self":[{"href":"https:\/\/www.cf-romandie.ch\/ncfrom\/wp-json\/wp\/v2\/pages\/2576","targetHints":{"allow":["GET"]}}],"collection":[{"href":"https:\/\/www.cf-romandie.ch\/ncfrom\/wp-json\/wp\/v2\/pages"}],"about":[{"href":"https:\/\/www.cf-romandie.ch\/ncfrom\/wp-json\/wp\/v2\/types\/page"}],"author":[{"embeddable":true,"href":"https:\/\/www.cf-romandie.ch\/ncfrom\/wp-json\/wp\/v2\/users\/1"}],"replies":[{"embeddable":true,"href":"https:\/\/www.cf-romandie.ch\/ncfrom\/wp-json\/wp\/v2\/comments?post=2576"}],"version-history":[{"count":10,"href":"https:\/\/www.cf-romandie.ch\/ncfrom\/wp-json\/wp\/v2\/pages\/2576\/revisions"}],"predecessor-version":[{"id":11216,"href":"https:\/\/www.cf-romandie.ch\/ncfrom\/wp-json\/wp\/v2\/pages\/2576\/revisions\/11216"}],"up":[{"embeddable":true,"href":"https:\/\/www.cf-romandie.ch\/ncfrom\/wp-json\/wp\/v2\/pages\/1004"}],"wp:attachment":[{"href":"https:\/\/www.cf-romandie.ch\/ncfrom\/wp-json\/wp\/v2\/media?parent=2576"}],"curies":[{"name":"wp","href":"https:\/\/api.w.org\/{rel}","templated":true}]}}