{"id":2666,"date":"2018-08-06T10:16:41","date_gmt":"2018-08-06T09:16:41","guid":{"rendered":"https:\/\/www.cf-romandie.ch\/ncfrom\/bibliographie-copy"},"modified":"2023-02-19T09:18:56","modified_gmt":"2023-02-19T08:18:56","slug":"bibliographie_handi","status":"publish","type":"page","link":"https:\/\/www.cf-romandie.ch\/ncfrom\/communication_pers_sans_langage\/bibliographie_handi","title":{"rendered":"Bibliographie"},"content":{"rendered":"\t\t<div data-elementor-type=\"wp-page\" data-elementor-id=\"2666\" class=\"elementor elementor-2666\" data-elementor-post-type=\"page\">\n\t\t\t\t\t\t<section class=\"elementor-section elementor-top-section elementor-element elementor-element-557da0f elementor-section-boxed elementor-section-height-default elementor-section-height-default\" data-id=\"557da0f\" data-element_type=\"section\" data-e-type=\"section\" data-settings=\"{&quot;background_background&quot;:&quot;classic&quot;}\">\n\t\t\t\t\t\t<div class=\"elementor-container elementor-column-gap-default\">\n\t\t\t\t\t<div class=\"elementor-column elementor-col-100 elementor-top-column elementor-element elementor-element-3668c8b\" data-id=\"3668c8b\" data-element_type=\"column\" data-e-type=\"column\">\n\t\t\t<div class=\"elementor-widget-wrap elementor-element-populated\">\n\t\t\t\t\t\t<section class=\"elementor-section elementor-inner-section elementor-element elementor-element-531b923 elementor-section-height-min-height elementor-section-boxed elementor-section-height-default\" data-id=\"531b923\" data-element_type=\"section\" data-e-type=\"section\">\n\t\t\t\t\t\t<div class=\"elementor-container elementor-column-gap-default\">\n\t\t\t\t\t<div class=\"elementor-column elementor-col-50 elementor-inner-column elementor-element elementor-element-76f6b2d\" data-id=\"76f6b2d\" data-element_type=\"column\" data-e-type=\"column\">\n\t\t\t<div class=\"elementor-widget-wrap elementor-element-populated\">\n\t\t\t\t\t\t<div class=\"elementor-element elementor-element-f52e9c5 elementor-widget elementor-widget-heading\" data-id=\"f52e9c5\" data-element_type=\"widget\" data-e-type=\"widget\" data-widget_type=\"heading.default\">\n\t\t\t\t<div class=\"elementor-widget-container\">\n\t\t\t\t\t<h4 class=\"elementor-heading-title elementor-size-default\">Bibliographie<\/h4>\t\t\t\t<\/div>\n\t\t\t\t<\/div>\n\t\t\t\t\t<\/div>\n\t\t<\/div>\n\t\t\t\t<div class=\"elementor-column elementor-col-50 elementor-inner-column elementor-element elementor-element-05565b0\" data-id=\"05565b0\" data-element_type=\"column\" data-e-type=\"column\">\n\t\t\t<div class=\"elementor-widget-wrap elementor-element-populated\">\n\t\t\t\t\t\t<div class=\"elementor-element elementor-element-b75117a elementor-widget elementor-widget-raven-search-form\" data-id=\"b75117a\" data-element_type=\"widget\" data-e-type=\"widget\" data-settings=\"{&quot;_skin&quot;:&quot;classic&quot;}\" data-widget_type=\"raven-search-form.classic\">\n\t\t\t\t<div class=\"elementor-widget-container\">\n\t\t\t\t\t\t\t<form class=\"raven-search-form raven-search-form-classic\" method=\"get\" action=\"https:\/\/www.cf-romandie.ch\/ncfrom\/\" role=\"search\">\n\t\t\t<div class=\"raven-search-form-container\">\n\t\t\t\t<div class=\"raven-search-form-inner\">\n\t\t\t\t\t<label class=\"elementor-screen-only\" for=\"raven-search-form-input\">Search<\/label>\n\t\t\t\t\t<input id=\"raven-search-form-input\" class=\"raven-search-form-input\" type=\"search\" name=\"s\" placeholder=\"Rechercher...\" \/>\n\t\t\t\t\t\t\t\t\t\t\t\t\t\t\t\t\t\t<button class=\"raven-search-form-button raven-search-form-button-svg\" type=\"submit\" aria-label=\"Search\">\n\t\t\t\t\t\t\t\t\t<i class=\"fas fa-search\"><\/i>\t\t\t\t\t\t\t\t<\/button>\n\t\t\t\t\t\t\t\t\t\t\t\t\t\t\t\t\t<\/div>\n\t\t\t<\/div>\n\t\t<\/form>\n\t\t\t\t\t\t<\/div>\n\t\t\t\t<\/div>\n\t\t\t\t\t<\/div>\n\t\t<\/div>\n\t\t\t\t\t<\/div>\n\t\t<\/section>\n\t\t\t\t\t<\/div>\n\t\t<\/div>\n\t\t\t\t\t<\/div>\n\t\t<\/section>\n\t\t\t\t<section class=\"elementor-section elementor-top-section elementor-element elementor-element-45d6ea3 elementor-section-full_width elementor-section-height-default elementor-section-height-default\" data-id=\"45d6ea3\" data-element_type=\"section\" data-e-type=\"section\" data-settings=\"{&quot;background_background&quot;:&quot;classic&quot;}\">\n\t\t\t\t\t\t<div class=\"elementor-container elementor-column-gap-default\">\n\t\t\t\t\t<div class=\"elementor-column elementor-col-100 elementor-top-column elementor-element elementor-element-701549c\" data-id=\"701549c\" data-element_type=\"column\" data-e-type=\"column\">\n\t\t\t<div class=\"elementor-widget-wrap elementor-element-populated\">\n\t\t\t\t\t\t<section class=\"elementor-section elementor-inner-section elementor-element elementor-element-0d8feec elementor-section-boxed elementor-section-height-default elementor-section-height-default\" data-id=\"0d8feec\" data-element_type=\"section\" data-e-type=\"section\">\n\t\t\t\t\t\t<div class=\"elementor-container elementor-column-gap-default\">\n\t\t\t\t\t<div class=\"elementor-column elementor-col-100 elementor-inner-column elementor-element elementor-element-9648a8f\" data-id=\"9648a8f\" data-element_type=\"column\" data-e-type=\"column\">\n\t\t\t<div class=\"elementor-widget-wrap elementor-element-populated\">\n\t\t\t\t\t\t<div class=\"elementor-element elementor-element-ef4a72f elementor-align-center elementor-widget elementor-widget-raven-breadcrumbs\" data-id=\"ef4a72f\" data-element_type=\"widget\" data-e-type=\"widget\" data-widget_type=\"raven-breadcrumbs.default\">\n\t\t\t\t<div class=\"elementor-widget-container\">\n\t\t\t\t\t<div class=\"raven-breadcrumbs raven-breadcrumbs-default\"><div class=\"breadcrumb\">\t\t\t\t<div class=\"breadcrumb-item active\" aria-current=\"page\"><span>Home<\/span><\/div>\n\n\t\t\t\t<\/div><\/div>\t\t\t\t<\/div>\n\t\t\t\t<\/div>\n\t\t\t\t\t<\/div>\n\t\t<\/div>\n\t\t\t\t\t<\/div>\n\t\t<\/section>\n\t\t\t\t<div class=\"elementor-element elementor-element-d64cadd elementor-nav-menu--dropdown-tablet elementor-nav-menu__text-align-aside elementor-nav-menu--toggle elementor-nav-menu--burger elementor-widget elementor-widget-nav-menu\" data-id=\"d64cadd\" data-element_type=\"widget\" data-e-type=\"widget\" data-settings=\"{&quot;layout&quot;:&quot;horizontal&quot;,&quot;submenu_icon&quot;:{&quot;value&quot;:&quot;&lt;i class=\\&quot;fas fa-caret-down\\&quot; aria-hidden=\\&quot;true\\&quot;&gt;&lt;\\\/i&gt;&quot;,&quot;library&quot;:&quot;fa-solid&quot;},&quot;toggle&quot;:&quot;burger&quot;}\" data-widget_type=\"nav-menu.default\">\n\t\t\t\t<div class=\"elementor-widget-container\">\n\t\t\t\t\t\t\t\t<nav aria-label=\"Menu\" class=\"elementor-nav-menu--main elementor-nav-menu__container elementor-nav-menu--layout-horizontal e--pointer-none\">\n\t\t\t\t<ul id=\"menu-1-d64cadd\" class=\"elementor-nav-menu\"><li class=\"menu-item menu-item-type-post_type menu-item-object-page menu-item-9575\"><a href=\"https:\/\/www.cf-romandie.ch\/ncfrom\/communication_pers_sans_langage\" class=\"elementor-item\">Communication et handicap de parole<\/a><\/li>\n<li class=\"menu-item menu-item-type-post_type menu-item-object-page menu-item-2587\"><a href=\"https:\/\/www.cf-romandie.ch\/ncfrom\/communication_pers_sans_langage\/population_concernee_pers_sans_langage\" class=\"elementor-item\">Personnes concern\u00e9es<\/a><\/li>\n<li class=\"menu-item menu-item-type-post_type menu-item-object-page menu-item-2590\"><a href=\"https:\/\/www.cf-romandie.ch\/ncfrom\/communication_pers_sans_langage\/seance_pratique_pers_sans_langage\" class=\"elementor-item\">Une s\u00e9ance en pratique<\/a><\/li>\n<li class=\"menu-item menu-item-type-post_type menu-item-object-page menu-item-2591\"><a href=\"https:\/\/www.cf-romandie.ch\/ncfrom\/communication_pers_sans_langage\/temoignages_pers_sans_langage\" class=\"elementor-item\">T\u00e9moignages<\/a><\/li>\n<li class=\"menu-item menu-item-type-post_type menu-item-object-page menu-item-2692\"><a href=\"https:\/\/www.cf-romandie.ch\/ncfrom\/communication_pers_sans_langage\/journal-fleur-de-parole\" class=\"elementor-item\">Journal<\/a><\/li>\n<li class=\"menu-item menu-item-type-post_type menu-item-object-page menu-item-2689\"><a href=\"https:\/\/www.cf-romandie.ch\/ncfrom\/communication_pers_sans_langage\/bibliographie_handi\" class=\"elementor-item\">Bibliographie<\/a><\/li>\n<li class=\"menu-item menu-item-type-post_type menu-item-object-page menu-item-2691\"><a href=\"https:\/\/www.cf-romandie.ch\/ncfrom\/communication_pers_sans_langage\/articles_handi\" class=\"elementor-item\">Articles<\/a><\/li>\n<li class=\"menu-item menu-item-type-post_type menu-item-object-page menu-item-2690\"><a href=\"https:\/\/www.cf-romandie.ch\/ncfrom\/communication_pers_sans_langage\/conferences_handi\" class=\"elementor-item\">Conf\u00e9rences<\/a><\/li>\n<li class=\"menu-item menu-item-type-post_type menu-item-object-page menu-item-2688\"><a href=\"https:\/\/www.cf-romandie.ch\/ncfrom\/communication_pers_sans_langage\/tables_rondes\" class=\"elementor-item\">Tables rondes<\/a><\/li>\n<li class=\"menu-item menu-item-type-post_type menu-item-object-page menu-item-2816\"><a href=\"https:\/\/www.cf-romandie.ch\/ncfrom\/communication_pers_sans_langage\/documents-multimedias\" class=\"elementor-item\">Multim\u00e9dia<\/a><\/li>\n<li class=\"menu-item menu-item-type-post_type menu-item-object-page menu-item-2889\"><a href=\"https:\/\/www.cf-romandie.ch\/ncfrom\/communication_pers_sans_langage\/foire-aux-questions\" class=\"elementor-item\">Foire aux questions<\/a><\/li>\n<li class=\"menu-item menu-item-type-post_type menu-item-object-page menu-item-2586\"><a href=\"https:\/\/www.cf-romandie.ch\/ncfrom\/communication_pers_sans_langage\/telechargement_pers_sans_langage\" class=\"elementor-item\">T\u00e9l\u00e9chargement<\/a><\/li>\n<\/ul>\t\t\t<\/nav>\n\t\t\t\t\t<div class=\"elementor-menu-toggle\" role=\"button\" tabindex=\"0\" aria-label=\"Permuter le menu\" aria-expanded=\"false\">\n\t\t\t<i aria-hidden=\"true\" role=\"presentation\" class=\"elementor-menu-toggle__icon--open eicon-menu-bar\"><\/i><i aria-hidden=\"true\" role=\"presentation\" class=\"elementor-menu-toggle__icon--close eicon-close\"><\/i>\t\t<\/div>\n\t\t\t\t\t<nav class=\"elementor-nav-menu--dropdown elementor-nav-menu__container\" aria-hidden=\"true\">\n\t\t\t\t<ul id=\"menu-2-d64cadd\" class=\"elementor-nav-menu\"><li class=\"menu-item menu-item-type-post_type menu-item-object-page menu-item-9575\"><a href=\"https:\/\/www.cf-romandie.ch\/ncfrom\/communication_pers_sans_langage\" class=\"elementor-item\" tabindex=\"-1\">Communication et handicap de parole<\/a><\/li>\n<li class=\"menu-item menu-item-type-post_type menu-item-object-page menu-item-2587\"><a href=\"https:\/\/www.cf-romandie.ch\/ncfrom\/communication_pers_sans_langage\/population_concernee_pers_sans_langage\" class=\"elementor-item\" tabindex=\"-1\">Personnes concern\u00e9es<\/a><\/li>\n<li class=\"menu-item menu-item-type-post_type menu-item-object-page menu-item-2590\"><a href=\"https:\/\/www.cf-romandie.ch\/ncfrom\/communication_pers_sans_langage\/seance_pratique_pers_sans_langage\" class=\"elementor-item\" tabindex=\"-1\">Une s\u00e9ance en pratique<\/a><\/li>\n<li class=\"menu-item menu-item-type-post_type menu-item-object-page menu-item-2591\"><a href=\"https:\/\/www.cf-romandie.ch\/ncfrom\/communication_pers_sans_langage\/temoignages_pers_sans_langage\" class=\"elementor-item\" tabindex=\"-1\">T\u00e9moignages<\/a><\/li>\n<li class=\"menu-item menu-item-type-post_type menu-item-object-page menu-item-2692\"><a href=\"https:\/\/www.cf-romandie.ch\/ncfrom\/communication_pers_sans_langage\/journal-fleur-de-parole\" class=\"elementor-item\" tabindex=\"-1\">Journal<\/a><\/li>\n<li class=\"menu-item menu-item-type-post_type menu-item-object-page menu-item-2689\"><a href=\"https:\/\/www.cf-romandie.ch\/ncfrom\/communication_pers_sans_langage\/bibliographie_handi\" class=\"elementor-item\" tabindex=\"-1\">Bibliographie<\/a><\/li>\n<li class=\"menu-item menu-item-type-post_type menu-item-object-page menu-item-2691\"><a href=\"https:\/\/www.cf-romandie.ch\/ncfrom\/communication_pers_sans_langage\/articles_handi\" class=\"elementor-item\" tabindex=\"-1\">Articles<\/a><\/li>\n<li class=\"menu-item menu-item-type-post_type menu-item-object-page menu-item-2690\"><a href=\"https:\/\/www.cf-romandie.ch\/ncfrom\/communication_pers_sans_langage\/conferences_handi\" class=\"elementor-item\" tabindex=\"-1\">Conf\u00e9rences<\/a><\/li>\n<li class=\"menu-item menu-item-type-post_type menu-item-object-page menu-item-2688\"><a href=\"https:\/\/www.cf-romandie.ch\/ncfrom\/communication_pers_sans_langage\/tables_rondes\" class=\"elementor-item\" tabindex=\"-1\">Tables rondes<\/a><\/li>\n<li class=\"menu-item menu-item-type-post_type menu-item-object-page menu-item-2816\"><a href=\"https:\/\/www.cf-romandie.ch\/ncfrom\/communication_pers_sans_langage\/documents-multimedias\" class=\"elementor-item\" tabindex=\"-1\">Multim\u00e9dia<\/a><\/li>\n<li class=\"menu-item menu-item-type-post_type menu-item-object-page menu-item-2889\"><a href=\"https:\/\/www.cf-romandie.ch\/ncfrom\/communication_pers_sans_langage\/foire-aux-questions\" class=\"elementor-item\" tabindex=\"-1\">Foire aux questions<\/a><\/li>\n<li class=\"menu-item menu-item-type-post_type menu-item-object-page menu-item-2586\"><a href=\"https:\/\/www.cf-romandie.ch\/ncfrom\/communication_pers_sans_langage\/telechargement_pers_sans_langage\" class=\"elementor-item\" tabindex=\"-1\">T\u00e9l\u00e9chargement<\/a><\/li>\n<\/ul>\t\t\t<\/nav>\n\t\t\t\t\t\t<\/div>\n\t\t\t\t<\/div>\n\t\t\t\t\t<\/div>\n\t\t<\/div>\n\t\t\t\t\t<\/div>\n\t\t<\/section>\n\t\t\t\t<section class=\"elementor-section elementor-top-section elementor-element elementor-element-ae9ff21 elementor-section-boxed elementor-section-height-default elementor-section-height-default\" data-id=\"ae9ff21\" data-element_type=\"section\" data-e-type=\"section\">\n\t\t\t\t\t\t<div class=\"elementor-container elementor-column-gap-default\">\n\t\t\t\t\t<div class=\"elementor-column elementor-col-100 elementor-top-column elementor-element elementor-element-d17182f\" data-id=\"d17182f\" data-element_type=\"column\" data-e-type=\"column\">\n\t\t\t<div class=\"elementor-widget-wrap elementor-element-populated\">\n\t\t\t\t\t\t<div class=\"elementor-element elementor-element-5179be8 elementor-widget elementor-widget-spacer\" data-id=\"5179be8\" data-element_type=\"widget\" data-e-type=\"widget\" data-widget_type=\"spacer.default\">\n\t\t\t\t<div class=\"elementor-widget-container\">\n\t\t\t\t\t\t\t<div class=\"elementor-spacer\">\n\t\t\t<div class=\"elementor-spacer-inner\"><\/div>\n\t\t<\/div>\n\t\t\t\t\t\t<\/div>\n\t\t\t\t<\/div>\n\t\t\t\t<div class=\"elementor-element elementor-element-f94112d elementor-widget elementor-widget-text-editor\" data-id=\"f94112d\" data-element_type=\"widget\" data-e-type=\"widget\" data-widget_type=\"text-editor.default\">\n\t\t\t\t<div class=\"elementor-widget-container\">\n\t\t\t\t\t\t\t\t\t<h2>Bibliographie sur la Communication Facilit\u00e9e et la Psychophanie<\/h2>\t\t\t\t\t\t\t\t<\/div>\n\t\t\t\t<\/div>\n\t\t\t\t\t<\/div>\n\t\t<\/div>\n\t\t\t\t\t<\/div>\n\t\t<\/section>\n\t\t\t\t<section class=\"elementor-section elementor-top-section elementor-element elementor-element-e2f6056 elementor-section-boxed elementor-section-height-default elementor-section-height-default\" data-id=\"e2f6056\" data-element_type=\"section\" data-e-type=\"section\">\n\t\t\t\t\t\t<div class=\"elementor-container elementor-column-gap-default\">\n\t\t\t\t\t<div class=\"elementor-column elementor-col-100 elementor-top-column elementor-element elementor-element-dc64a6b\" data-id=\"dc64a6b\" data-element_type=\"column\" data-e-type=\"column\">\n\t\t\t<div class=\"elementor-widget-wrap elementor-element-populated\">\n\t\t\t\t\t\t<div class=\"elementor-element elementor-element-82aeb36 elementor-widget elementor-widget-text-editor\" data-id=\"82aeb36\" data-element_type=\"widget\" data-e-type=\"widget\" data-widget_type=\"text-editor.default\">\n\t\t\t\t<div class=\"elementor-widget-container\">\n\t\t\t\t\t\t\t\t\t<p align=\"justify\">Nous avons pr\u00e9sent\u00e9 d&rsquo;autres <a href=\"https:\/\/www.cf-romandie.ch\/ncfrom\/pratiques\/bibliographie_pratiques\"><strong>livres explicitant les diverses pratiques en Communication Facilit\u00e9e et Psychophanie<\/strong> que vous retrouvez ici<\/a>.<\/p>\n<p align=\"justify\"><strong>Vous trouverez ci-dessous des livres qui traitent de la communication en facilitation aupr\u00e8s de personnes priv\u00e9es de parole.<\/strong><\/p>\n<p align=\"left\">Les livres ont \u00e9t\u00e9 class\u00e9s en deux groupes :<\/p>\t\t\t\t\t\t\t\t<\/div>\n\t\t\t\t<\/div>\n\t\t\t\t\t<\/div>\n\t\t<\/div>\n\t\t\t\t\t<\/div>\n\t\t<\/section>\n\t\t\t\t<section class=\"elementor-section elementor-top-section elementor-element elementor-element-7ab91d9 elementor-section-boxed elementor-section-height-default elementor-section-height-default\" data-id=\"7ab91d9\" data-element_type=\"section\" data-e-type=\"section\">\n\t\t\t\t\t\t<div class=\"elementor-container elementor-column-gap-default\">\n\t\t\t\t\t<div class=\"elementor-column elementor-col-100 elementor-top-column elementor-element elementor-element-fc90dfb\" data-id=\"fc90dfb\" data-element_type=\"column\" data-e-type=\"column\">\n\t\t\t<div class=\"elementor-widget-wrap elementor-element-populated\">\n\t\t\t\t\t\t<div class=\"elementor-element elementor-element-dcc3d66 elementor-icon-list--layout-traditional elementor-list-item-link-full_width elementor-widget elementor-widget-icon-list\" data-id=\"dcc3d66\" data-element_type=\"widget\" data-e-type=\"widget\" data-widget_type=\"icon-list.default\">\n\t\t\t\t<div class=\"elementor-widget-container\">\n\t\t\t\t\t\t\t<ul class=\"elementor-icon-list-items\">\n\t\t\t\t\t\t\t<li class=\"elementor-icon-list-item\">\n\t\t\t\t\t\t\t\t\t\t\t<a href=\"https:\/\/www.cf-romandie.ch\/ncfrom\/communication_pers_sans_langage\/bibliographie_handi\/livres-de-suisse-romande\">\n\n\t\t\t\t\t\t\t\t\t\t\t\t<span class=\"elementor-icon-list-icon\">\n\t\t\t\t\t\t\t<i aria-hidden=\"true\" class=\"fas fa-book\"><\/i>\t\t\t\t\t\t<\/span>\n\t\t\t\t\t\t\t\t\t\t<span class=\"elementor-icon-list-text\">Livres d'auteurs de Suisse romande<\/span>\n\t\t\t\t\t\t\t\t\t\t\t<\/a>\n\t\t\t\t\t\t\t\t\t<\/li>\n\t\t\t\t\t\t\t\t<li class=\"elementor-icon-list-item\">\n\t\t\t\t\t\t\t\t\t\t\t<a href=\"https:\/\/www.cf-romandie.ch\/ncfrom\/communication_pers_sans_langage\/bibliographie_handi\/autres-livres-ecrits-en-facilitation\">\n\n\t\t\t\t\t\t\t\t\t\t\t\t<span class=\"elementor-icon-list-icon\">\n\t\t\t\t\t\t\t<i aria-hidden=\"true\" class=\"fas fa-book\"><\/i>\t\t\t\t\t\t<\/span>\n\t\t\t\t\t\t\t\t\t\t<span class=\"elementor-icon-list-text\">Autres livres d'auteurs francophones<\/span>\n\t\t\t\t\t\t\t\t\t\t\t<\/a>\n\t\t\t\t\t\t\t\t\t<\/li>\n\t\t\t\t\t\t<\/ul>\n\t\t\t\t\t\t<\/div>\n\t\t\t\t<\/div>\n\t\t\t\t\t<\/div>\n\t\t<\/div>\n\t\t\t\t\t<\/div>\n\t\t<\/section>\n\t\t\t\t<section class=\"elementor-section elementor-top-section elementor-element elementor-element-5deb52f elementor-section-boxed elementor-section-height-default elementor-section-height-default\" data-id=\"5deb52f\" data-element_type=\"section\" data-e-type=\"section\">\n\t\t\t\t\t\t<div class=\"elementor-container elementor-column-gap-default\">\n\t\t\t\t\t<div class=\"elementor-column elementor-col-100 elementor-top-column elementor-element elementor-element-f485f79\" data-id=\"f485f79\" data-element_type=\"column\" data-e-type=\"column\">\n\t\t\t<div class=\"elementor-widget-wrap elementor-element-populated\">\n\t\t\t\t\t\t<div class=\"elementor-element elementor-element-1629157 elementor-widget elementor-widget-text-editor\" data-id=\"1629157\" data-element_type=\"widget\" data-e-type=\"widget\" data-widget_type=\"text-editor.default\">\n\t\t\t\t<div class=\"elementor-widget-container\">\n\t\t\t\t\t\t\t\t\t<ul>\n \t<li><strong>Pour une recherche bibliographique aupr\u00e8s du Centre Suisse de P\u00e9dagogie sp\u00e9cialis\u00e9e (CSPS)\u00a0<\/strong>\n<strong><a href=\"https:\/\/edudoc.ch\/collection\/sonderpaedagogik?ln=fr\" target=\"_blank\" rel=\"noopener noreferrer\">edudoc.ch<\/a><\/strong><\/li>\n \t<li><strong>En compl\u00e9ment de ces informations, vous trouverez d&rsquo;autres publications sur le <\/strong><strong><a href=\"https:\/\/www.psychophanie.com\/bibliographie\/\" target=\"_blank\" rel=\"noopener noreferrer\">site de Communiquer en Psychophanie (CeP) &#8211; Portail de la Psychophanie<\/a><\/strong><\/li>\n \t<li>Si vous avez d\u00e9couvert un livre int\u00e9ressant sur le th\u00e8me de la CF\/Psychophanie, veuillez nous transmettre l&rsquo;information :\nContacter <a href=\"https:\/\/www.cf-romandie.ch\/ncfrom\/nous-contacter\" target=\"_blank\" rel=\"noopener noreferrer\">CF-Romandie<\/a><\/li>\n<\/ul>\t\t\t\t\t\t\t\t<\/div>\n\t\t\t\t<\/div>\n\t\t\t\t\t<\/div>\n\t\t<\/div>\n\t\t\t\t\t<\/div>\n\t\t<\/section>\n\t\t\t\t<\/div>\n\t\t","protected":false},"excerpt":{"rendered":"<p>Bibliographie Home Bibliographie sur la Communication Facilit\u00e9e et la Psychophanie Nous avons pr\u00e9sent\u00e9 d&rsquo;autres livres explicitant les diverses pratiques en Communication Facilit\u00e9e et Psychophanie que vous retrouvez ici. Vous trouverez ci-dessous des livres qui traitent de la communication en facilitation aupr\u00e8s de personnes priv\u00e9es de parole. Les livres ont \u00e9t\u00e9 class\u00e9s en deux groupes : [&hellip;]<\/p>\n","protected":false},"author":1,"featured_media":0,"parent":1004,"menu_order":0,"comment_status":"closed","ping_status":"closed","template":"","meta":{"_acf_changed":false,"footnotes":""},"class_list":["post-2666","page","type-page","status-publish","hentry"],"acf":[],"_links":{"self":[{"href":"https:\/\/www.cf-romandie.ch\/ncfrom\/wp-json\/wp\/v2\/pages\/2666","targetHints":{"allow":["GET"]}}],"collection":[{"href":"https:\/\/www.cf-romandie.ch\/ncfrom\/wp-json\/wp\/v2\/pages"}],"about":[{"href":"https:\/\/www.cf-romandie.ch\/ncfrom\/wp-json\/wp\/v2\/types\/page"}],"author":[{"embeddable":true,"href":"https:\/\/www.cf-romandie.ch\/ncfrom\/wp-json\/wp\/v2\/users\/1"}],"replies":[{"embeddable":true,"href":"https:\/\/www.cf-romandie.ch\/ncfrom\/wp-json\/wp\/v2\/comments?post=2666"}],"version-history":[{"count":68,"href":"https:\/\/www.cf-romandie.ch\/ncfrom\/wp-json\/wp\/v2\/pages\/2666\/revisions"}],"predecessor-version":[{"id":11245,"href":"https:\/\/www.cf-romandie.ch\/ncfrom\/wp-json\/wp\/v2\/pages\/2666\/revisions\/11245"}],"up":[{"embeddable":true,"href":"https:\/\/www.cf-romandie.ch\/ncfrom\/wp-json\/wp\/v2\/pages\/1004"}],"wp:attachment":[{"href":"https:\/\/www.cf-romandie.ch\/ncfrom\/wp-json\/wp\/v2\/media?parent=2666"}],"curies":[{"name":"wp","href":"https:\/\/api.w.org\/{rel}","templated":true}]}}