{"id":2733,"date":"2018-08-07T13:17:44","date_gmt":"2018-08-07T12:17:44","guid":{"rendered":"https:\/\/www.cf-romandie.ch\/ncfrom\/cf_et_pph-copy"},"modified":"2021-11-10T17:24:07","modified_gmt":"2021-11-10T16:24:07","slug":"pratiques","status":"publish","type":"page","link":"https:\/\/www.cf-romandie.ch\/ncfrom\/pratiques","title":{"rendered":"Pratiques"},"content":{"rendered":"\t\t<div data-elementor-type=\"wp-page\" data-elementor-id=\"2733\" class=\"elementor elementor-2733\" data-elementor-post-type=\"page\">\n\t\t\t\t\t\t<section class=\"elementor-section elementor-top-section elementor-element elementor-element-bb8180b elementor-section-boxed elementor-section-height-default elementor-section-height-default\" data-id=\"bb8180b\" data-element_type=\"section\" data-e-type=\"section\" data-settings=\"{&quot;background_background&quot;:&quot;classic&quot;}\">\n\t\t\t\t\t\t<div class=\"elementor-container elementor-column-gap-default\">\n\t\t\t\t\t<div class=\"elementor-column elementor-col-100 elementor-top-column elementor-element elementor-element-4827103\" data-id=\"4827103\" data-element_type=\"column\" data-e-type=\"column\">\n\t\t\t<div class=\"elementor-widget-wrap elementor-element-populated\">\n\t\t\t\t\t\t<section class=\"elementor-section elementor-inner-section elementor-element elementor-element-a4ae13f elementor-section-height-min-height elementor-section-boxed elementor-section-height-default\" data-id=\"a4ae13f\" data-element_type=\"section\" data-e-type=\"section\">\n\t\t\t\t\t\t<div class=\"elementor-container elementor-column-gap-default\">\n\t\t\t\t\t<div class=\"elementor-column elementor-col-50 elementor-inner-column elementor-element elementor-element-7995653\" data-id=\"7995653\" data-element_type=\"column\" data-e-type=\"column\">\n\t\t\t<div class=\"elementor-widget-wrap elementor-element-populated\">\n\t\t\t\t\t\t<div class=\"elementor-element elementor-element-d6e90c7 elementor-widget elementor-widget-heading\" data-id=\"d6e90c7\" data-element_type=\"widget\" data-e-type=\"widget\" data-widget_type=\"heading.default\">\n\t\t\t\t<div class=\"elementor-widget-container\">\n\t\t\t\t\t<h4 class=\"elementor-heading-title elementor-size-default\">Pratiques<\/h4>\t\t\t\t<\/div>\n\t\t\t\t<\/div>\n\t\t\t\t\t<\/div>\n\t\t<\/div>\n\t\t\t\t<div class=\"elementor-column elementor-col-50 elementor-inner-column elementor-element elementor-element-007607e\" data-id=\"007607e\" data-element_type=\"column\" data-e-type=\"column\">\n\t\t\t<div class=\"elementor-widget-wrap elementor-element-populated\">\n\t\t\t\t\t\t<div class=\"elementor-element elementor-element-e5e3df8 elementor-widget elementor-widget-raven-search-form\" data-id=\"e5e3df8\" data-element_type=\"widget\" data-e-type=\"widget\" data-settings=\"{&quot;_skin&quot;:&quot;classic&quot;}\" data-widget_type=\"raven-search-form.classic\">\n\t\t\t\t<div class=\"elementor-widget-container\">\n\t\t\t\t\t\t\t<form class=\"raven-search-form raven-search-form-classic\" method=\"get\" action=\"https:\/\/www.cf-romandie.ch\/ncfrom\/\" role=\"search\">\n\t\t\t<div class=\"raven-search-form-container\">\n\t\t\t\t<div class=\"raven-search-form-inner\">\n\t\t\t\t\t<label class=\"elementor-screen-only\" for=\"raven-search-form-input\">Search<\/label>\n\t\t\t\t\t<input id=\"raven-search-form-input\" class=\"raven-search-form-input\" type=\"search\" name=\"s\" placeholder=\"Rechercher...\" \/>\n\t\t\t\t\t\t\t\t\t\t\t\t\t\t\t\t\t\t<button class=\"raven-search-form-button raven-search-form-button-svg\" type=\"submit\" aria-label=\"Search\">\n\t\t\t\t\t\t\t\t\t<i class=\"fas fa-search\"><\/i>\t\t\t\t\t\t\t\t<\/button>\n\t\t\t\t\t\t\t\t\t\t\t\t\t\t\t\t\t<\/div>\n\t\t\t<\/div>\n\t\t<\/form>\n\t\t\t\t\t\t<\/div>\n\t\t\t\t<\/div>\n\t\t\t\t\t<\/div>\n\t\t<\/div>\n\t\t\t\t\t<\/div>\n\t\t<\/section>\n\t\t\t\t\t<\/div>\n\t\t<\/div>\n\t\t\t\t\t<\/div>\n\t\t<\/section>\n\t\t\t\t<section class=\"elementor-section elementor-top-section elementor-element elementor-element-38b8927 elementor-section-full_width elementor-section-height-default elementor-section-height-default\" data-id=\"38b8927\" data-element_type=\"section\" data-e-type=\"section\" data-settings=\"{&quot;background_background&quot;:&quot;classic&quot;}\">\n\t\t\t\t\t\t<div class=\"elementor-container elementor-column-gap-default\">\n\t\t\t\t\t<div class=\"elementor-column elementor-col-100 elementor-top-column elementor-element elementor-element-0469b23\" data-id=\"0469b23\" data-element_type=\"column\" data-e-type=\"column\">\n\t\t\t<div class=\"elementor-widget-wrap elementor-element-populated\">\n\t\t\t\t\t\t<section class=\"elementor-section elementor-inner-section elementor-element elementor-element-a88f280 elementor-section-boxed elementor-section-height-default elementor-section-height-default\" data-id=\"a88f280\" data-element_type=\"section\" data-e-type=\"section\">\n\t\t\t\t\t\t<div class=\"elementor-container elementor-column-gap-default\">\n\t\t\t\t\t<div class=\"elementor-column elementor-col-100 elementor-inner-column elementor-element elementor-element-97a8de7\" data-id=\"97a8de7\" data-element_type=\"column\" data-e-type=\"column\">\n\t\t\t<div class=\"elementor-widget-wrap elementor-element-populated\">\n\t\t\t\t\t\t<div class=\"elementor-element elementor-element-f0b368e elementor-align-center elementor-widget elementor-widget-raven-breadcrumbs\" data-id=\"f0b368e\" data-element_type=\"widget\" data-e-type=\"widget\" data-widget_type=\"raven-breadcrumbs.default\">\n\t\t\t\t<div class=\"elementor-widget-container\">\n\t\t\t\t\t<div class=\"raven-breadcrumbs raven-breadcrumbs-default\"><div class=\"breadcrumb\">\t\t\t\t\t\t\t\t<div class=\"breadcrumb-item active\" aria-current=\"page\"><span>Home<\/span><\/div>\n\n\t\t\t\t<\/div><\/div>\t\t\t\t<\/div>\n\t\t\t\t<\/div>\n\t\t\t\t\t<\/div>\n\t\t<\/div>\n\t\t\t\t\t<\/div>\n\t\t<\/section>\n\t\t\t\t<div class=\"elementor-element elementor-element-1c1df25 elementor-nav-menu--dropdown-tablet elementor-nav-menu__text-align-aside elementor-nav-menu--toggle elementor-nav-menu--burger elementor-widget elementor-widget-nav-menu\" data-id=\"1c1df25\" data-element_type=\"widget\" data-e-type=\"widget\" data-settings=\"{&quot;layout&quot;:&quot;horizontal&quot;,&quot;submenu_icon&quot;:{&quot;value&quot;:&quot;&lt;i class=\\&quot;fas fa-caret-down\\&quot; aria-hidden=\\&quot;true\\&quot;&gt;&lt;\\\/i&gt;&quot;,&quot;library&quot;:&quot;fa-solid&quot;},&quot;toggle&quot;:&quot;burger&quot;}\" data-widget_type=\"nav-menu.default\">\n\t\t\t\t<div class=\"elementor-widget-container\">\n\t\t\t\t\t\t\t\t<nav aria-label=\"Menu\" class=\"elementor-nav-menu--main elementor-nav-menu__container elementor-nav-menu--layout-horizontal e--pointer-none\">\n\t\t\t\t<ul id=\"menu-1-1c1df25\" class=\"elementor-nav-menu\"><li class=\"menu-item menu-item-type-post_type menu-item-object-page menu-item-3124\"><a href=\"https:\/\/www.cf-romandie.ch\/ncfrom\/pratiques\" class=\"elementor-item\">Pratiques<\/a><\/li>\n<li class=\"menu-item menu-item-type-post_type menu-item-object-page menu-item-3127\"><a href=\"https:\/\/www.cf-romandie.ch\/ncfrom\/pratiques\/histoire_cf\" class=\"elementor-item\">Un peu d\u2019histoire<\/a><\/li>\n<li class=\"menu-item menu-item-type-post_type menu-item-object-page menu-item-4212\"><a href=\"https:\/\/www.cf-romandie.ch\/ncfrom\/pratiques\/psychophanie\" class=\"elementor-item\">Psychophanie<\/a><\/li>\n<li class=\"menu-item menu-item-type-post_type menu-item-object-page menu-item-4211\"><a href=\"https:\/\/www.cf-romandie.ch\/ncfrom\/pratiques\/communication_facilitee\" class=\"elementor-item\">Communication Facilit\u00e9e<\/a><\/li>\n<li class=\"menu-item menu-item-type-post_type menu-item-object-page menu-item-4209\"><a href=\"https:\/\/www.cf-romandie.ch\/ncfrom\/pratiques\/facilitation_groupe\" class=\"elementor-item\">Facilitation en groupe<\/a><\/li>\n<li class=\"menu-item menu-item-type-post_type menu-item-object-page menu-item-4210\"><a href=\"https:\/\/www.cf-romandie.ch\/ncfrom\/pratiques\/geste_facilite\" class=\"elementor-item\">Geste facilit\u00e9<\/a><\/li>\n<li class=\"menu-item menu-item-type-post_type menu-item-object-page menu-item-3126\"><a href=\"https:\/\/www.cf-romandie.ch\/ncfrom\/pratiques\/peinture-facilitee\" class=\"elementor-item\">Peinture Facilit\u00e9e<\/a><\/li>\n<li class=\"menu-item menu-item-type-post_type menu-item-object-page menu-item-10758\"><a href=\"https:\/\/www.cf-romandie.ch\/ncfrom\/pratiques\/praticiens\" class=\"elementor-item\">Praticiens<\/a><\/li>\n<li class=\"menu-item menu-item-type-post_type menu-item-object-page menu-item-3129\"><a href=\"https:\/\/www.cf-romandie.ch\/ncfrom\/pratiques\/ethique\" class=\"elementor-item\">Ethique<\/a><\/li>\n<li class=\"menu-item menu-item-type-post_type menu-item-object-page menu-item-3125\"><a href=\"https:\/\/www.cf-romandie.ch\/ncfrom\/pratiques\/recherche\" class=\"elementor-item\">Recherche<\/a><\/li>\n<li class=\"menu-item menu-item-type-post_type menu-item-object-page menu-item-3142\"><a href=\"https:\/\/www.cf-romandie.ch\/ncfrom\/pratiques\/bibliographie_pratiques\" class=\"elementor-item\">Bibliographie<\/a><\/li>\n<li class=\"menu-item menu-item-type-post_type menu-item-object-page menu-item-3148\"><a href=\"https:\/\/www.cf-romandie.ch\/ncfrom\/pratiques\/liens_pratiques\" class=\"elementor-item\">Liens<\/a><\/li>\n<\/ul>\t\t\t<\/nav>\n\t\t\t\t\t<div class=\"elementor-menu-toggle\" role=\"button\" tabindex=\"0\" aria-label=\"Permuter le menu\" aria-expanded=\"false\">\n\t\t\t<i aria-hidden=\"true\" role=\"presentation\" class=\"elementor-menu-toggle__icon--open eicon-menu-bar\"><\/i><i aria-hidden=\"true\" role=\"presentation\" class=\"elementor-menu-toggle__icon--close eicon-close\"><\/i>\t\t<\/div>\n\t\t\t\t\t<nav class=\"elementor-nav-menu--dropdown elementor-nav-menu__container\" aria-hidden=\"true\">\n\t\t\t\t<ul id=\"menu-2-1c1df25\" class=\"elementor-nav-menu\"><li class=\"menu-item menu-item-type-post_type menu-item-object-page menu-item-3124\"><a href=\"https:\/\/www.cf-romandie.ch\/ncfrom\/pratiques\" class=\"elementor-item\" tabindex=\"-1\">Pratiques<\/a><\/li>\n<li class=\"menu-item menu-item-type-post_type menu-item-object-page menu-item-3127\"><a href=\"https:\/\/www.cf-romandie.ch\/ncfrom\/pratiques\/histoire_cf\" class=\"elementor-item\" tabindex=\"-1\">Un peu d\u2019histoire<\/a><\/li>\n<li class=\"menu-item menu-item-type-post_type menu-item-object-page menu-item-4212\"><a href=\"https:\/\/www.cf-romandie.ch\/ncfrom\/pratiques\/psychophanie\" class=\"elementor-item\" tabindex=\"-1\">Psychophanie<\/a><\/li>\n<li class=\"menu-item menu-item-type-post_type menu-item-object-page menu-item-4211\"><a href=\"https:\/\/www.cf-romandie.ch\/ncfrom\/pratiques\/communication_facilitee\" class=\"elementor-item\" tabindex=\"-1\">Communication Facilit\u00e9e<\/a><\/li>\n<li class=\"menu-item menu-item-type-post_type menu-item-object-page menu-item-4209\"><a href=\"https:\/\/www.cf-romandie.ch\/ncfrom\/pratiques\/facilitation_groupe\" class=\"elementor-item\" tabindex=\"-1\">Facilitation en groupe<\/a><\/li>\n<li class=\"menu-item menu-item-type-post_type menu-item-object-page menu-item-4210\"><a href=\"https:\/\/www.cf-romandie.ch\/ncfrom\/pratiques\/geste_facilite\" class=\"elementor-item\" tabindex=\"-1\">Geste facilit\u00e9<\/a><\/li>\n<li class=\"menu-item menu-item-type-post_type menu-item-object-page menu-item-3126\"><a href=\"https:\/\/www.cf-romandie.ch\/ncfrom\/pratiques\/peinture-facilitee\" class=\"elementor-item\" tabindex=\"-1\">Peinture Facilit\u00e9e<\/a><\/li>\n<li class=\"menu-item menu-item-type-post_type menu-item-object-page menu-item-10758\"><a href=\"https:\/\/www.cf-romandie.ch\/ncfrom\/pratiques\/praticiens\" class=\"elementor-item\" tabindex=\"-1\">Praticiens<\/a><\/li>\n<li class=\"menu-item menu-item-type-post_type menu-item-object-page menu-item-3129\"><a href=\"https:\/\/www.cf-romandie.ch\/ncfrom\/pratiques\/ethique\" class=\"elementor-item\" tabindex=\"-1\">Ethique<\/a><\/li>\n<li class=\"menu-item menu-item-type-post_type menu-item-object-page menu-item-3125\"><a href=\"https:\/\/www.cf-romandie.ch\/ncfrom\/pratiques\/recherche\" class=\"elementor-item\" tabindex=\"-1\">Recherche<\/a><\/li>\n<li class=\"menu-item menu-item-type-post_type menu-item-object-page menu-item-3142\"><a href=\"https:\/\/www.cf-romandie.ch\/ncfrom\/pratiques\/bibliographie_pratiques\" class=\"elementor-item\" tabindex=\"-1\">Bibliographie<\/a><\/li>\n<li class=\"menu-item menu-item-type-post_type menu-item-object-page menu-item-3148\"><a href=\"https:\/\/www.cf-romandie.ch\/ncfrom\/pratiques\/liens_pratiques\" class=\"elementor-item\" tabindex=\"-1\">Liens<\/a><\/li>\n<\/ul>\t\t\t<\/nav>\n\t\t\t\t\t\t<\/div>\n\t\t\t\t<\/div>\n\t\t\t\t\t<\/div>\n\t\t<\/div>\n\t\t\t\t\t<\/div>\n\t\t<\/section>\n\t\t\t\t<section class=\"elementor-section elementor-top-section elementor-element elementor-element-38926b6 elementor-section-boxed elementor-section-height-default elementor-section-height-default\" data-id=\"38926b6\" data-element_type=\"section\" data-e-type=\"section\">\n\t\t\t\t\t\t<div class=\"elementor-container elementor-column-gap-default\">\n\t\t\t\t\t<div class=\"elementor-column elementor-col-100 elementor-top-column elementor-element elementor-element-9af22da\" data-id=\"9af22da\" data-element_type=\"column\" data-e-type=\"column\">\n\t\t\t<div class=\"elementor-widget-wrap elementor-element-populated\">\n\t\t\t\t\t\t<div class=\"elementor-element elementor-element-9509573 elementor-widget elementor-widget-spacer\" data-id=\"9509573\" data-element_type=\"widget\" data-e-type=\"widget\" data-widget_type=\"spacer.default\">\n\t\t\t\t<div class=\"elementor-widget-container\">\n\t\t\t\t\t\t\t<div class=\"elementor-spacer\">\n\t\t\t<div class=\"elementor-spacer-inner\"><\/div>\n\t\t<\/div>\n\t\t\t\t\t\t<\/div>\n\t\t\t\t<\/div>\n\t\t\t\t<div class=\"elementor-element elementor-element-485ee27 elementor-widget elementor-widget-text-editor\" data-id=\"485ee27\" data-element_type=\"widget\" data-e-type=\"widget\" data-widget_type=\"text-editor.default\">\n\t\t\t\t<div class=\"elementor-widget-container\">\n\t\t\t\t\t\t\t\t\t<h2>Pratiques<\/h2>\t\t\t\t\t\t\t\t<\/div>\n\t\t\t\t<\/div>\n\t\t\t\t\t<\/div>\n\t\t<\/div>\n\t\t\t\t\t<\/div>\n\t\t<\/section>\n\t\t\t\t<section class=\"elementor-section elementor-top-section elementor-element elementor-element-e957667 elementor-section-boxed elementor-section-height-default elementor-section-height-default\" data-id=\"e957667\" data-element_type=\"section\" data-e-type=\"section\">\n\t\t\t\t\t\t<div class=\"elementor-container elementor-column-gap-default\">\n\t\t\t\t\t<div class=\"elementor-column elementor-col-100 elementor-top-column elementor-element elementor-element-75053ff\" data-id=\"75053ff\" data-element_type=\"column\" data-e-type=\"column\">\n\t\t\t<div class=\"elementor-widget-wrap elementor-element-populated\">\n\t\t\t\t\t\t<div class=\"elementor-element elementor-element-500f861 elementor-widget elementor-widget-text-editor\" data-id=\"500f861\" data-element_type=\"widget\" data-e-type=\"widget\" data-widget_type=\"text-editor.default\">\n\t\t\t\t<div class=\"elementor-widget-container\">\n\t\t\t\t\t\t\t\t\t<h3>Pr\u00e9sentation des formes de communication en facilitation<\/h3>\n<p align=\"justify\">La communication en facilitation est un moyen alternatif de communication qui peut \u00eatre propos\u00e9 aussi bien aux <a href=\"https:\/\/www.cf-romandie.ch\/ncfrom\/communication_perso_famille\">personnes qui peuvent s&rsquo;exprimer verbalement<\/a> &#8211; comme appui au d\u00e9veloppement personnel -, qu\u2019aux <a href=\"https:\/\/www.cf-romandie.ch\/ncfrom\/communication_pers_sans_langag\">personnes en grande difficult\u00e9 d\u2019expression langagi\u00e8re<\/a>, quel que soit leur handicap.<\/p>\n\n<p align=\"justify\">La communication en facilitation offre \u00e0 tous (adultes et enfants) le moyen d\u2019acc\u00e9der \u00e0 ses besoins essentiels ainsi qu\u2019\u00e0 son v\u00e9cu profond.<\/p>\n\n<p align=\"justify\">La communication en facilitation se particularise par le fait que la personne aid\u00e9e (appel\u00e9e facilit\u00e9e) est install\u00e9e \u00e0 c\u00f4t\u00e9 de la personne aidante form\u00e9e \u00e0 cette approche (le\/la facilitant\/e), face \u00e0 un clavier alphab\u00e9tique. Le\/a facilitant\/e, dans un \u00e9tat de l\u00e2cher-prise, accompagne le geste de facilitation en se bornant \u00e0 soutenir l\u00e9g\u00e8rement la main de la personne facilit\u00e9e sans l\u2019orienter ni la guider ; c\u2019est alors la personne facilit\u00e9e qui donne l\u2019impulsion pour pointer les lettres sur le clavier afin d\u2019exprimer ce qu\u2019elle souhaite communiquer.<\/p>\n\n<p align=\"justify\">L&rsquo;exp\u00e9rience montre que les choix et messages obtenus par ces approches, et quelle que soit la personne qui facilite, sont souvent inattendus, et propres \u00e0 chaque personne aid\u00e9e ; ils se rapportent clairement et directement \u00e0 ses aspirations personnelles.<\/p>\n\n<p align=\"justify\">Sous le terme g\u00e9n\u00e9ral de communication en facilitation, sont regroup\u00e9es diff\u00e9rentes pratiques :\n<ul>\n \t<li><a href=\"https:\/\/www.cf-romandie.ch\/ncfrom\/pratiques\/psychophanie\">La Psychophanie (PPH)<\/a><\/li>\n \t<li><a href=\"https:\/\/www.cf-romandie.ch\/ncfrom\/pratiques\/communication_facilitee\">La Communication Facilit\u00e9e (CF)<\/a><\/li>\n \t<li><a href=\"https:\/\/www.cf-romandie.ch\/ncfrom\/pratiques\/geste_facilite\">Le geste facilit\u00e9<\/a><\/li>\n \t<li><a href=\"https:\/\/www.cf-romandie.ch\/ncfrom\/pratiques\/peinture-facilitee\">La peinture facilit\u00e9e et le dessin facilit\u00e9<\/a><\/li>\n<\/ul>\n<p align=\"justify\">La communication en facilitation peut \u00eatre utilis\u00e9e pour des <a href=\"https:\/\/www.cf-romandie.ch\/ncfrom\/pratiques\/facilitation_groupe\">\u00e9changes en groupe<\/a>, ce qui permet des \u00e9changes d&rsquo;id\u00e9es et de sentiments tr\u00e8s riches.<\/p>\n\n<p align=\"justify\">Gr\u00e2ce \u00e0 la Psychophanie, tout un chacun peut \u00eatre susceptible d\u2019\u00eatre aid\u00e9 \u00e0 avancer dans des p\u00e9riodes de conflit, doute,\u00a0 choix compliqu\u00e9, moments difficiles et douloureux, pour avancer plus ais\u00e9ment et clairement dans son parcours de vie.<\/p>\n\n<p align=\"justify\">Les autres approches permettent aux personnes en situation de handicap d\u2019exprimer leurs besoins essentiels et leurs choix quotidiens. Ils ont ainsi l\u2019opportunit\u00e9 de faire \u00e9merger leur personnalit\u00e9 et humanit\u00e9, avec en cons\u00e9quence une nette am\u00e9lioration de leur relation aux autres, et en retour un changement du regard port\u00e9 sur eux par leur entourage.<\/p>\n\n<p align=\"justify\">A noter que la communication en facilitation ne pr\u00e9tend en aucun cas gu\u00e9rir une quelconque affection ou handicap. En revanche, l\u2019expression de v\u00e9cus souvent sous-jacents et douloureux et qu\u2019il serait difficile de faire \u00e9merger par un autre moyen, entraine une nette am\u00e9lioration du confort de vie des personnes qui b\u00e9n\u00e9ficient de la communication en facilitation.<\/p>\t\t\t\t\t\t\t\t<\/div>\n\t\t\t\t<\/div>\n\t\t\t\t\t<\/div>\n\t\t<\/div>\n\t\t\t\t\t<\/div>\n\t\t<\/section>\n\t\t\t\t<\/div>\n\t\t","protected":false},"excerpt":{"rendered":"<p>Pratiques Home Pratiques Pr\u00e9sentation des formes de communication en facilitation La communication en facilitation est un moyen alternatif de communication qui peut \u00eatre propos\u00e9 aussi bien aux personnes qui peuvent s&rsquo;exprimer verbalement &#8211; comme appui au d\u00e9veloppement personnel -, qu\u2019aux personnes en grande difficult\u00e9 d\u2019expression langagi\u00e8re, quel que soit leur handicap. La communication en facilitation [&hellip;]<\/p>\n","protected":false},"author":1,"featured_media":0,"parent":0,"menu_order":0,"comment_status":"closed","ping_status":"closed","template":"","meta":{"_acf_changed":false,"footnotes":""},"class_list":["post-2733","page","type-page","status-publish","hentry"],"acf":[],"_links":{"self":[{"href":"https:\/\/www.cf-romandie.ch\/ncfrom\/wp-json\/wp\/v2\/pages\/2733","targetHints":{"allow":["GET"]}}],"collection":[{"href":"https:\/\/www.cf-romandie.ch\/ncfrom\/wp-json\/wp\/v2\/pages"}],"about":[{"href":"https:\/\/www.cf-romandie.ch\/ncfrom\/wp-json\/wp\/v2\/types\/page"}],"author":[{"embeddable":true,"href":"https:\/\/www.cf-romandie.ch\/ncfrom\/wp-json\/wp\/v2\/users\/1"}],"replies":[{"embeddable":true,"href":"https:\/\/www.cf-romandie.ch\/ncfrom\/wp-json\/wp\/v2\/comments?post=2733"}],"version-history":[{"count":33,"href":"https:\/\/www.cf-romandie.ch\/ncfrom\/wp-json\/wp\/v2\/pages\/2733\/revisions"}],"predecessor-version":[{"id":9641,"href":"https:\/\/www.cf-romandie.ch\/ncfrom\/wp-json\/wp\/v2\/pages\/2733\/revisions\/9641"}],"wp:attachment":[{"href":"https:\/\/www.cf-romandie.ch\/ncfrom\/wp-json\/wp\/v2\/media?parent=2733"}],"curies":[{"name":"wp","href":"https:\/\/api.w.org\/{rel}","templated":true}]}}