{"id":4191,"date":"2020-04-08T11:36:54","date_gmt":"2020-04-08T10:36:54","guid":{"rendered":"https:\/\/www.cf-romandie.ch\/ncfrom\/pratiques\/ethique-copy"},"modified":"2025-01-02T18:00:06","modified_gmt":"2025-01-02T17:00:06","slug":"psychophanie","status":"publish","type":"page","link":"https:\/\/www.cf-romandie.ch\/ncfrom\/pratiques\/psychophanie","title":{"rendered":"Psychophanie"},"content":{"rendered":"\t\t<div data-elementor-type=\"wp-page\" data-elementor-id=\"4191\" class=\"elementor elementor-4191\" data-elementor-post-type=\"page\">\n\t\t\t\t\t\t<section class=\"elementor-section elementor-top-section elementor-element elementor-element-45485be elementor-section-boxed elementor-section-height-default elementor-section-height-default\" data-id=\"45485be\" data-element_type=\"section\" data-e-type=\"section\" data-settings=\"{&quot;background_background&quot;:&quot;classic&quot;}\">\n\t\t\t\t\t\t<div class=\"elementor-container elementor-column-gap-default\">\n\t\t\t\t\t<div class=\"elementor-column elementor-col-100 elementor-top-column elementor-element elementor-element-6b21b14\" data-id=\"6b21b14\" data-element_type=\"column\" data-e-type=\"column\">\n\t\t\t<div class=\"elementor-widget-wrap elementor-element-populated\">\n\t\t\t\t\t\t<section class=\"elementor-section elementor-inner-section elementor-element elementor-element-1504772 elementor-section-height-min-height elementor-section-boxed elementor-section-height-default\" data-id=\"1504772\" data-element_type=\"section\" data-e-type=\"section\">\n\t\t\t\t\t\t<div class=\"elementor-container elementor-column-gap-default\">\n\t\t\t\t\t<div class=\"elementor-column elementor-col-50 elementor-inner-column elementor-element elementor-element-0c54007\" data-id=\"0c54007\" data-element_type=\"column\" data-e-type=\"column\">\n\t\t\t<div class=\"elementor-widget-wrap elementor-element-populated\">\n\t\t\t\t\t\t<div class=\"elementor-element elementor-element-6615d0e elementor-widget elementor-widget-heading\" data-id=\"6615d0e\" data-element_type=\"widget\" data-e-type=\"widget\" data-widget_type=\"heading.default\">\n\t\t\t\t<div class=\"elementor-widget-container\">\n\t\t\t\t\t<h4 class=\"elementor-heading-title elementor-size-default\">Psychophanie<\/h4>\t\t\t\t<\/div>\n\t\t\t\t<\/div>\n\t\t\t\t\t<\/div>\n\t\t<\/div>\n\t\t\t\t<div class=\"elementor-column elementor-col-50 elementor-inner-column elementor-element elementor-element-a270301\" data-id=\"a270301\" data-element_type=\"column\" data-e-type=\"column\">\n\t\t\t<div class=\"elementor-widget-wrap elementor-element-populated\">\n\t\t\t\t\t\t<div class=\"elementor-element elementor-element-c6f3ae9 elementor-widget elementor-widget-raven-search-form\" data-id=\"c6f3ae9\" data-element_type=\"widget\" data-e-type=\"widget\" data-settings=\"{&quot;_skin&quot;:&quot;classic&quot;}\" data-widget_type=\"raven-search-form.classic\">\n\t\t\t\t<div class=\"elementor-widget-container\">\n\t\t\t\t\t\t\t<form class=\"raven-search-form raven-search-form-classic\" method=\"get\" action=\"https:\/\/www.cf-romandie.ch\/ncfrom\/\" role=\"search\">\n\t\t\t<div class=\"raven-search-form-container\">\n\t\t\t\t<div class=\"raven-search-form-inner\">\n\t\t\t\t\t<label class=\"elementor-screen-only\" for=\"raven-search-form-input\">Search<\/label>\n\t\t\t\t\t<input id=\"raven-search-form-input\" class=\"raven-search-form-input\" type=\"search\" name=\"s\" placeholder=\"Rechercher...\" \/>\n\t\t\t\t\t\t\t\t\t\t\t\t\t\t\t\t\t\t<button class=\"raven-search-form-button raven-search-form-button-svg\" type=\"submit\" aria-label=\"Search\">\n\t\t\t\t\t\t\t\t\t<i class=\"fas fa-search\"><\/i>\t\t\t\t\t\t\t\t<\/button>\n\t\t\t\t\t\t\t\t\t\t\t\t\t\t\t\t\t<\/div>\n\t\t\t<\/div>\n\t\t<\/form>\n\t\t\t\t\t\t<\/div>\n\t\t\t\t<\/div>\n\t\t\t\t\t<\/div>\n\t\t<\/div>\n\t\t\t\t\t<\/div>\n\t\t<\/section>\n\t\t\t\t\t<\/div>\n\t\t<\/div>\n\t\t\t\t\t<\/div>\n\t\t<\/section>\n\t\t\t\t<section class=\"elementor-section elementor-top-section elementor-element elementor-element-600241c elementor-section-full_width elementor-section-height-default elementor-section-height-default\" data-id=\"600241c\" data-element_type=\"section\" data-e-type=\"section\" data-settings=\"{&quot;background_background&quot;:&quot;classic&quot;}\">\n\t\t\t\t\t\t<div class=\"elementor-container elementor-column-gap-default\">\n\t\t\t\t\t<div class=\"elementor-column elementor-col-100 elementor-top-column elementor-element elementor-element-ebd5bc8\" data-id=\"ebd5bc8\" data-element_type=\"column\" data-e-type=\"column\">\n\t\t\t<div class=\"elementor-widget-wrap elementor-element-populated\">\n\t\t\t\t\t\t<section class=\"elementor-section elementor-inner-section elementor-element elementor-element-8d95f53 elementor-section-boxed elementor-section-height-default elementor-section-height-default\" data-id=\"8d95f53\" data-element_type=\"section\" data-e-type=\"section\">\n\t\t\t\t\t\t<div class=\"elementor-container elementor-column-gap-default\">\n\t\t\t\t\t<div class=\"elementor-column elementor-col-100 elementor-inner-column elementor-element elementor-element-3cf3a62\" data-id=\"3cf3a62\" data-element_type=\"column\" data-e-type=\"column\">\n\t\t\t<div class=\"elementor-widget-wrap elementor-element-populated\">\n\t\t\t\t\t\t<div class=\"elementor-element elementor-element-93f9a0f elementor-align-center elementor-widget elementor-widget-raven-breadcrumbs\" data-id=\"93f9a0f\" data-element_type=\"widget\" data-e-type=\"widget\" data-widget_type=\"raven-breadcrumbs.default\">\n\t\t\t\t<div class=\"elementor-widget-container\">\n\t\t\t\t\t<div class=\"raven-breadcrumbs raven-breadcrumbs-default\"><div class=\"breadcrumb\">\t\t\t\t\t\t\t\t<div class=\"breadcrumb-item active\" aria-current=\"page\"><span>Home<\/span><\/div>\n\n\t\t\t\t<\/div><\/div>\t\t\t\t<\/div>\n\t\t\t\t<\/div>\n\t\t\t\t\t<\/div>\n\t\t<\/div>\n\t\t\t\t\t<\/div>\n\t\t<\/section>\n\t\t\t\t<div class=\"elementor-element elementor-element-5816caf elementor-nav-menu--dropdown-tablet elementor-nav-menu__text-align-aside elementor-nav-menu--toggle elementor-nav-menu--burger elementor-widget elementor-widget-nav-menu\" data-id=\"5816caf\" data-element_type=\"widget\" data-e-type=\"widget\" data-settings=\"{&quot;layout&quot;:&quot;horizontal&quot;,&quot;submenu_icon&quot;:{&quot;value&quot;:&quot;&lt;i class=\\&quot;fas fa-caret-down\\&quot; aria-hidden=\\&quot;true\\&quot;&gt;&lt;\\\/i&gt;&quot;,&quot;library&quot;:&quot;fa-solid&quot;},&quot;toggle&quot;:&quot;burger&quot;}\" data-widget_type=\"nav-menu.default\">\n\t\t\t\t<div class=\"elementor-widget-container\">\n\t\t\t\t\t\t\t\t<nav aria-label=\"Menu\" class=\"elementor-nav-menu--main elementor-nav-menu__container elementor-nav-menu--layout-horizontal e--pointer-none\">\n\t\t\t\t<ul id=\"menu-1-5816caf\" class=\"elementor-nav-menu\"><li class=\"menu-item menu-item-type-post_type menu-item-object-page menu-item-3124\"><a href=\"https:\/\/www.cf-romandie.ch\/ncfrom\/pratiques\" class=\"elementor-item\">Pratiques<\/a><\/li>\n<li class=\"menu-item menu-item-type-post_type menu-item-object-page menu-item-3127\"><a href=\"https:\/\/www.cf-romandie.ch\/ncfrom\/pratiques\/histoire_cf\" class=\"elementor-item\">Un peu d\u2019histoire<\/a><\/li>\n<li class=\"menu-item menu-item-type-post_type menu-item-object-page menu-item-4212\"><a href=\"https:\/\/www.cf-romandie.ch\/ncfrom\/pratiques\/psychophanie\" class=\"elementor-item\">Psychophanie<\/a><\/li>\n<li class=\"menu-item menu-item-type-post_type menu-item-object-page menu-item-4211\"><a href=\"https:\/\/www.cf-romandie.ch\/ncfrom\/pratiques\/communication_facilitee\" class=\"elementor-item\">Communication Facilit\u00e9e<\/a><\/li>\n<li class=\"menu-item menu-item-type-post_type menu-item-object-page menu-item-4209\"><a href=\"https:\/\/www.cf-romandie.ch\/ncfrom\/pratiques\/facilitation_groupe\" class=\"elementor-item\">Facilitation en groupe<\/a><\/li>\n<li class=\"menu-item menu-item-type-post_type menu-item-object-page menu-item-4210\"><a href=\"https:\/\/www.cf-romandie.ch\/ncfrom\/pratiques\/geste_facilite\" class=\"elementor-item\">Geste facilit\u00e9<\/a><\/li>\n<li class=\"menu-item menu-item-type-post_type menu-item-object-page menu-item-3126\"><a href=\"https:\/\/www.cf-romandie.ch\/ncfrom\/pratiques\/peinture-facilitee\" class=\"elementor-item\">Peinture Facilit\u00e9e<\/a><\/li>\n<li class=\"menu-item menu-item-type-post_type menu-item-object-page menu-item-10758\"><a href=\"https:\/\/www.cf-romandie.ch\/ncfrom\/pratiques\/praticiens\" class=\"elementor-item\">Praticiens<\/a><\/li>\n<li class=\"menu-item menu-item-type-post_type menu-item-object-page menu-item-3129\"><a href=\"https:\/\/www.cf-romandie.ch\/ncfrom\/pratiques\/ethique\" class=\"elementor-item\">Ethique<\/a><\/li>\n<li class=\"menu-item menu-item-type-post_type menu-item-object-page menu-item-3125\"><a href=\"https:\/\/www.cf-romandie.ch\/ncfrom\/pratiques\/recherche\" class=\"elementor-item\">Recherche<\/a><\/li>\n<li class=\"menu-item menu-item-type-post_type menu-item-object-page menu-item-3142\"><a href=\"https:\/\/www.cf-romandie.ch\/ncfrom\/pratiques\/bibliographie_pratiques\" class=\"elementor-item\">Bibliographie<\/a><\/li>\n<li class=\"menu-item menu-item-type-post_type menu-item-object-page menu-item-3148\"><a href=\"https:\/\/www.cf-romandie.ch\/ncfrom\/pratiques\/liens_pratiques\" class=\"elementor-item\">Liens<\/a><\/li>\n<\/ul>\t\t\t<\/nav>\n\t\t\t\t\t<div class=\"elementor-menu-toggle\" role=\"button\" tabindex=\"0\" aria-label=\"Permuter le menu\" aria-expanded=\"false\">\n\t\t\t<i aria-hidden=\"true\" role=\"presentation\" class=\"elementor-menu-toggle__icon--open eicon-menu-bar\"><\/i><i aria-hidden=\"true\" role=\"presentation\" class=\"elementor-menu-toggle__icon--close eicon-close\"><\/i>\t\t<\/div>\n\t\t\t\t\t<nav class=\"elementor-nav-menu--dropdown elementor-nav-menu__container\" aria-hidden=\"true\">\n\t\t\t\t<ul id=\"menu-2-5816caf\" class=\"elementor-nav-menu\"><li class=\"menu-item menu-item-type-post_type menu-item-object-page menu-item-3124\"><a href=\"https:\/\/www.cf-romandie.ch\/ncfrom\/pratiques\" class=\"elementor-item\" tabindex=\"-1\">Pratiques<\/a><\/li>\n<li class=\"menu-item menu-item-type-post_type menu-item-object-page menu-item-3127\"><a href=\"https:\/\/www.cf-romandie.ch\/ncfrom\/pratiques\/histoire_cf\" class=\"elementor-item\" tabindex=\"-1\">Un peu d\u2019histoire<\/a><\/li>\n<li class=\"menu-item menu-item-type-post_type menu-item-object-page menu-item-4212\"><a href=\"https:\/\/www.cf-romandie.ch\/ncfrom\/pratiques\/psychophanie\" class=\"elementor-item\" tabindex=\"-1\">Psychophanie<\/a><\/li>\n<li class=\"menu-item menu-item-type-post_type menu-item-object-page menu-item-4211\"><a href=\"https:\/\/www.cf-romandie.ch\/ncfrom\/pratiques\/communication_facilitee\" class=\"elementor-item\" tabindex=\"-1\">Communication Facilit\u00e9e<\/a><\/li>\n<li class=\"menu-item menu-item-type-post_type menu-item-object-page menu-item-4209\"><a href=\"https:\/\/www.cf-romandie.ch\/ncfrom\/pratiques\/facilitation_groupe\" class=\"elementor-item\" tabindex=\"-1\">Facilitation en groupe<\/a><\/li>\n<li class=\"menu-item menu-item-type-post_type menu-item-object-page menu-item-4210\"><a href=\"https:\/\/www.cf-romandie.ch\/ncfrom\/pratiques\/geste_facilite\" class=\"elementor-item\" tabindex=\"-1\">Geste facilit\u00e9<\/a><\/li>\n<li class=\"menu-item menu-item-type-post_type menu-item-object-page menu-item-3126\"><a href=\"https:\/\/www.cf-romandie.ch\/ncfrom\/pratiques\/peinture-facilitee\" class=\"elementor-item\" tabindex=\"-1\">Peinture Facilit\u00e9e<\/a><\/li>\n<li class=\"menu-item menu-item-type-post_type menu-item-object-page menu-item-10758\"><a href=\"https:\/\/www.cf-romandie.ch\/ncfrom\/pratiques\/praticiens\" class=\"elementor-item\" tabindex=\"-1\">Praticiens<\/a><\/li>\n<li class=\"menu-item menu-item-type-post_type menu-item-object-page menu-item-3129\"><a href=\"https:\/\/www.cf-romandie.ch\/ncfrom\/pratiques\/ethique\" class=\"elementor-item\" tabindex=\"-1\">Ethique<\/a><\/li>\n<li class=\"menu-item menu-item-type-post_type menu-item-object-page menu-item-3125\"><a href=\"https:\/\/www.cf-romandie.ch\/ncfrom\/pratiques\/recherche\" class=\"elementor-item\" tabindex=\"-1\">Recherche<\/a><\/li>\n<li class=\"menu-item menu-item-type-post_type menu-item-object-page menu-item-3142\"><a href=\"https:\/\/www.cf-romandie.ch\/ncfrom\/pratiques\/bibliographie_pratiques\" class=\"elementor-item\" tabindex=\"-1\">Bibliographie<\/a><\/li>\n<li class=\"menu-item menu-item-type-post_type menu-item-object-page menu-item-3148\"><a href=\"https:\/\/www.cf-romandie.ch\/ncfrom\/pratiques\/liens_pratiques\" class=\"elementor-item\" tabindex=\"-1\">Liens<\/a><\/li>\n<\/ul>\t\t\t<\/nav>\n\t\t\t\t\t\t<\/div>\n\t\t\t\t<\/div>\n\t\t\t\t\t<\/div>\n\t\t<\/div>\n\t\t\t\t\t<\/div>\n\t\t<\/section>\n\t\t\t\t<section class=\"elementor-section elementor-top-section elementor-element elementor-element-8ee5b91 elementor-section-boxed elementor-section-height-default elementor-section-height-default\" data-id=\"8ee5b91\" data-element_type=\"section\" data-e-type=\"section\">\n\t\t\t\t\t\t<div class=\"elementor-container elementor-column-gap-default\">\n\t\t\t\t\t<div class=\"elementor-column elementor-col-100 elementor-top-column elementor-element elementor-element-c254bee\" data-id=\"c254bee\" data-element_type=\"column\" data-e-type=\"column\">\n\t\t\t<div class=\"elementor-widget-wrap elementor-element-populated\">\n\t\t\t\t\t\t<div class=\"elementor-element elementor-element-a7ed494 elementor-widget elementor-widget-spacer\" data-id=\"a7ed494\" data-element_type=\"widget\" data-e-type=\"widget\" data-widget_type=\"spacer.default\">\n\t\t\t\t<div class=\"elementor-widget-container\">\n\t\t\t\t\t\t\t<div class=\"elementor-spacer\">\n\t\t\t<div class=\"elementor-spacer-inner\"><\/div>\n\t\t<\/div>\n\t\t\t\t\t\t<\/div>\n\t\t\t\t<\/div>\n\t\t\t\t<div class=\"elementor-element elementor-element-386c6c3 elementor-widget elementor-widget-text-editor\" data-id=\"386c6c3\" data-element_type=\"widget\" data-e-type=\"widget\" data-widget_type=\"text-editor.default\">\n\t\t\t\t<div class=\"elementor-widget-container\">\n\t\t\t\t\t\t\t\t\t<h2>Psychophanie<\/h2>\t\t\t\t\t\t\t\t<\/div>\n\t\t\t\t<\/div>\n\t\t\t\t\t<\/div>\n\t\t<\/div>\n\t\t\t\t\t<\/div>\n\t\t<\/section>\n\t\t\t\t<section class=\"elementor-section elementor-top-section elementor-element elementor-element-9e06c25 elementor-section-boxed elementor-section-height-default elementor-section-height-default\" data-id=\"9e06c25\" data-element_type=\"section\" data-e-type=\"section\">\n\t\t\t\t\t\t<div class=\"elementor-container elementor-column-gap-default\">\n\t\t\t\t\t<div class=\"elementor-column elementor-col-100 elementor-top-column elementor-element elementor-element-4560276\" data-id=\"4560276\" data-element_type=\"column\" data-e-type=\"column\">\n\t\t\t<div class=\"elementor-widget-wrap elementor-element-populated\">\n\t\t\t\t\t\t<div class=\"elementor-element elementor-element-7416353 elementor-widget elementor-widget-text-editor\" data-id=\"7416353\" data-element_type=\"widget\" data-e-type=\"widget\" data-widget_type=\"text-editor.default\">\n\t\t\t\t<div class=\"elementor-widget-container\">\n\t\t\t\t\t\t\t\t\t<p align=\"justify\">La Psychophanie (PPH) \u2013 du grec \u00ab\u00a0psych\u00e9\u00a0\u00bb ou \u00e2me et \u00ab\u00a0phanein\u00a0\u00bb ou mettre \u00e0 jour &#8211; est le terme retenu par la Conf\u00e9d\u00e9ration Francophone Ta Main Pour Parler (CFTMPP\u2019) pour recouvrer la pratique qui permet de se relier \u00e0 son \u00eatre profond, et de mettre au jour ce qui ne peut s\u2019expliquer par le raisonnement.<\/p>\n<p align=\"justify\">Le praticien en PPH \u00e9crit le texte per\u00e7u dans cette relation.\n<p align=\"justify\">La Psychophanie s\u2019adresse \u00e0 tous (adultes et enfants). Elle permet par exemple de compl\u00e9ter efficacement une d\u00e9marche de d\u00e9veloppement personnel, amenant \u00e0 acc\u00e9der \u00e0 un registre d\u2019expression (\u00e9motionnel, existentiel) autrement que par la parole et le raisonnement.<\/p>\n<p align=\"justify\">Aucun requis pr\u00e9alable n\u2019est n\u00e9cessaire de la part de la personne facilit\u00e9e qui souhaite b\u00e9n\u00e9ficier d\u2019une s\u00e9ance en Psychophanie.<\/p>\n<p align=\"justify\">Pour illustrer cette approche, voici quelques propos d\u2019Anne-Marguerite Vexiau (voir : \u00ab <a href=\"https:\/\/www.cf-romandie.ch\/ncfrom\/pratiques\/histoire_cf\">Un peu d\u2019histoire<\/a> \u00bb), et un aper\u00e7u d\u2019une s\u00e9ance de facilitation :<\/p>\t\t\t\t\t\t\t\t<\/div>\n\t\t\t\t<\/div>\n\t\t\t\t\t<\/div>\n\t\t<\/div>\n\t\t\t\t\t<\/div>\n\t\t<\/section>\n\t\t\t\t<section class=\"elementor-section elementor-top-section elementor-element elementor-element-a2ced7f elementor-section-boxed elementor-section-height-default elementor-section-height-default\" data-id=\"a2ced7f\" data-element_type=\"section\" data-e-type=\"section\">\n\t\t\t\t\t\t<div class=\"elementor-container elementor-column-gap-default\">\n\t\t\t\t\t<div class=\"elementor-column elementor-col-100 elementor-top-column elementor-element elementor-element-c9383b0\" data-id=\"c9383b0\" data-element_type=\"column\" data-e-type=\"column\">\n\t\t\t<div class=\"elementor-widget-wrap elementor-element-populated\">\n\t\t\t\t\t\t<div class=\"elementor-element elementor-element-2d47e33 elementor-widget elementor-widget-spacer\" data-id=\"2d47e33\" data-element_type=\"widget\" data-e-type=\"widget\" data-widget_type=\"spacer.default\">\n\t\t\t\t<div class=\"elementor-widget-container\">\n\t\t\t\t\t\t\t<div class=\"elementor-spacer\">\n\t\t\t<div class=\"elementor-spacer-inner\"><\/div>\n\t\t<\/div>\n\t\t\t\t\t\t<\/div>\n\t\t\t\t<\/div>\n\t\t\t\t\t<\/div>\n\t\t<\/div>\n\t\t\t\t\t<\/div>\n\t\t<\/section>\n\t\t\t\t<section class=\"elementor-section elementor-top-section elementor-element elementor-element-fc183d2 elementor-section-boxed elementor-section-height-default elementor-section-height-default\" data-id=\"fc183d2\" data-element_type=\"section\" data-e-type=\"section\">\n\t\t\t\t\t\t<div class=\"elementor-container elementor-column-gap-default\">\n\t\t\t\t\t<div class=\"elementor-column elementor-col-100 elementor-top-column elementor-element elementor-element-6b50c41\" data-id=\"6b50c41\" data-element_type=\"column\" data-e-type=\"column\">\n\t\t\t<div class=\"elementor-widget-wrap elementor-element-populated\">\n\t\t\t\t\t\t<div class=\"elementor-element elementor-element-2a9eeb8 elementor-widget elementor-widget-text-editor\" data-id=\"2a9eeb8\" data-element_type=\"widget\" data-e-type=\"widget\" data-widget_type=\"text-editor.default\">\n\t\t\t\t<div class=\"elementor-widget-container\">\n\t\t\t\t\t\t\t\t\t<iframe src=\"https:\/\/player.vimeo.com\/video\/337102931\" width=\"640\" height=\"400\" frameborder=\"0\" allowfullscreen=\"allowfullscreen\"><span style=\"display: inline-block; width: 0px; overflow: hidden; line-height: 0;\" data-mce-type=\"bookmark\" class=\"mce_SELRES_start\">\ufeff<\/span><\/iframe>\t\t\t\t\t\t\t\t<\/div>\n\t\t\t\t<\/div>\n\t\t\t\t\t<\/div>\n\t\t<\/div>\n\t\t\t\t\t<\/div>\n\t\t<\/section>\n\t\t\t\t<section class=\"elementor-section elementor-top-section elementor-element elementor-element-c953997 elementor-section-boxed elementor-section-height-default elementor-section-height-default\" data-id=\"c953997\" data-element_type=\"section\" data-e-type=\"section\">\n\t\t\t\t\t\t<div class=\"elementor-container elementor-column-gap-default\">\n\t\t\t\t\t<div class=\"elementor-column elementor-col-100 elementor-top-column elementor-element elementor-element-665f872\" data-id=\"665f872\" data-element_type=\"column\" data-e-type=\"column\">\n\t\t\t<div class=\"elementor-widget-wrap elementor-element-populated\">\n\t\t\t\t\t\t<div class=\"elementor-element elementor-element-e086db8 elementor-widget elementor-widget-spacer\" data-id=\"e086db8\" data-element_type=\"widget\" data-e-type=\"widget\" data-widget_type=\"spacer.default\">\n\t\t\t\t<div class=\"elementor-widget-container\">\n\t\t\t\t\t\t\t<div class=\"elementor-spacer\">\n\t\t\t<div class=\"elementor-spacer-inner\"><\/div>\n\t\t<\/div>\n\t\t\t\t\t\t<\/div>\n\t\t\t\t<\/div>\n\t\t\t\t\t<\/div>\n\t\t<\/div>\n\t\t\t\t\t<\/div>\n\t\t<\/section>\n\t\t\t\t<section class=\"elementor-section elementor-top-section elementor-element elementor-element-9cd5309 elementor-section-boxed elementor-section-height-default elementor-section-height-default\" data-id=\"9cd5309\" data-element_type=\"section\" data-e-type=\"section\">\n\t\t\t\t\t\t<div class=\"elementor-container elementor-column-gap-default\">\n\t\t\t\t\t<div class=\"elementor-column elementor-col-100 elementor-top-column elementor-element elementor-element-b7c3828\" data-id=\"b7c3828\" data-element_type=\"column\" data-e-type=\"column\">\n\t\t\t<div class=\"elementor-widget-wrap elementor-element-populated\">\n\t\t\t\t\t\t<div class=\"elementor-element elementor-element-6c9a9be elementor-widget elementor-widget-text-editor\" data-id=\"6c9a9be\" data-element_type=\"widget\" data-e-type=\"widget\" data-widget_type=\"text-editor.default\">\n\t\t\t\t<div class=\"elementor-widget-container\">\n\t\t\t\t\t\t\t\t\t<p align=\"justify\">La Psychophanie se pratique dans une relation de confiance entre les deux partenaires. Le facilitant, dans un \u00e9tat de l\u00e2cher-prise et d\u2019\u00e9coute int\u00e9rieure, est alors \u00e0 m\u00eame d\u2019accueillir les pens\u00e9es et \u00e9motions du facilit\u00e9, dont l\u2019expression est concr\u00e9tis\u00e9e par des mots \u00e9crits conjointement sur un clavier.<\/p>\n\n<p align=\"justify\">Il existe d\u2019autres pratiques, bas\u00e9es sur le m\u00eame principe, ayant une appellation diff\u00e9rente, dont la plus connue est la Communication Profonde Accompagn\u00e9e (CPA).<\/p>\t\t\t\t\t\t\t\t<\/div>\n\t\t\t\t<\/div>\n\t\t\t\t\t<\/div>\n\t\t<\/div>\n\t\t\t\t\t<\/div>\n\t\t<\/section>\n\t\t\t\t<\/div>\n\t\t","protected":false},"excerpt":{"rendered":"<p>Psychophanie Search Home Psychophanie La Psychophanie (PPH) \u2013 du grec \u00ab\u00a0psych\u00e9\u00a0\u00bb ou \u00e2me et \u00ab\u00a0phanein\u00a0\u00bb ou mettre \u00e0 jour &#8211; est le terme retenu par la Conf\u00e9d\u00e9ration Francophone Ta Main Pour Parler (CFTMPP\u2019) pour recouvrer la pratique qui permet de se relier \u00e0 son \u00eatre profond, et de mettre au jour ce qui ne peut [&hellip;]<\/p>\n","protected":false},"author":1,"featured_media":0,"parent":2733,"menu_order":0,"comment_status":"closed","ping_status":"closed","template":"","meta":{"_acf_changed":false,"footnotes":""},"class_list":["post-4191","page","type-page","status-publish","hentry"],"acf":[],"_links":{"self":[{"href":"https:\/\/www.cf-romandie.ch\/ncfrom\/wp-json\/wp\/v2\/pages\/4191","targetHints":{"allow":["GET"]}}],"collection":[{"href":"https:\/\/www.cf-romandie.ch\/ncfrom\/wp-json\/wp\/v2\/pages"}],"about":[{"href":"https:\/\/www.cf-romandie.ch\/ncfrom\/wp-json\/wp\/v2\/types\/page"}],"author":[{"embeddable":true,"href":"https:\/\/www.cf-romandie.ch\/ncfrom\/wp-json\/wp\/v2\/users\/1"}],"replies":[{"embeddable":true,"href":"https:\/\/www.cf-romandie.ch\/ncfrom\/wp-json\/wp\/v2\/comments?post=4191"}],"version-history":[{"count":15,"href":"https:\/\/www.cf-romandie.ch\/ncfrom\/wp-json\/wp\/v2\/pages\/4191\/revisions"}],"predecessor-version":[{"id":12438,"href":"https:\/\/www.cf-romandie.ch\/ncfrom\/wp-json\/wp\/v2\/pages\/4191\/revisions\/12438"}],"up":[{"embeddable":true,"href":"https:\/\/www.cf-romandie.ch\/ncfrom\/wp-json\/wp\/v2\/pages\/2733"}],"wp:attachment":[{"href":"https:\/\/www.cf-romandie.ch\/ncfrom\/wp-json\/wp\/v2\/media?parent=4191"}],"curies":[{"name":"wp","href":"https:\/\/api.w.org\/{rel}","templated":true}]}}