{"id":4193,"date":"2020-04-08T11:38:39","date_gmt":"2020-04-08T10:38:39","guid":{"rendered":"https:\/\/www.cf-romandie.ch\/ncfrom\/pratiques\/psychophanie-copy"},"modified":"2025-01-02T17:50:29","modified_gmt":"2025-01-02T16:50:29","slug":"communication_facilitee","status":"publish","type":"page","link":"https:\/\/www.cf-romandie.ch\/ncfrom\/pratiques\/communication_facilitee","title":{"rendered":"Communication Facilit\u00e9e"},"content":{"rendered":"\t\t<div data-elementor-type=\"wp-page\" data-elementor-id=\"4193\" class=\"elementor elementor-4193\" data-elementor-post-type=\"page\">\n\t\t\t\t\t\t<section class=\"elementor-section elementor-top-section elementor-element elementor-element-3203afe elementor-section-boxed elementor-section-height-default elementor-section-height-default\" data-id=\"3203afe\" data-element_type=\"section\" data-e-type=\"section\" data-settings=\"{&quot;background_background&quot;:&quot;classic&quot;}\">\n\t\t\t\t\t\t<div class=\"elementor-container elementor-column-gap-default\">\n\t\t\t\t\t<div class=\"elementor-column elementor-col-100 elementor-top-column elementor-element elementor-element-0bd5b4a\" data-id=\"0bd5b4a\" data-element_type=\"column\" data-e-type=\"column\">\n\t\t\t<div class=\"elementor-widget-wrap elementor-element-populated\">\n\t\t\t\t\t\t<section class=\"elementor-section elementor-inner-section elementor-element elementor-element-cd5765c elementor-section-height-min-height elementor-section-boxed elementor-section-height-default\" data-id=\"cd5765c\" data-element_type=\"section\" data-e-type=\"section\">\n\t\t\t\t\t\t<div class=\"elementor-container elementor-column-gap-default\">\n\t\t\t\t\t<div class=\"elementor-column elementor-col-50 elementor-inner-column elementor-element elementor-element-ea4dd89\" data-id=\"ea4dd89\" data-element_type=\"column\" data-e-type=\"column\">\n\t\t\t<div class=\"elementor-widget-wrap elementor-element-populated\">\n\t\t\t\t\t\t<div class=\"elementor-element elementor-element-922e188 elementor-widget elementor-widget-heading\" data-id=\"922e188\" data-element_type=\"widget\" data-e-type=\"widget\" data-widget_type=\"heading.default\">\n\t\t\t\t<div class=\"elementor-widget-container\">\n\t\t\t\t\t<h4 class=\"elementor-heading-title elementor-size-default\">Communication Facilit\u00e9e<\/h4>\t\t\t\t<\/div>\n\t\t\t\t<\/div>\n\t\t\t\t\t<\/div>\n\t\t<\/div>\n\t\t\t\t<div class=\"elementor-column elementor-col-50 elementor-inner-column elementor-element elementor-element-6ea1769\" data-id=\"6ea1769\" data-element_type=\"column\" data-e-type=\"column\">\n\t\t\t<div class=\"elementor-widget-wrap elementor-element-populated\">\n\t\t\t\t\t\t<div class=\"elementor-element elementor-element-34ea6d8 elementor-widget elementor-widget-raven-search-form\" data-id=\"34ea6d8\" data-element_type=\"widget\" data-e-type=\"widget\" data-settings=\"{&quot;_skin&quot;:&quot;classic&quot;}\" data-widget_type=\"raven-search-form.classic\">\n\t\t\t\t<div class=\"elementor-widget-container\">\n\t\t\t\t\t\t\t<form class=\"raven-search-form raven-search-form-classic\" method=\"get\" action=\"https:\/\/www.cf-romandie.ch\/ncfrom\/\" role=\"search\">\n\t\t\t<div class=\"raven-search-form-container\">\n\t\t\t\t<div class=\"raven-search-form-inner\">\n\t\t\t\t\t<label class=\"elementor-screen-only\" for=\"raven-search-form-input\">Search<\/label>\n\t\t\t\t\t<input id=\"raven-search-form-input\" class=\"raven-search-form-input\" type=\"search\" name=\"s\" placeholder=\"Rechercher...\" \/>\n\t\t\t\t\t\t\t\t\t\t\t\t\t\t\t\t\t\t<button class=\"raven-search-form-button raven-search-form-button-svg\" type=\"submit\" aria-label=\"Search\">\n\t\t\t\t\t\t\t\t\t<i class=\"fas fa-search\"><\/i>\t\t\t\t\t\t\t\t<\/button>\n\t\t\t\t\t\t\t\t\t\t\t\t\t\t\t\t\t<\/div>\n\t\t\t<\/div>\n\t\t<\/form>\n\t\t\t\t\t\t<\/div>\n\t\t\t\t<\/div>\n\t\t\t\t\t<\/div>\n\t\t<\/div>\n\t\t\t\t\t<\/div>\n\t\t<\/section>\n\t\t\t\t\t<\/div>\n\t\t<\/div>\n\t\t\t\t\t<\/div>\n\t\t<\/section>\n\t\t\t\t<section class=\"elementor-section elementor-top-section elementor-element elementor-element-991e060 elementor-section-full_width elementor-section-height-default elementor-section-height-default\" data-id=\"991e060\" data-element_type=\"section\" data-e-type=\"section\" data-settings=\"{&quot;background_background&quot;:&quot;classic&quot;}\">\n\t\t\t\t\t\t<div class=\"elementor-container elementor-column-gap-default\">\n\t\t\t\t\t<div class=\"elementor-column elementor-col-100 elementor-top-column elementor-element elementor-element-304736f\" data-id=\"304736f\" data-element_type=\"column\" data-e-type=\"column\">\n\t\t\t<div class=\"elementor-widget-wrap elementor-element-populated\">\n\t\t\t\t\t\t<section class=\"elementor-section elementor-inner-section elementor-element elementor-element-944340b elementor-section-boxed elementor-section-height-default elementor-section-height-default\" data-id=\"944340b\" data-element_type=\"section\" data-e-type=\"section\">\n\t\t\t\t\t\t<div class=\"elementor-container elementor-column-gap-default\">\n\t\t\t\t\t<div class=\"elementor-column elementor-col-100 elementor-inner-column elementor-element elementor-element-e013a48\" data-id=\"e013a48\" data-element_type=\"column\" data-e-type=\"column\">\n\t\t\t<div class=\"elementor-widget-wrap elementor-element-populated\">\n\t\t\t\t\t\t<div class=\"elementor-element elementor-element-b16cee3 elementor-align-center elementor-widget elementor-widget-raven-breadcrumbs\" data-id=\"b16cee3\" data-element_type=\"widget\" data-e-type=\"widget\" data-widget_type=\"raven-breadcrumbs.default\">\n\t\t\t\t<div class=\"elementor-widget-container\">\n\t\t\t\t\t<div class=\"raven-breadcrumbs raven-breadcrumbs-default\"><div class=\"breadcrumb\">\t\t\t\t<div class=\"breadcrumb-item active\" aria-current=\"page\"><span>Home<\/span><\/div>\n\n\t\t\t\t<\/div><\/div>\t\t\t\t<\/div>\n\t\t\t\t<\/div>\n\t\t\t\t\t<\/div>\n\t\t<\/div>\n\t\t\t\t\t<\/div>\n\t\t<\/section>\n\t\t\t\t\t<\/div>\n\t\t<\/div>\n\t\t\t\t\t<\/div>\n\t\t<\/section>\n\t\t\t\t<section class=\"elementor-section elementor-top-section elementor-element elementor-element-45bf2e6 elementor-section-boxed elementor-section-height-default elementor-section-height-default\" data-id=\"45bf2e6\" data-element_type=\"section\" data-e-type=\"section\">\n\t\t\t\t\t\t<div class=\"elementor-container elementor-column-gap-default\">\n\t\t\t\t\t<div class=\"elementor-column elementor-col-100 elementor-top-column elementor-element elementor-element-39a1f5a\" data-id=\"39a1f5a\" data-element_type=\"column\" data-e-type=\"column\">\n\t\t\t<div class=\"elementor-widget-wrap elementor-element-populated\">\n\t\t\t\t\t\t<div class=\"elementor-element elementor-element-457e031 elementor-widget elementor-widget-spacer\" data-id=\"457e031\" data-element_type=\"widget\" data-e-type=\"widget\" data-widget_type=\"spacer.default\">\n\t\t\t\t<div class=\"elementor-widget-container\">\n\t\t\t\t\t\t\t<div class=\"elementor-spacer\">\n\t\t\t<div class=\"elementor-spacer-inner\"><\/div>\n\t\t<\/div>\n\t\t\t\t\t\t<\/div>\n\t\t\t\t<\/div>\n\t\t\t\t<div class=\"elementor-element elementor-element-a5e78cb elementor-nav-menu--dropdown-tablet elementor-nav-menu__text-align-aside elementor-nav-menu--toggle elementor-nav-menu--burger elementor-widget elementor-widget-nav-menu\" data-id=\"a5e78cb\" data-element_type=\"widget\" data-e-type=\"widget\" data-settings=\"{&quot;layout&quot;:&quot;horizontal&quot;,&quot;submenu_icon&quot;:{&quot;value&quot;:&quot;&lt;i class=\\&quot;fas fa-caret-down\\&quot; aria-hidden=\\&quot;true\\&quot;&gt;&lt;\\\/i&gt;&quot;,&quot;library&quot;:&quot;fa-solid&quot;},&quot;toggle&quot;:&quot;burger&quot;}\" data-widget_type=\"nav-menu.default\">\n\t\t\t\t<div class=\"elementor-widget-container\">\n\t\t\t\t\t\t\t\t<nav aria-label=\"Menu\" class=\"elementor-nav-menu--main elementor-nav-menu__container elementor-nav-menu--layout-horizontal e--pointer-none\">\n\t\t\t\t<ul id=\"menu-1-a5e78cb\" class=\"elementor-nav-menu\"><li class=\"menu-item menu-item-type-post_type menu-item-object-page menu-item-3124\"><a href=\"https:\/\/www.cf-romandie.ch\/ncfrom\/pratiques\" class=\"elementor-item\">Pratiques<\/a><\/li>\n<li class=\"menu-item menu-item-type-post_type menu-item-object-page menu-item-3127\"><a href=\"https:\/\/www.cf-romandie.ch\/ncfrom\/pratiques\/histoire_cf\" class=\"elementor-item\">Un peu d\u2019histoire<\/a><\/li>\n<li class=\"menu-item menu-item-type-post_type menu-item-object-page menu-item-4212\"><a href=\"https:\/\/www.cf-romandie.ch\/ncfrom\/pratiques\/psychophanie\" class=\"elementor-item\">Psychophanie<\/a><\/li>\n<li class=\"menu-item menu-item-type-post_type menu-item-object-page menu-item-4211\"><a href=\"https:\/\/www.cf-romandie.ch\/ncfrom\/pratiques\/communication_facilitee\" class=\"elementor-item\">Communication Facilit\u00e9e<\/a><\/li>\n<li class=\"menu-item menu-item-type-post_type menu-item-object-page menu-item-4209\"><a href=\"https:\/\/www.cf-romandie.ch\/ncfrom\/pratiques\/facilitation_groupe\" class=\"elementor-item\">Facilitation en groupe<\/a><\/li>\n<li class=\"menu-item menu-item-type-post_type menu-item-object-page menu-item-4210\"><a href=\"https:\/\/www.cf-romandie.ch\/ncfrom\/pratiques\/geste_facilite\" class=\"elementor-item\">Geste facilit\u00e9<\/a><\/li>\n<li class=\"menu-item menu-item-type-post_type menu-item-object-page menu-item-3126\"><a href=\"https:\/\/www.cf-romandie.ch\/ncfrom\/pratiques\/peinture-facilitee\" class=\"elementor-item\">Peinture Facilit\u00e9e<\/a><\/li>\n<li class=\"menu-item menu-item-type-post_type menu-item-object-page menu-item-10758\"><a href=\"https:\/\/www.cf-romandie.ch\/ncfrom\/pratiques\/praticiens\" class=\"elementor-item\">Praticiens<\/a><\/li>\n<li class=\"menu-item menu-item-type-post_type menu-item-object-page menu-item-3129\"><a href=\"https:\/\/www.cf-romandie.ch\/ncfrom\/pratiques\/ethique\" class=\"elementor-item\">Ethique<\/a><\/li>\n<li class=\"menu-item menu-item-type-post_type menu-item-object-page menu-item-3125\"><a href=\"https:\/\/www.cf-romandie.ch\/ncfrom\/pratiques\/recherche\" class=\"elementor-item\">Recherche<\/a><\/li>\n<li class=\"menu-item menu-item-type-post_type menu-item-object-page menu-item-3142\"><a href=\"https:\/\/www.cf-romandie.ch\/ncfrom\/pratiques\/bibliographie_pratiques\" class=\"elementor-item\">Bibliographie<\/a><\/li>\n<li class=\"menu-item menu-item-type-post_type menu-item-object-page menu-item-3148\"><a href=\"https:\/\/www.cf-romandie.ch\/ncfrom\/pratiques\/liens_pratiques\" class=\"elementor-item\">Liens<\/a><\/li>\n<\/ul>\t\t\t<\/nav>\n\t\t\t\t\t<div class=\"elementor-menu-toggle\" role=\"button\" tabindex=\"0\" aria-label=\"Permuter le menu\" aria-expanded=\"false\">\n\t\t\t<i aria-hidden=\"true\" role=\"presentation\" class=\"elementor-menu-toggle__icon--open eicon-menu-bar\"><\/i><i aria-hidden=\"true\" role=\"presentation\" class=\"elementor-menu-toggle__icon--close eicon-close\"><\/i>\t\t<\/div>\n\t\t\t\t\t<nav class=\"elementor-nav-menu--dropdown elementor-nav-menu__container\" aria-hidden=\"true\">\n\t\t\t\t<ul id=\"menu-2-a5e78cb\" class=\"elementor-nav-menu\"><li class=\"menu-item menu-item-type-post_type menu-item-object-page menu-item-3124\"><a href=\"https:\/\/www.cf-romandie.ch\/ncfrom\/pratiques\" class=\"elementor-item\" tabindex=\"-1\">Pratiques<\/a><\/li>\n<li class=\"menu-item menu-item-type-post_type menu-item-object-page menu-item-3127\"><a href=\"https:\/\/www.cf-romandie.ch\/ncfrom\/pratiques\/histoire_cf\" class=\"elementor-item\" tabindex=\"-1\">Un peu d\u2019histoire<\/a><\/li>\n<li class=\"menu-item menu-item-type-post_type menu-item-object-page menu-item-4212\"><a href=\"https:\/\/www.cf-romandie.ch\/ncfrom\/pratiques\/psychophanie\" class=\"elementor-item\" tabindex=\"-1\">Psychophanie<\/a><\/li>\n<li class=\"menu-item menu-item-type-post_type menu-item-object-page menu-item-4211\"><a href=\"https:\/\/www.cf-romandie.ch\/ncfrom\/pratiques\/communication_facilitee\" class=\"elementor-item\" tabindex=\"-1\">Communication Facilit\u00e9e<\/a><\/li>\n<li class=\"menu-item menu-item-type-post_type menu-item-object-page menu-item-4209\"><a href=\"https:\/\/www.cf-romandie.ch\/ncfrom\/pratiques\/facilitation_groupe\" class=\"elementor-item\" tabindex=\"-1\">Facilitation en groupe<\/a><\/li>\n<li class=\"menu-item menu-item-type-post_type menu-item-object-page menu-item-4210\"><a href=\"https:\/\/www.cf-romandie.ch\/ncfrom\/pratiques\/geste_facilite\" class=\"elementor-item\" tabindex=\"-1\">Geste facilit\u00e9<\/a><\/li>\n<li class=\"menu-item menu-item-type-post_type menu-item-object-page menu-item-3126\"><a href=\"https:\/\/www.cf-romandie.ch\/ncfrom\/pratiques\/peinture-facilitee\" class=\"elementor-item\" tabindex=\"-1\">Peinture Facilit\u00e9e<\/a><\/li>\n<li class=\"menu-item menu-item-type-post_type menu-item-object-page menu-item-10758\"><a href=\"https:\/\/www.cf-romandie.ch\/ncfrom\/pratiques\/praticiens\" class=\"elementor-item\" tabindex=\"-1\">Praticiens<\/a><\/li>\n<li class=\"menu-item menu-item-type-post_type menu-item-object-page menu-item-3129\"><a href=\"https:\/\/www.cf-romandie.ch\/ncfrom\/pratiques\/ethique\" class=\"elementor-item\" tabindex=\"-1\">Ethique<\/a><\/li>\n<li class=\"menu-item menu-item-type-post_type menu-item-object-page menu-item-3125\"><a href=\"https:\/\/www.cf-romandie.ch\/ncfrom\/pratiques\/recherche\" class=\"elementor-item\" tabindex=\"-1\">Recherche<\/a><\/li>\n<li class=\"menu-item menu-item-type-post_type menu-item-object-page menu-item-3142\"><a href=\"https:\/\/www.cf-romandie.ch\/ncfrom\/pratiques\/bibliographie_pratiques\" class=\"elementor-item\" tabindex=\"-1\">Bibliographie<\/a><\/li>\n<li class=\"menu-item menu-item-type-post_type menu-item-object-page menu-item-3148\"><a href=\"https:\/\/www.cf-romandie.ch\/ncfrom\/pratiques\/liens_pratiques\" class=\"elementor-item\" tabindex=\"-1\">Liens<\/a><\/li>\n<\/ul>\t\t\t<\/nav>\n\t\t\t\t\t\t<\/div>\n\t\t\t\t<\/div>\n\t\t\t\t<div class=\"elementor-element elementor-element-e1c5ed3 elementor-widget elementor-widget-text-editor\" data-id=\"e1c5ed3\" data-element_type=\"widget\" data-e-type=\"widget\" data-widget_type=\"text-editor.default\">\n\t\t\t\t<div class=\"elementor-widget-container\">\n\t\t\t\t\t\t\t\t\t<h2>Communication Facilit\u00e9e<\/h2>\t\t\t\t\t\t\t\t<\/div>\n\t\t\t\t<\/div>\n\t\t\t\t\t<\/div>\n\t\t<\/div>\n\t\t\t\t\t<\/div>\n\t\t<\/section>\n\t\t\t\t<section class=\"elementor-section elementor-top-section elementor-element elementor-element-0665d00 elementor-section-boxed elementor-section-height-default elementor-section-height-default\" data-id=\"0665d00\" data-element_type=\"section\" data-e-type=\"section\">\n\t\t\t\t\t\t<div class=\"elementor-container elementor-column-gap-default\">\n\t\t\t\t\t<div class=\"elementor-column elementor-col-100 elementor-top-column elementor-element elementor-element-876bee3\" data-id=\"876bee3\" data-element_type=\"column\" data-e-type=\"column\">\n\t\t\t<div class=\"elementor-widget-wrap elementor-element-populated\">\n\t\t\t\t\t\t<div class=\"elementor-element elementor-element-8a37cac elementor-widget elementor-widget-text-editor\" data-id=\"8a37cac\" data-element_type=\"widget\" data-e-type=\"widget\" data-widget_type=\"text-editor.default\">\n\t\t\t\t<div class=\"elementor-widget-container\">\n\t\t\t\t\t\t\t\t\t<p align=\"justify\">La communication Facilit\u00e9e (appel\u00e9e couramment CF) est un moyen alternatif de communication propos\u00e9 notamment \u00e0 des adultes et \u00e0 des enfants ayant des difficult\u00e9s dans la communication verbale. Un partenaire appel\u00e9 facilitant soutient la main du facilit\u00e9 qui peut exprimer ses choix ou transmettre un message en pointant des objets, des images et\/ou des pictogrammes, des mots \u00e9crits ou des lettres sur un clavier.<\/p><p align=\"justify\">La Communication Facilit\u00e9e (CF) a pour but, en plus de la transmission d&rsquo;informations de besoins, de souhaits, &#8230;, de viser l\u2019apprentissage \u00e0 davantage d\u2019autonomie dans la communication.<\/p><p align=\"justify\">La Communication Facilit\u00e9e a \u00e9t\u00e9 d\u00e9velopp\u00e9e d\u2019abord aux USA, puis d\u00e8s 1987 en Australie. En francophonie europ\u00e9enne, elle est apparue dans les ann\u00e9es 1990 (voir : \u00ab <a href=\"https:\/\/www.cf-romandie.ch\/ncfrom\/pratiques\/histoire_cf\">Un peu d\u2019histoire<\/a> \u00bb).<\/p><p align=\"justify\">Sa pratique s\u2019adresse avant tout aux personnes en situation de handicap ayant la possibilit\u00e9 de d\u00e9signer des objets, des photos ou de pointer des lettres sur un clavier.<\/p><p align=\"justify\">Comme le montrent les 2 vid\u00e9os ci-dessous, sa pratique consiste \u00e0 soutenir l\u00e9g\u00e8rement le bras de la personne facilit\u00e9e, sans le guider.<\/p><h5><strong>Atelier de communication CF dans une institution de Suisse al\u00e9manique<\/strong><\/h5>\t\t\t\t\t\t\t\t<\/div>\n\t\t\t\t<\/div>\n\t\t\t\t\t<\/div>\n\t\t<\/div>\n\t\t\t\t\t<\/div>\n\t\t<\/section>\n\t\t\t\t<section class=\"elementor-section elementor-top-section elementor-element elementor-element-1630542 elementor-section-boxed elementor-section-height-default elementor-section-height-default\" data-id=\"1630542\" data-element_type=\"section\" data-e-type=\"section\">\n\t\t\t\t\t\t<div class=\"elementor-container elementor-column-gap-default\">\n\t\t\t\t\t<div class=\"elementor-column elementor-col-100 elementor-top-column elementor-element elementor-element-eb76a17\" data-id=\"eb76a17\" data-element_type=\"column\" data-e-type=\"column\">\n\t\t\t<div class=\"elementor-widget-wrap elementor-element-populated\">\n\t\t\t\t\t\t<div class=\"elementor-element elementor-element-f99f307 elementor-widget elementor-widget-spacer\" data-id=\"f99f307\" data-element_type=\"widget\" data-e-type=\"widget\" data-widget_type=\"spacer.default\">\n\t\t\t\t<div class=\"elementor-widget-container\">\n\t\t\t\t\t\t\t<div class=\"elementor-spacer\">\n\t\t\t<div class=\"elementor-spacer-inner\"><\/div>\n\t\t<\/div>\n\t\t\t\t\t\t<\/div>\n\t\t\t\t<\/div>\n\t\t\t\t<div class=\"elementor-element elementor-element-4d51092 elementor-widget elementor-widget-text-editor\" data-id=\"4d51092\" data-element_type=\"widget\" data-e-type=\"widget\" data-widget_type=\"text-editor.default\">\n\t\t\t\t<div class=\"elementor-widget-container\">\n\t\t\t\t\t\t\t\t\t<iframe src=\"https:\/\/player.vimeo.com\/video\/326616473\" width=\"640\" height=\"480\" frameborder=\"0\" allowfullscreen=\"allowfullscreen\"><\/iframe>\t\t\t\t\t\t\t\t<\/div>\n\t\t\t\t<\/div>\n\t\t\t\t\t<\/div>\n\t\t<\/div>\n\t\t\t\t\t<\/div>\n\t\t<\/section>\n\t\t\t\t<section class=\"elementor-section elementor-top-section elementor-element elementor-element-153ae07 elementor-section-boxed elementor-section-height-default elementor-section-height-default\" data-id=\"153ae07\" data-element_type=\"section\" data-e-type=\"section\">\n\t\t\t\t\t\t<div class=\"elementor-container elementor-column-gap-default\">\n\t\t\t\t\t<div class=\"elementor-column elementor-col-100 elementor-top-column elementor-element elementor-element-cf60da3\" data-id=\"cf60da3\" data-element_type=\"column\" data-e-type=\"column\">\n\t\t\t<div class=\"elementor-widget-wrap elementor-element-populated\">\n\t\t\t\t\t\t<div class=\"elementor-element elementor-element-7b65557 elementor-widget elementor-widget-spacer\" data-id=\"7b65557\" data-element_type=\"widget\" data-e-type=\"widget\" data-widget_type=\"spacer.default\">\n\t\t\t\t<div class=\"elementor-widget-container\">\n\t\t\t\t\t\t\t<div class=\"elementor-spacer\">\n\t\t\t<div class=\"elementor-spacer-inner\"><\/div>\n\t\t<\/div>\n\t\t\t\t\t\t<\/div>\n\t\t\t\t<\/div>\n\t\t\t\t<div class=\"elementor-element elementor-element-96f22e7 elementor-widget-divider--view-line elementor-widget elementor-widget-divider\" data-id=\"96f22e7\" data-element_type=\"widget\" data-e-type=\"widget\" data-widget_type=\"divider.default\">\n\t\t\t\t<div class=\"elementor-widget-container\">\n\t\t\t\t\t\t\t<div class=\"elementor-divider\">\n\t\t\t<span class=\"elementor-divider-separator\">\n\t\t\t\t\t\t<\/span>\n\t\t<\/div>\n\t\t\t\t\t\t<\/div>\n\t\t\t\t<\/div>\n\t\t\t\t<div class=\"elementor-element elementor-element-4fd86f7 elementor-widget elementor-widget-spacer\" data-id=\"4fd86f7\" data-element_type=\"widget\" data-e-type=\"widget\" data-widget_type=\"spacer.default\">\n\t\t\t\t<div class=\"elementor-widget-container\">\n\t\t\t\t\t\t\t<div class=\"elementor-spacer\">\n\t\t\t<div class=\"elementor-spacer-inner\"><\/div>\n\t\t<\/div>\n\t\t\t\t\t\t<\/div>\n\t\t\t\t<\/div>\n\t\t\t\t\t<\/div>\n\t\t<\/div>\n\t\t\t\t\t<\/div>\n\t\t<\/section>\n\t\t\t\t<section class=\"elementor-section elementor-top-section elementor-element elementor-element-3f9fa25 elementor-section-boxed elementor-section-height-default elementor-section-height-default\" data-id=\"3f9fa25\" data-element_type=\"section\" data-e-type=\"section\">\n\t\t\t\t\t\t<div class=\"elementor-container elementor-column-gap-default\">\n\t\t\t\t\t<div class=\"elementor-column elementor-col-100 elementor-top-column elementor-element elementor-element-140d269\" data-id=\"140d269\" data-element_type=\"column\" data-e-type=\"column\">\n\t\t\t<div class=\"elementor-widget-wrap elementor-element-populated\">\n\t\t\t\t\t\t<div class=\"elementor-element elementor-element-8490d60 elementor-widget elementor-widget-text-editor\" data-id=\"8490d60\" data-element_type=\"widget\" data-e-type=\"widget\" data-widget_type=\"text-editor.default\">\n\t\t\t\t<div class=\"elementor-widget-container\">\n\t\t\t\t\t\t\t\t\t<h5><strong>Vers l&rsquo;acquisition de la frappe autonome dans la communication<\/strong><\/h5>\t\t\t\t\t\t\t\t<\/div>\n\t\t\t\t<\/div>\n\t\t\t\t\t<\/div>\n\t\t<\/div>\n\t\t\t\t\t<\/div>\n\t\t<\/section>\n\t\t\t\t<section class=\"elementor-section elementor-top-section elementor-element elementor-element-869a0ca elementor-section-boxed elementor-section-height-default elementor-section-height-default\" data-id=\"869a0ca\" data-element_type=\"section\" data-e-type=\"section\">\n\t\t\t\t\t\t<div class=\"elementor-container elementor-column-gap-default\">\n\t\t\t\t\t<div class=\"elementor-column elementor-col-100 elementor-top-column elementor-element elementor-element-75751b7\" data-id=\"75751b7\" data-element_type=\"column\" data-e-type=\"column\">\n\t\t\t<div class=\"elementor-widget-wrap elementor-element-populated\">\n\t\t\t\t\t\t<div class=\"elementor-element elementor-element-4218e2d elementor-widget elementor-widget-spacer\" data-id=\"4218e2d\" data-element_type=\"widget\" data-e-type=\"widget\" data-widget_type=\"spacer.default\">\n\t\t\t\t<div class=\"elementor-widget-container\">\n\t\t\t\t\t\t\t<div class=\"elementor-spacer\">\n\t\t\t<div class=\"elementor-spacer-inner\"><\/div>\n\t\t<\/div>\n\t\t\t\t\t\t<\/div>\n\t\t\t\t<\/div>\n\t\t\t\t<div class=\"elementor-element elementor-element-9662984 elementor-widget elementor-widget-text-editor\" data-id=\"9662984\" data-element_type=\"widget\" data-e-type=\"widget\" data-widget_type=\"text-editor.default\">\n\t\t\t\t<div class=\"elementor-widget-container\">\n\t\t\t\t\t\t\t\t\t<iframe src=\"https:\/\/player.vimeo.com\/video\/326622815\" width=\"640\" height=\"480\" frameborder=\"0\" allowfullscreen=\"allowfullscreen\"><\/iframe>\t\t\t\t\t\t\t\t<\/div>\n\t\t\t\t<\/div>\n\t\t\t\t<div class=\"elementor-element elementor-element-bb4af22 elementor-widget elementor-widget-spacer\" data-id=\"bb4af22\" data-element_type=\"widget\" data-e-type=\"widget\" data-widget_type=\"spacer.default\">\n\t\t\t\t<div class=\"elementor-widget-container\">\n\t\t\t\t\t\t\t<div class=\"elementor-spacer\">\n\t\t\t<div class=\"elementor-spacer-inner\"><\/div>\n\t\t<\/div>\n\t\t\t\t\t\t<\/div>\n\t\t\t\t<\/div>\n\t\t\t\t\t<\/div>\n\t\t<\/div>\n\t\t\t\t\t<\/div>\n\t\t<\/section>\n\t\t\t\t<\/div>\n\t\t","protected":false},"excerpt":{"rendered":"<p>Communication Facilit\u00e9e Search Home Communication Facilit\u00e9e La communication Facilit\u00e9e (appel\u00e9e couramment CF) est un moyen alternatif de communication propos\u00e9 notamment \u00e0 des adultes et \u00e0 des enfants ayant des difficult\u00e9s dans la communication verbale. Un partenaire appel\u00e9 facilitant soutient la main du facilit\u00e9 qui peut exprimer ses choix ou transmettre un message en pointant des [&hellip;]<\/p>\n","protected":false},"author":1,"featured_media":0,"parent":2733,"menu_order":0,"comment_status":"closed","ping_status":"closed","template":"","meta":{"_acf_changed":false,"footnotes":""},"class_list":["post-4193","page","type-page","status-publish","hentry"],"acf":[],"_links":{"self":[{"href":"https:\/\/www.cf-romandie.ch\/ncfrom\/wp-json\/wp\/v2\/pages\/4193","targetHints":{"allow":["GET"]}}],"collection":[{"href":"https:\/\/www.cf-romandie.ch\/ncfrom\/wp-json\/wp\/v2\/pages"}],"about":[{"href":"https:\/\/www.cf-romandie.ch\/ncfrom\/wp-json\/wp\/v2\/types\/page"}],"author":[{"embeddable":true,"href":"https:\/\/www.cf-romandie.ch\/ncfrom\/wp-json\/wp\/v2\/users\/1"}],"replies":[{"embeddable":true,"href":"https:\/\/www.cf-romandie.ch\/ncfrom\/wp-json\/wp\/v2\/comments?post=4193"}],"version-history":[{"count":21,"href":"https:\/\/www.cf-romandie.ch\/ncfrom\/wp-json\/wp\/v2\/pages\/4193\/revisions"}],"predecessor-version":[{"id":12435,"href":"https:\/\/www.cf-romandie.ch\/ncfrom\/wp-json\/wp\/v2\/pages\/4193\/revisions\/12435"}],"up":[{"embeddable":true,"href":"https:\/\/www.cf-romandie.ch\/ncfrom\/wp-json\/wp\/v2\/pages\/2733"}],"wp:attachment":[{"href":"https:\/\/www.cf-romandie.ch\/ncfrom\/wp-json\/wp\/v2\/media?parent=4193"}],"curies":[{"name":"wp","href":"https:\/\/api.w.org\/{rel}","templated":true}]}}