{"id":4317,"date":"2020-05-05T15:48:25","date_gmt":"2020-05-05T14:48:25","guid":{"rendered":"https:\/\/www.cf-romandie.ch\/ncfrom\/membres\/accueil-membre-copy"},"modified":"2024-03-04T13:06:47","modified_gmt":"2024-03-04T12:06:47","slug":"accueil-membre2","status":"publish","type":"page","link":"https:\/\/www.cf-romandie.ch\/ncfrom\/membres\/accueil-membre2","title":{"rendered":"Espace pour les membres"},"content":{"rendered":"\t\t<div data-elementor-type=\"wp-page\" data-elementor-id=\"4317\" class=\"elementor elementor-4317\" data-elementor-post-type=\"page\">\n\t\t\t\t\t\t<section class=\"elementor-section elementor-top-section elementor-element elementor-element-08afc7d elementor-section-boxed elementor-section-height-default elementor-section-height-default\" data-id=\"08afc7d\" data-element_type=\"section\" data-e-type=\"section\" data-settings=\"{&quot;background_background&quot;:&quot;classic&quot;}\">\n\t\t\t\t\t\t<div class=\"elementor-container elementor-column-gap-default\">\n\t\t\t\t\t<div class=\"elementor-column elementor-col-100 elementor-top-column elementor-element elementor-element-783a032\" data-id=\"783a032\" data-element_type=\"column\" data-e-type=\"column\">\n\t\t\t<div class=\"elementor-widget-wrap elementor-element-populated\">\n\t\t\t\t\t\t<section class=\"elementor-section elementor-inner-section elementor-element elementor-element-77c96b4 elementor-section-height-min-height elementor-section-boxed elementor-section-height-default\" data-id=\"77c96b4\" data-element_type=\"section\" data-e-type=\"section\">\n\t\t\t\t\t\t<div class=\"elementor-container elementor-column-gap-default\">\n\t\t\t\t\t<div class=\"elementor-column elementor-col-50 elementor-inner-column elementor-element elementor-element-5b16e69\" data-id=\"5b16e69\" data-element_type=\"column\" data-e-type=\"column\">\n\t\t\t<div class=\"elementor-widget-wrap elementor-element-populated\">\n\t\t\t\t\t\t<div class=\"elementor-element elementor-element-ab26f33 elementor-widget elementor-widget-heading\" data-id=\"ab26f33\" data-element_type=\"widget\" data-e-type=\"widget\" data-widget_type=\"heading.default\">\n\t\t\t\t<div class=\"elementor-widget-container\">\n\t\t\t\t\t<h4 class=\"elementor-heading-title elementor-size-default\">Espace membre<\/h4>\t\t\t\t<\/div>\n\t\t\t\t<\/div>\n\t\t\t\t\t<\/div>\n\t\t<\/div>\n\t\t\t\t<div class=\"elementor-column elementor-col-50 elementor-inner-column elementor-element elementor-element-1f5cbd4\" data-id=\"1f5cbd4\" data-element_type=\"column\" data-e-type=\"column\">\n\t\t\t<div class=\"elementor-widget-wrap elementor-element-populated\">\n\t\t\t\t\t\t<div class=\"elementor-element elementor-element-17d863f elementor-widget elementor-widget-raven-search-form\" data-id=\"17d863f\" data-element_type=\"widget\" data-e-type=\"widget\" data-settings=\"{&quot;_skin&quot;:&quot;classic&quot;}\" data-widget_type=\"raven-search-form.classic\">\n\t\t\t\t<div class=\"elementor-widget-container\">\n\t\t\t\t\t\t\t<form class=\"raven-search-form raven-search-form-classic\" method=\"get\" action=\"https:\/\/www.cf-romandie.ch\/ncfrom\/\" role=\"search\">\n\t\t\t<div class=\"raven-search-form-container\">\n\t\t\t\t<div class=\"raven-search-form-inner\">\n\t\t\t\t\t<label class=\"elementor-screen-only\" for=\"raven-search-form-input\">Search<\/label>\n\t\t\t\t\t<input id=\"raven-search-form-input\" class=\"raven-search-form-input\" type=\"search\" name=\"s\" placeholder=\"Rechercher...\" \/>\n\t\t\t\t\t\t\t\t\t\t\t\t\t\t\t\t\t\t<button class=\"raven-search-form-button raven-search-form-button-svg\" type=\"submit\" aria-label=\"Search\">\n\t\t\t\t\t\t\t\t\t<i class=\"fas fa-search\"><\/i>\t\t\t\t\t\t\t\t<\/button>\n\t\t\t\t\t\t\t\t\t\t\t\t\t\t\t\t\t<\/div>\n\t\t\t<\/div>\n\t\t<\/form>\n\t\t\t\t\t\t<\/div>\n\t\t\t\t<\/div>\n\t\t\t\t\t<\/div>\n\t\t<\/div>\n\t\t\t\t\t<\/div>\n\t\t<\/section>\n\t\t\t\t\t<\/div>\n\t\t<\/div>\n\t\t\t\t\t<\/div>\n\t\t<\/section>\n\t\t\t\t<section class=\"elementor-section elementor-top-section elementor-element elementor-element-89a61b9 elementor-section-full_width elementor-section-height-default elementor-section-height-default\" data-id=\"89a61b9\" data-element_type=\"section\" data-e-type=\"section\" data-settings=\"{&quot;background_background&quot;:&quot;classic&quot;}\">\n\t\t\t\t\t\t<div class=\"elementor-container elementor-column-gap-default\">\n\t\t\t\t\t<div class=\"elementor-column elementor-col-100 elementor-top-column elementor-element elementor-element-5210cc8\" data-id=\"5210cc8\" data-element_type=\"column\" data-e-type=\"column\">\n\t\t\t<div class=\"elementor-widget-wrap elementor-element-populated\">\n\t\t\t\t\t\t<section class=\"elementor-section elementor-inner-section elementor-element elementor-element-7d706db elementor-section-boxed elementor-section-height-default elementor-section-height-default\" data-id=\"7d706db\" data-element_type=\"section\" data-e-type=\"section\">\n\t\t\t\t\t\t<div class=\"elementor-container elementor-column-gap-default\">\n\t\t\t\t\t<div class=\"elementor-column elementor-col-100 elementor-inner-column elementor-element elementor-element-e2d225a\" data-id=\"e2d225a\" data-element_type=\"column\" data-e-type=\"column\">\n\t\t\t<div class=\"elementor-widget-wrap elementor-element-populated\">\n\t\t\t\t\t\t<div class=\"elementor-element elementor-element-86528fc elementor-align-center elementor-widget elementor-widget-raven-breadcrumbs\" data-id=\"86528fc\" data-element_type=\"widget\" data-e-type=\"widget\" data-widget_type=\"raven-breadcrumbs.default\">\n\t\t\t\t<div class=\"elementor-widget-container\">\n\t\t\t\t\t<div class=\"raven-breadcrumbs raven-breadcrumbs-default\"><div class=\"breadcrumb\">\t\t\t\t\t\t\t\t<div class=\"breadcrumb-item active\" aria-current=\"page\"><span>Home<\/span><\/div>\n\n\t\t\t\t<\/div><\/div>\t\t\t\t<\/div>\n\t\t\t\t<\/div>\n\t\t\t\t\t<\/div>\n\t\t<\/div>\n\t\t\t\t\t<\/div>\n\t\t<\/section>\n\t\t\t\t<div class=\"elementor-element elementor-element-7b3aaa4 elementor-nav-menu--dropdown-tablet elementor-nav-menu__text-align-aside elementor-nav-menu--toggle elementor-nav-menu--burger elementor-widget elementor-widget-nav-menu\" data-id=\"7b3aaa4\" data-element_type=\"widget\" data-e-type=\"widget\" data-settings=\"{&quot;layout&quot;:&quot;horizontal&quot;,&quot;submenu_icon&quot;:{&quot;value&quot;:&quot;&lt;i class=\\&quot;fas fa-caret-down\\&quot; aria-hidden=\\&quot;true\\&quot;&gt;&lt;\\\/i&gt;&quot;,&quot;library&quot;:&quot;fa-solid&quot;},&quot;toggle&quot;:&quot;burger&quot;}\" data-widget_type=\"nav-menu.default\">\n\t\t\t\t<div class=\"elementor-widget-container\">\n\t\t\t\t\t\t\t\t<nav aria-label=\"Menu\" class=\"elementor-nav-menu--main elementor-nav-menu__container elementor-nav-menu--layout-horizontal e--pointer-none\">\n\t\t\t\t<ul id=\"menu-1-7b3aaa4\" class=\"elementor-nav-menu\"><li class=\"menu-item menu-item-type-post_type menu-item-object-page menu-item-4431\"><a href=\"https:\/\/www.cf-romandie.ch\/ncfrom\/membres\/accueil-membre2\" class=\"elementor-item\">Espace membres<\/a><\/li>\n<li class=\"menu-item menu-item-type-post_type menu-item-object-page menu-item-4389\"><a href=\"https:\/\/www.cf-romandie.ch\/ncfrom\/membres\/accueil-membre2\/lectures-membres2\" class=\"elementor-item\">Lectures int\u00e9ressantes<\/a><\/li>\n<li class=\"menu-item menu-item-type-post_type menu-item-object-page menu-item-4388\"><a href=\"https:\/\/www.cf-romandie.ch\/ncfrom\/membres\/accueil-membre2\/commission-facilitants2\" class=\"elementor-item\">Aspects pratiques<\/a><\/li>\n<li class=\"menu-item menu-item-type-post_type menu-item-object-page menu-item-4387\"><a href=\"https:\/\/www.cf-romandie.ch\/ncfrom\/membres\/accueil-membre2\/documents-divers2\" class=\"elementor-item\">Documents divers<\/a><\/li>\n<li class=\"menu-item menu-item-type-post_type menu-item-object-page menu-item-10505\"><a href=\"https:\/\/www.cf-romandie.ch\/ncfrom\/logout\" class=\"elementor-item\">Se d\u00e9connecter<\/a><\/li>\n<\/ul>\t\t\t<\/nav>\n\t\t\t\t\t<div class=\"elementor-menu-toggle\" role=\"button\" tabindex=\"0\" aria-label=\"Permuter le menu\" aria-expanded=\"false\">\n\t\t\t<i aria-hidden=\"true\" role=\"presentation\" class=\"elementor-menu-toggle__icon--open eicon-menu-bar\"><\/i><i aria-hidden=\"true\" role=\"presentation\" class=\"elementor-menu-toggle__icon--close eicon-close\"><\/i>\t\t<\/div>\n\t\t\t\t\t<nav class=\"elementor-nav-menu--dropdown elementor-nav-menu__container\" aria-hidden=\"true\">\n\t\t\t\t<ul id=\"menu-2-7b3aaa4\" class=\"elementor-nav-menu\"><li class=\"menu-item menu-item-type-post_type menu-item-object-page menu-item-4431\"><a href=\"https:\/\/www.cf-romandie.ch\/ncfrom\/membres\/accueil-membre2\" class=\"elementor-item\" tabindex=\"-1\">Espace membres<\/a><\/li>\n<li class=\"menu-item menu-item-type-post_type menu-item-object-page menu-item-4389\"><a href=\"https:\/\/www.cf-romandie.ch\/ncfrom\/membres\/accueil-membre2\/lectures-membres2\" class=\"elementor-item\" tabindex=\"-1\">Lectures int\u00e9ressantes<\/a><\/li>\n<li class=\"menu-item menu-item-type-post_type menu-item-object-page menu-item-4388\"><a href=\"https:\/\/www.cf-romandie.ch\/ncfrom\/membres\/accueil-membre2\/commission-facilitants2\" class=\"elementor-item\" tabindex=\"-1\">Aspects pratiques<\/a><\/li>\n<li class=\"menu-item menu-item-type-post_type menu-item-object-page menu-item-4387\"><a href=\"https:\/\/www.cf-romandie.ch\/ncfrom\/membres\/accueil-membre2\/documents-divers2\" class=\"elementor-item\" tabindex=\"-1\">Documents divers<\/a><\/li>\n<li class=\"menu-item menu-item-type-post_type menu-item-object-page menu-item-10505\"><a href=\"https:\/\/www.cf-romandie.ch\/ncfrom\/logout\" class=\"elementor-item\" tabindex=\"-1\">Se d\u00e9connecter<\/a><\/li>\n<\/ul>\t\t\t<\/nav>\n\t\t\t\t\t\t<\/div>\n\t\t\t\t<\/div>\n\t\t\t\t\t<\/div>\n\t\t<\/div>\n\t\t\t\t\t<\/div>\n\t\t<\/section>\n\t\t\t\t<section class=\"elementor-section elementor-top-section elementor-element elementor-element-c4cb1d5 elementor-section-boxed elementor-section-height-default elementor-section-height-default\" data-id=\"c4cb1d5\" data-element_type=\"section\" data-e-type=\"section\">\n\t\t\t\t\t\t<div class=\"elementor-container elementor-column-gap-default\">\n\t\t\t\t\t<div class=\"elementor-column elementor-col-100 elementor-top-column elementor-element elementor-element-61e226f\" data-id=\"61e226f\" data-element_type=\"column\" data-e-type=\"column\">\n\t\t\t<div class=\"elementor-widget-wrap elementor-element-populated\">\n\t\t\t\t\t\t<div class=\"elementor-element elementor-element-41571a0 elementor-widget elementor-widget-spacer\" data-id=\"41571a0\" data-element_type=\"widget\" data-e-type=\"widget\" data-widget_type=\"spacer.default\">\n\t\t\t\t<div class=\"elementor-widget-container\">\n\t\t\t\t\t\t\t<div class=\"elementor-spacer\">\n\t\t\t<div class=\"elementor-spacer-inner\"><\/div>\n\t\t<\/div>\n\t\t\t\t\t\t<\/div>\n\t\t\t\t<\/div>\n\t\t\t\t<div class=\"elementor-element elementor-element-f4f12e1 elementor-widget elementor-widget-text-editor\" data-id=\"f4f12e1\" data-element_type=\"widget\" data-e-type=\"widget\" data-widget_type=\"text-editor.default\">\n\t\t\t\t<div class=\"elementor-widget-container\">\n\t\t\t\t\t<p>Vous n'\u00eates pas connect\u00e9.e correctement.<\/p><p><a href=\"https:\/\/www.cf-romandie.ch\/ncfrom\/login-2\">Veuillez entrer vos coordonn\u00e9es sous Login<\/a><\/p>\t\t\t\t<\/div>\n\t\t\t\t<\/div>\n\t\t\t\t\t<\/div>\n\t\t<\/div>\n\t\t\t\t\t<\/div>\n\t\t<\/section>\n\t\t\t\t<section class=\"elementor-section elementor-top-section elementor-element elementor-element-321b39a elementor-section-boxed elementor-section-height-default elementor-section-height-default\" data-id=\"321b39a\" data-element_type=\"section\" data-e-type=\"section\">\n\t\t\t\t\t\t<div class=\"elementor-container elementor-column-gap-default\">\n\t\t\t\t\t<div class=\"elementor-column elementor-col-100 elementor-top-column elementor-element elementor-element-d76bfad\" data-id=\"d76bfad\" data-element_type=\"column\" data-e-type=\"column\">\n\t\t\t<div class=\"elementor-widget-wrap elementor-element-populated\">\n\t\t\t\t\t\t<div class=\"elementor-element elementor-element-13c31fa elementor-align-center elementor-widget elementor-widget-button\" data-id=\"13c31fa\" data-element_type=\"widget\" data-e-type=\"widget\" data-widget_type=\"button.default\">\n\t\t\t\t<div class=\"elementor-widget-container\">\n\t\t\t\t\t<style>.elementor-element-13c31fa{ display: none; }<\/style>\t\t\t\t<\/div>\n\t\t\t\t<\/div>\n\t\t\t\t<div class=\"elementor-element elementor-element-1fa8436 elementor-align-center elementor-widget elementor-widget-button\" data-id=\"1fa8436\" data-element_type=\"widget\" data-e-type=\"widget\" data-widget_type=\"button.default\">\n\t\t\t\t<div class=\"elementor-widget-container\">\n\t\t\t\t\t<style>.elementor-element-1fa8436{ display: none; }<\/style>\t\t\t\t<\/div>\n\t\t\t\t<\/div>\n\t\t\t\t\t<\/div>\n\t\t<\/div>\n\t\t\t\t\t<\/div>\n\t\t<\/section>\n\t\t\t\t<section class=\"elementor-section elementor-top-section elementor-element elementor-element-8c11be2 elementor-section-boxed elementor-section-height-default elementor-section-height-default\" data-id=\"8c11be2\" data-element_type=\"section\" data-e-type=\"section\">\n\t\t\t\t\t\t<div class=\"elementor-container elementor-column-gap-default\">\n\t\t\t\t\t<div class=\"elementor-column elementor-col-100 elementor-top-column elementor-element elementor-element-0306bb6\" data-id=\"0306bb6\" data-element_type=\"column\" data-e-type=\"column\">\n\t\t\t<div class=\"elementor-widget-wrap elementor-element-populated\">\n\t\t\t\t\t\t<div class=\"elementor-element elementor-element-4ecfe75 elementor-widget elementor-widget-text-editor\" data-id=\"4ecfe75\" data-element_type=\"widget\" data-e-type=\"widget\" data-widget_type=\"text-editor.default\">\n\t\t\t\t<div class=\"elementor-widget-container\">\n\t\t\t\t\t<style>.elementor-element-4ecfe75{ display: none; }<\/style>\t\t\t\t<\/div>\n\t\t\t\t<\/div>\n\t\t\t\t\t<\/div>\n\t\t<\/div>\n\t\t\t\t\t<\/div>\n\t\t<\/section>\n\t\t\t\t<\/div>\n\t\t","protected":false},"excerpt":{"rendered":"<p>Espace membre Home Bienvenue dans l&rsquo;espace membre de CF-Romandie ! Acc\u00e8s r\u00e9serv\u00e9 au Comit\u00e9 Acc\u00e8s r\u00e9serv\u00e9 : Recherche Voici les contenus auxquels vous avez acc\u00e8s en tant que membre : Des livres et des articles pour faire des liens avec ce que l&rsquo;on peut vivre autour de la communication en facilitation. Quelques questions d&rsquo;ordre pratique [&hellip;]<\/p>\n","protected":false},"author":1,"featured_media":0,"parent":43,"menu_order":0,"comment_status":"closed","ping_status":"closed","template":"","meta":{"_acf_changed":false,"footnotes":""},"class_list":["post-4317","page","type-page","status-publish","hentry"],"acf":[],"_links":{"self":[{"href":"https:\/\/www.cf-romandie.ch\/ncfrom\/wp-json\/wp\/v2\/pages\/4317","targetHints":{"allow":["GET"]}}],"collection":[{"href":"https:\/\/www.cf-romandie.ch\/ncfrom\/wp-json\/wp\/v2\/pages"}],"about":[{"href":"https:\/\/www.cf-romandie.ch\/ncfrom\/wp-json\/wp\/v2\/types\/page"}],"author":[{"embeddable":true,"href":"https:\/\/www.cf-romandie.ch\/ncfrom\/wp-json\/wp\/v2\/users\/1"}],"replies":[{"embeddable":true,"href":"https:\/\/www.cf-romandie.ch\/ncfrom\/wp-json\/wp\/v2\/comments?post=4317"}],"version-history":[{"count":90,"href":"https:\/\/www.cf-romandie.ch\/ncfrom\/wp-json\/wp\/v2\/pages\/4317\/revisions"}],"predecessor-version":[{"id":12036,"href":"https:\/\/www.cf-romandie.ch\/ncfrom\/wp-json\/wp\/v2\/pages\/4317\/revisions\/12036"}],"up":[{"embeddable":true,"href":"https:\/\/www.cf-romandie.ch\/ncfrom\/wp-json\/wp\/v2\/pages\/43"}],"wp:attachment":[{"href":"https:\/\/www.cf-romandie.ch\/ncfrom\/wp-json\/wp\/v2\/media?parent=4317"}],"curies":[{"name":"wp","href":"https:\/\/api.w.org\/{rel}","templated":true}]}}